{"id":757072,"date":"2025-08-28T07:25:59","date_gmt":"2025-08-28T04:25:59","guid":{"rendered":"https:\/\/roveyayinevi.com.tr\/index.php\/urun\/sagim-solum-matematik-gunluk-hayatta-matematik\/"},"modified":"2026-04-16T03:10:03","modified_gmt":"2026-04-16T00:10:03","slug":"sagim-solum-matematik-gunluk-hayatta-matematik","status":"publish","type":"product","link":"https:\/\/roveyayinevi.com.tr\/index.php\/urun\/sagim-solum-matematik-gunluk-hayatta-matematik\/","title":{"rendered":"Sa\u011f\u0131m Solum Matematik &#8211; G\u00fcnl\u00fck Hayatta Matematik"},"content":{"rendered":"<p>Matematik dersiyle aran nas\u0131l? Sen de \u2018Matematik g\u00fcnl\u00fck hayat\u0131mda ne i\u015fe yarayacak?\u2019 diye soranlardan m\u0131s\u0131n? Arad\u0131\u011f\u0131n cevap eline geldi. Elinde s\u0131k\u0131 s\u0131k\u0131 tuttu\u011fun kitap sana matemati\u011fin, ya\u015fam\u0131n\u0131n \u00e7ok \u00f6nemli bir par\u00e7as\u0131 oldu\u011funu g\u00f6sterecek. K\u00fcme k\u00fcme k\u00fcmelerden pek keskin kesirlere, g\u00fcler y\u00fczl\u00fc y\u00fczdelerden \u00e7\u0131lg\u0131n ondal\u0131klara kadar bir\u00e7ok konuda kafanda \u0131\u015f\u0131klar yanacak. Bu kitab\u0131 okuduktan sonra matemati\u011fe bak\u0131\u015f\u0131n de\u011fi\u015fecek, onunla arandaki buzlar tamamen eriyecek.Haydi, matemati\u011fin ya\u015fam\u0131m\u0131za nas\u0131l s\u00fcz\u00fclerek girdi\u011fini g\u00f6remeye ba\u015flayal\u0131m!<\/p>\n","protected":false},"excerpt":{"rendered":"<p>Matematik dersiyle aran nas\u0131l? Sen de \u2018Matematik g\u00fcnl\u00fck hayat\u0131mda ne i\u015fe yarayacak?\u2019 diye soranlardan m\u0131s\u0131n? Arad\u0131\u011f\u0131n cevap eline geldi. Elinde s\u0131k\u0131 s\u0131k\u0131 tuttu\u011fun kitap sana matemati\u011fin,<span class=\"excerpt-hellip\"> [\u2026]<\/span><\/p>\n","protected":false},"featured_media":0,"template":"","meta":{"_monsterinsights_skip_tracking":false,"_monsterinsights_sitenote_active":false,"_monsterinsights_sitenote_note":"","_monsterinsights_sitenote_category":0},"product_brand":[],"product_cat":[13829,12274],"product_tag":[],"class_list":{"0":"post-757072","1":"product","2":"type-product","3":"status-publish","5":"product_cat-bilimsel-kitaplar","6":"product_cat-cocuk-ve-genclik-kitaplari","7":"pa_cilt-ciltsiz","8":"pa_tur-kitap","9":"pa_yayinevi-eglenceli-bilgi-yayinlari","10":"pa_yazar-ebru-arik","12":"first","13":"instock","14":"sale","15":"shipping-taxable","16":"purchasable","17":"product-type-simple"},"_links":{"self":[{"href":"https:\/\/roveyayinevi.com.tr\/index.php\/wp-json\/wp\/v2\/product\/757072","targetHints":{"allow":["GET"]}}],"collection":[{"href":"https:\/\/roveyayinevi.com.tr\/index.php\/wp-json\/wp\/v2\/product"}],"about":[{"href":"https:\/\/roveyayinevi.com.tr\/index.php\/wp-json\/wp\/v2\/types\/product"}],"wp:attachment":[{"href":"https:\/\/roveyayinevi.com.tr\/index.php\/wp-json\/wp\/v2\/media?parent=757072"}],"wp:term":[{"taxonomy":"product_brand","embeddable":true,"href":"https:\/\/roveyayinevi.com.tr\/index.php\/wp-json\/wp\/v2\/product_brand?post=757072"},{"taxonomy":"product_cat","embeddable":true,"href":"https:\/\/roveyayinevi.com.tr\/index.php\/wp-json\/wp\/v2\/product_cat?post=757072"},{"taxonomy":"product_tag","embeddable":true,"href":"https:\/\/roveyayinevi.com.tr\/index.php\/wp-json\/wp\/v2\/product_tag?post=757072"}],"curies":[{"name":"wp","href":"https:\/\/api.w.org\/{rel}","templated":true}]}}