{"id":757071,"date":"2025-08-28T07:25:57","date_gmt":"2025-08-28T04:25:57","guid":{"rendered":"https:\/\/roveyayinevi.com.tr\/index.php\/urun\/iki-kucuk-su-ejderhasi\/"},"modified":"2026-04-16T03:10:03","modified_gmt":"2026-04-16T00:10:03","slug":"iki-kucuk-su-ejderhasi","status":"publish","type":"product","link":"https:\/\/roveyayinevi.com.tr\/index.php\/urun\/iki-kucuk-su-ejderhasi\/","title":{"rendered":"\u0130ki K\u00fc\u00e7\u00fck Su Ejderhas\u0131"},"content":{"rendered":"<p>Hollanda&#8217;dan Filipinler&#8217;e uzanan \u0130ki K\u00fc\u00e7\u00fck Su Ejderhas\u0131&#8217;n\u0131n umut dolu hik\u00e2yesi&#8230; Leoni, babas\u0131n\u0131n i\u015fleri nedeniyle yaz tatilini Filinpinler&#8217;de ge\u00e7irmek zorundad\u0131r. Gitti\u011fi bu yeni \u00fclkede Liwey ile tan\u0131\u015f\u0131r ve aralar\u0131nda muazzam bir dostluk ba\u015flar.  Ancak Liwey ve Lumad halk\u0131n\u0131n ba\u015f\u0131, topraklar\u0131n\u0131 ele ge\u00e7irmek isteyen birtak\u0131m insanlarla derttedir. Leoni ilk defa geldi\u011fi bu \u00fclkede kendisini derinden etkileyen bir beraberlik hissiyle kar\u015f\u0131la\u015f\u0131r.Leoni; Liwey ve Lumad halk\u0131n\u0131n \u00e7abas\u0131n\u0131, babaannesinin kendisine anlatt\u0131\u011f\u0131 efsanevi hik\u00e2yedeki su ejderhalar\u0131na benzetir. \u015eimdi iki k\u00fc\u00e7\u00fck ejderha Liwey ve Lumad halk\u0131n\u0131n, topraklar\u0131n\u0131 ve e\u011fitim haklar\u0131n\u0131 tekrar kazanmalar\u0131 i\u00e7in bir \u015feyler yapmak zorundad\u0131r\u2026<\/p>\n","protected":false},"excerpt":{"rendered":"<p>Hollanda&#8217;dan Filipinler&#8217;e uzanan \u0130ki K\u00fc\u00e7\u00fck Su Ejderhas\u0131&#8217;n\u0131n umut dolu hik\u00e2yesi&#8230; Leoni, babas\u0131n\u0131n i\u015fleri nedeniyle yaz tatilini Filinpinler&#8217;de ge\u00e7irmek zorundad\u0131r. Gitti\u011fi bu yeni \u00fclkede Liwey ile tan\u0131\u015f\u0131r<span class=\"excerpt-hellip\"> [\u2026]<\/span><\/p>\n","protected":false},"featured_media":0,"template":"","meta":{"_monsterinsights_skip_tracking":false,"_monsterinsights_sitenote_active":false,"_monsterinsights_sitenote_note":"","_monsterinsights_sitenote_category":0},"product_brand":[],"product_cat":[12291,14777],"product_tag":[],"class_list":{"0":"post-757071","1":"product","2":"type-product","3":"status-publish","5":"product_cat-edebiyat","6":"product_cat-fantastik","7":"pa_cilt-ciltsiz","8":"pa_tur-kitap","9":"pa_yayinevi-carpe-diem-kitaplari","10":"pa_yazar-ilena-saturay-isolde-boers","12":"first","13":"instock","14":"sale","15":"shipping-taxable","16":"purchasable","17":"product-type-simple"},"_links":{"self":[{"href":"https:\/\/roveyayinevi.com.tr\/index.php\/wp-json\/wp\/v2\/product\/757071","targetHints":{"allow":["GET"]}}],"collection":[{"href":"https:\/\/roveyayinevi.com.tr\/index.php\/wp-json\/wp\/v2\/product"}],"about":[{"href":"https:\/\/roveyayinevi.com.tr\/index.php\/wp-json\/wp\/v2\/types\/product"}],"wp:attachment":[{"href":"https:\/\/roveyayinevi.com.tr\/index.php\/wp-json\/wp\/v2\/media?parent=757071"}],"wp:term":[{"taxonomy":"product_brand","embeddable":true,"href":"https:\/\/roveyayinevi.com.tr\/index.php\/wp-json\/wp\/v2\/product_brand?post=757071"},{"taxonomy":"product_cat","embeddable":true,"href":"https:\/\/roveyayinevi.com.tr\/index.php\/wp-json\/wp\/v2\/product_cat?post=757071"},{"taxonomy":"product_tag","embeddable":true,"href":"https:\/\/roveyayinevi.com.tr\/index.php\/wp-json\/wp\/v2\/product_tag?post=757071"}],"curies":[{"name":"wp","href":"https:\/\/api.w.org\/{rel}","templated":true}]}}