{"id":757070,"date":"2025-08-28T07:25:56","date_gmt":"2025-08-28T04:25:56","guid":{"rendered":"https:\/\/roveyayinevi.com.tr\/index.php\/urun\/artik-kendin-icin\/"},"modified":"2026-04-16T03:10:03","modified_gmt":"2026-04-16T00:10:03","slug":"artik-kendin-icin","status":"publish","type":"product","link":"https:\/\/roveyayinevi.com.tr\/index.php\/urun\/artik-kendin-icin\/","title":{"rendered":"Art\u0131k Kendin \u0130\u00e7in"},"content":{"rendered":"<p>\u201cBEN BA\u015eIMA GELENLER\u0130N TOPLAMI DE\u011e\u0130L\u0130M, OLMAYI SE\u00c7T\u0130\u011e\u0130M K\u0130\u015e\u0130Y\u0130M.\u201d -CARL G. JUNG Kendi hik\u00e2yende verdi\u011fin m\u00fccadele i\u00e7inde art\u0131k de\u011fi\u015ftirebilece\u011fin tek ki\u015finin kendin oldu\u011funu fark etti\u011fin bir d\u00f6nemdeysen ve art\u0131k kendine iyi gelmek istiyorsan, de\u011fi\u015ftirmeye \u00e7al\u0131\u015ft\u0131klar\u0131ndan art\u0131k fazlas\u0131yla yorulduysan ve art\u0131k kendine iyi gelmen gerekti\u011fine karar verdiysen b\u00fct\u00fcn bunlar \u015fu an bu kitaba denk gelmenin sebebi olabilir. Seans odalar\u0131nda y\u0131llarca g\u00f6zlemledi\u011fim kadar\u0131yla insan\u0131n yeni maceras\u0131 \u201cArt\u0131k kendim i\u00e7in&#8230;\u201d dedi\u011fi noktada ba\u015fl\u0131yor. Bu kitapta farkl\u0131 yerlerden ser\u00fcvenine dokunacak bir\u00e7ok psikolojik bilgiyi bir araya getirdim. Bazen bir terapist, bazen do\u011frularla can\u0131n\u0131 yakan bir arkada\u015f gibi olaca\u011f\u0131m sana. Bu yolculukta sana e\u015flik etmeme izin verdi\u011fin i\u00e7in te\u015fekk\u00fcr ederim&#8230; <\/p>\n","protected":false},"excerpt":{"rendered":"<p>\u201cBEN BA\u015eIMA GELENLER\u0130N TOPLAMI DE\u011e\u0130L\u0130M, OLMAYI SE\u00c7T\u0130\u011e\u0130M K\u0130\u015e\u0130Y\u0130M.\u201d -CARL G. JUNG Kendi hik\u00e2yende verdi\u011fin m\u00fccadele i\u00e7inde art\u0131k de\u011fi\u015ftirebilece\u011fin tek ki\u015finin kendin oldu\u011funu fark etti\u011fin bir d\u00f6nemdeysen<span class=\"excerpt-hellip\"> [\u2026]<\/span><\/p>\n","protected":false},"featured_media":0,"template":"","meta":{"_monsterinsights_skip_tracking":false,"_monsterinsights_sitenote_active":false,"_monsterinsights_sitenote_note":"","_monsterinsights_sitenote_category":0},"product_brand":[],"product_cat":[12364,12376],"product_tag":[],"class_list":{"0":"post-757070","1":"product","2":"type-product","3":"status-publish","5":"product_cat-genel-konular","6":"product_cat-kisisel-gelisim","7":"pa_cilt-ciltsiz","8":"pa_tur-kitap","9":"pa_yayinevi-destek-yayinlari","10":"pa_yazar-serdar-vatansever","12":"first","13":"instock","14":"sale","15":"shipping-taxable","16":"purchasable","17":"product-type-simple"},"_links":{"self":[{"href":"https:\/\/roveyayinevi.com.tr\/index.php\/wp-json\/wp\/v2\/product\/757070","targetHints":{"allow":["GET"]}}],"collection":[{"href":"https:\/\/roveyayinevi.com.tr\/index.php\/wp-json\/wp\/v2\/product"}],"about":[{"href":"https:\/\/roveyayinevi.com.tr\/index.php\/wp-json\/wp\/v2\/types\/product"}],"wp:attachment":[{"href":"https:\/\/roveyayinevi.com.tr\/index.php\/wp-json\/wp\/v2\/media?parent=757070"}],"wp:term":[{"taxonomy":"product_brand","embeddable":true,"href":"https:\/\/roveyayinevi.com.tr\/index.php\/wp-json\/wp\/v2\/product_brand?post=757070"},{"taxonomy":"product_cat","embeddable":true,"href":"https:\/\/roveyayinevi.com.tr\/index.php\/wp-json\/wp\/v2\/product_cat?post=757070"},{"taxonomy":"product_tag","embeddable":true,"href":"https:\/\/roveyayinevi.com.tr\/index.php\/wp-json\/wp\/v2\/product_tag?post=757070"}],"curies":[{"name":"wp","href":"https:\/\/api.w.org\/{rel}","templated":true}]}}