{"id":757069,"date":"2025-08-28T07:25:55","date_gmt":"2025-08-28T04:25:55","guid":{"rendered":"https:\/\/roveyayinevi.com.tr\/index.php\/urun\/mubarek-annelerimiz\/"},"modified":"2026-04-16T03:10:03","modified_gmt":"2026-04-16T00:10:03","slug":"mubarek-annelerimiz","status":"publish","type":"product","link":"https:\/\/roveyayinevi.com.tr\/index.php\/urun\/mubarek-annelerimiz\/","title":{"rendered":"M\u00fcbarek Annelerimiz"},"content":{"rendered":"<p>Ezv\u00e2c-\u0131 Tahir\u00e2t\u2019\u0131 ka\u00e7\u0131m\u0131z tam olarak biliyoruz ya da \u015f\u00f6yle soral\u0131m ka\u00e7\u0131m\u0131z o iffet \u00e2bidelerinin isimlerini tek tek s\u00f6yleyebilir? Merhum \u00d6mer Tu\u011frul \u0130nan\u00e7er sohbetlerinde bazen haz\u0131r bulunan ki\u015filere hitaben Hz. Peygamberimiz&#8217;in zevceleri olan m\u00fcbarek annelerimizin isimlerini sorard\u0131. Eksiksiz sayan olursa bundan \u00e7ok memnun olur ve onlar\u0131n en g\u00fczel \u015fekilde bilinmesini arzu ederdi. \u0130\u015fte elinizdeki kitap, m\u00fcminlerin m\u00fcbarek annelerini birer birer anlat\u0131rken, onlara g\u00f6sterilmesi gerek sayg\u0131n\u0131n da keyfiyetini ortaya koyuyor. Bilhassa, M\u00fcsl\u00fcman kad\u0131nlar i\u00e7in rehber niteli\u011finde olan bu \u00e7al\u0131\u015fma, M\u00fcsl\u00fcman erkeklere de k\u0131lavuzluk yapmakta. Efendimiz&#8217;in \u00e7ok evlili\u011finin hikmetlerini izah ederken, kalplere sokulmaya \u00e7al\u0131\u015f\u0131lan teredd\u00fctleri, \u015f\u00fcpheleri ve vehimleri de izale etmekte.  Netice itibar\u0131yla, \u201cezv\u00e2c-\u0131 mutahhar\u00e2t\u201d vesilesiyle bir kere daha Fahr-i Kainat Efendimiz\u2019e ve onun nuref\u015f\u00e2n s\u00fcnnetine i\u015faret edilmekte.\u201cNe konu\u015fursak konu\u015fal\u0131m, Efendimiz&#8217;in zevceleri, \u2018m\u00fcbarek annelerimizden\u2019 de konu\u015fsak, yine gayemiz Efendimiz&#8217;dir. D\u00fcnyada Efendimiz&#8217;den ba\u015fka konu yoktur. \u00d6tekilerin hepsi bo\u015ftur. Ris\u00e2letpenah Efendimiz konu\u015fulmazsa, Allahu Te\u00e2l\u00e2 konu\u015fulamaz. Allah&#8217;\u0131n zikrinin olmad\u0131\u011f\u0131 bir konu da g\u00f6nl\u00fc tatmin etmez. Allah, bizlere ve toplumumuza onun \u015fefaatiyle inayet etsin. \u0130n\u015fallah Efendimizi unutma, hat\u0131rlamama, tan\u0131mama g\u00fcnah\u0131ndan, vebalinden, hatas\u0131ndan, kusurundan kurtuldu\u011fumuzda \u00f6rnek \u2018alacak\u2019 de\u011fil, vaktiyle oldu\u011fumuz gibi \u00f6rnek \u2018olacak\u2019 h\u00e2le geliriz. Ezv\u00e2c-\u0131 T\u00e2hir\u00e2t validelerimizin \u015fefaatlerini Allahu Te\u00e2l\u00e2\u2019dan niyaz ederiz.\u201d<\/p>\n","protected":false},"excerpt":{"rendered":"<p>Ezv\u00e2c-\u0131 Tahir\u00e2t\u2019\u0131 ka\u00e7\u0131m\u0131z tam olarak biliyoruz ya da \u015f\u00f6yle soral\u0131m ka\u00e7\u0131m\u0131z o iffet \u00e2bidelerinin isimlerini tek tek s\u00f6yleyebilir? Merhum \u00d6mer Tu\u011frul \u0130nan\u00e7er sohbetlerinde bazen haz\u0131r bulunan<span class=\"excerpt-hellip\"> [\u2026]<\/span><\/p>\n","protected":false},"featured_media":0,"template":"","meta":{"_monsterinsights_skip_tracking":false,"_monsterinsights_sitenote_active":false,"_monsterinsights_sitenote_note":"","_monsterinsights_sitenote_category":0},"product_brand":[],"product_cat":[12718,12719,15238],"product_tag":[],"class_list":{"0":"post-757069","1":"product","2":"type-product","3":"status-publish","5":"product_cat-din","6":"product_cat-islam","7":"product_cat-tasavvuf","8":"pa_cilt-ciltsiz","9":"pa_tur-kitap","10":"pa_yayinevi-sufi-kitap","11":"pa_yazar-omer-tugrul-inancer","13":"first","14":"instock","15":"sale","16":"shipping-taxable","17":"purchasable","18":"product-type-simple"},"_links":{"self":[{"href":"https:\/\/roveyayinevi.com.tr\/index.php\/wp-json\/wp\/v2\/product\/757069","targetHints":{"allow":["GET"]}}],"collection":[{"href":"https:\/\/roveyayinevi.com.tr\/index.php\/wp-json\/wp\/v2\/product"}],"about":[{"href":"https:\/\/roveyayinevi.com.tr\/index.php\/wp-json\/wp\/v2\/types\/product"}],"wp:attachment":[{"href":"https:\/\/roveyayinevi.com.tr\/index.php\/wp-json\/wp\/v2\/media?parent=757069"}],"wp:term":[{"taxonomy":"product_brand","embeddable":true,"href":"https:\/\/roveyayinevi.com.tr\/index.php\/wp-json\/wp\/v2\/product_brand?post=757069"},{"taxonomy":"product_cat","embeddable":true,"href":"https:\/\/roveyayinevi.com.tr\/index.php\/wp-json\/wp\/v2\/product_cat?post=757069"},{"taxonomy":"product_tag","embeddable":true,"href":"https:\/\/roveyayinevi.com.tr\/index.php\/wp-json\/wp\/v2\/product_tag?post=757069"}],"curies":[{"name":"wp","href":"https:\/\/api.w.org\/{rel}","templated":true}]}}