{"id":757068,"date":"2025-08-28T07:25:53","date_gmt":"2025-08-28T04:25:53","guid":{"rendered":"https:\/\/roveyayinevi.com.tr\/index.php\/urun\/kendi-kendine-borclusun\/"},"modified":"2026-04-11T14:25:32","modified_gmt":"2026-04-11T11:25:32","slug":"kendi-kendine-borclusun","status":"publish","type":"product","link":"https:\/\/roveyayinevi.com.tr\/index.php\/urun\/kendi-kendine-borclusun\/","title":{"rendered":"Kendi Kendine Bor\u00e7lusun"},"content":{"rendered":"<p>Hayat\u0131n\u0131z\u0131n senaryosunu yeniden yaz\u0131n! Ba\u015far\u0131n\u0131n yaln\u0131zca se\u00e7ilmi\u015f ki\u015filer i\u00e7in oldu\u011funu d\u00fc\u015f\u00fcn\u00fcyorsan\u0131z bu kitap bir uyand\u0131rma \u00e7a\u011fr\u0131s\u0131d\u0131r. Hayat\u0131n\u0131z\u0131n kontrol\u00fcn\u00fc ele ge\u00e7irmek i\u00e7in ilham gelmesini beklemeyi b\u0131rakmak ad\u0131na bir mesajd\u0131r. Bunlar Thomas\u2019\u0131n, Erica\u2019da evsiz, ba\u015far\u0131s\u0131z bir siyah adam olarak ge\u00e7irdi\u011fi ergenlik d\u00f6neminde alm\u0131\u015f olmay\u0131 diledi\u011fi tavsiyelerdir. O, kurban rol\u00fcne girmekten vazge\u00e7ip g\u00fc\u00e7l\u00fc y\u00f6nlerini g\u00f6rd\u00fc\u011f\u00fcnde hayat\u0131n\u0131n senaryosunu yeniden yazd\u0131. Bu kitapla sizin de hayat\u0131n\u0131z\u0131 de\u011fi\u015ftirebilece\u011finizi ortaya koyuyor. Tecr\u00fcbesi ve dile h\u00e2kimiyeti sayesinde her ortamda her insan\u0131n dikkatini \u00e7ekebilme yetene\u011fini fark eden Thomas bug\u00fcn, okulda sorun ya\u015fayan \u00e7ocuklardan yeni bir ba\u015flang\u0131\u00e7 yapmaya \u00e7al\u0131\u015fan h\u00fck\u00fcml\u00fclere kadar geni\u015f bir kitleye ula\u015ft\u0131\u011f\u0131 i\u00e7in \u015fansl\u0131 hissediyor. Onun ba\u015far\u0131 s\u0131rlar\u0131 binlerce insana destek oldu. \u015eimdi s\u0131ra sizde! Nas\u0131l ba\u015flayaca\u011f\u0131n\u0131z\u0131 g\u00f6steren rehber elinizde&#8230; Hik\u00e2yeniz ne olursa olsun, \u00fcnl\u00fc motivasyon gurusu, e\u011fitimci, profesyonel sporcular\u0131n ve i\u015f insanlar\u0131n\u0131n dan\u0131\u015fman\u0131 Eric Thomas, ger\u00e7ek motivasyon noktan\u0131z\u0131 ke\u015ffederek kal\u0131c\u0131 ba\u015far\u0131n\u0131n \u015fifresini \u00e7\u00f6zmenizi sa\u011flayacak.     Kullan\u0131lan Reklam Mecralar\u0131:   Instagram, Facebook, Twitter sayfalar\u0131nda \u00fccretli reklam \u00e7al\u0131\u015fmalar\u0131&#8230; Kitap Eki, Kalem Kahve Klavye banner alanlar\u0131&#8230; Gazete ve dergilerde haber ve yorum&#8230; Metro duraklar\u0131nda panolar, sokak afi\u015fleri&#8230; <\/p>\n","protected":false},"excerpt":{"rendered":"<p>Hayat\u0131n\u0131z\u0131n senaryosunu yeniden yaz\u0131n! Ba\u015far\u0131n\u0131n yaln\u0131zca se\u00e7ilmi\u015f ki\u015filer i\u00e7in oldu\u011funu d\u00fc\u015f\u00fcn\u00fcyorsan\u0131z bu kitap bir uyand\u0131rma \u00e7a\u011fr\u0131s\u0131d\u0131r. Hayat\u0131n\u0131z\u0131n kontrol\u00fcn\u00fc ele ge\u00e7irmek i\u00e7in ilham gelmesini beklemeyi b\u0131rakmak ad\u0131na<span class=\"excerpt-hellip\"> [\u2026]<\/span><\/p>\n","protected":false},"featured_media":0,"template":"","meta":{"_monsterinsights_skip_tracking":false,"_monsterinsights_sitenote_active":false,"_monsterinsights_sitenote_note":"","_monsterinsights_sitenote_category":0},"product_brand":[],"product_cat":[12364,12376],"product_tag":[],"class_list":{"0":"post-757068","1":"product","2":"type-product","3":"status-publish","5":"product_cat-genel-konular","6":"product_cat-kisisel-gelisim","7":"pa_cilt-ciltsiz","8":"pa_tur-kitap","9":"pa_yayinevi-destek-yayinlari","10":"pa_yazar-eric-thomas","12":"first","13":"instock","14":"sale","15":"shipping-taxable","16":"purchasable","17":"product-type-simple"},"_links":{"self":[{"href":"https:\/\/roveyayinevi.com.tr\/index.php\/wp-json\/wp\/v2\/product\/757068","targetHints":{"allow":["GET"]}}],"collection":[{"href":"https:\/\/roveyayinevi.com.tr\/index.php\/wp-json\/wp\/v2\/product"}],"about":[{"href":"https:\/\/roveyayinevi.com.tr\/index.php\/wp-json\/wp\/v2\/types\/product"}],"wp:attachment":[{"href":"https:\/\/roveyayinevi.com.tr\/index.php\/wp-json\/wp\/v2\/media?parent=757068"}],"wp:term":[{"taxonomy":"product_brand","embeddable":true,"href":"https:\/\/roveyayinevi.com.tr\/index.php\/wp-json\/wp\/v2\/product_brand?post=757068"},{"taxonomy":"product_cat","embeddable":true,"href":"https:\/\/roveyayinevi.com.tr\/index.php\/wp-json\/wp\/v2\/product_cat?post=757068"},{"taxonomy":"product_tag","embeddable":true,"href":"https:\/\/roveyayinevi.com.tr\/index.php\/wp-json\/wp\/v2\/product_tag?post=757068"}],"curies":[{"name":"wp","href":"https:\/\/api.w.org\/{rel}","templated":true}]}}