{"id":757067,"date":"2025-08-28T07:25:52","date_gmt":"2025-08-28T04:25:52","guid":{"rendered":"https:\/\/roveyayinevi.com.tr\/index.php\/urun\/eyyuhel-bulbul\/"},"modified":"2026-04-16T03:10:03","modified_gmt":"2026-04-16T00:10:03","slug":"eyyuhel-bulbul","status":"publish","type":"product","link":"https:\/\/roveyayinevi.com.tr\/index.php\/urun\/eyyuhel-bulbul\/","title":{"rendered":"Eyy\u00fche&#8217;l B\u00fclb\u00fcl"},"content":{"rendered":"<p>&#8220;&#8216;A\u015fk\u0131n feyzi olmasa insan kaybolur; d\u00fcnyada ba\u015f iken kuyruk olur.&#8217; mealinde bir beytin v\u00e2rid oldu\u011funu; insan\u0131n a\u015fk sebebiyle gayr\u0131s\u0131ndan \u00fcst\u00fcn oldu\u011funu; keza b\u00fclb\u00fcl\u00fcn de gayr\u0131s\u0131nda bulunmayan a\u015fk eserinden dolay\u0131 di\u011fer ku\u015flardan \u015ferefli oldu\u011funu; bu y\u00fczden g\u00fcller ve \u00e7i\u00e7ekler a\u00e7t\u0131\u011f\u0131nda \u00f6t\u00fc\u015f\u00fcn\u00fc kesmedi\u011fini, kendini kaybedinceye kadar gece ve g\u00fcnd\u00fcz onlar\u0131 koklamaya devam etti\u011fini; bug\u00fcn\u00fcn\u00fc d\u00fcnden ay\u0131rt edemeyecek kadar a\u015fk ve nazar ehlinden oldu\u011funu; onda, eserdeki g\u00fczelli\u011fi m\u00fctalaa etme kudretinin mevcut oldu\u011funu ve onun g\u00fcle olan a\u015fk\u0131n\u0131n \u00f6z\u00fcnde sevgiliye \u00e2\u015f\u0131kl\u0131k oldu\u011funu; g\u00fcl\u00fcn Hazreti Peygamber&#8217;in -sallall\u00e2hu aleyhi ve sellem- terinden yarat\u0131lm\u0131\u015f oldu\u011funu ve sevgilide olan \u015feyin g\u00fclde de mevcut oldu\u011funu; \u015f\u00fcphesiz Hazreti Peygamber&#8217;in -sallall\u00e2hu aleyhi ve sellem- b\u00fct\u00fcn g\u00fczel s\u0131fatlar\u0131 ve eserleriyle zahir ve s\u0131rlar\u0131n\u0131n hepsiyle tecelli edici oldu\u011funu bildirmi\u015ftir.&#8221; \u0130smail Hakk\u0131 Bursev\u00ee Hazretlerinin kalbine gelen otuz d\u00f6rt adet v\u00e2ridat\u0131n izah edildi\u011fi bu k\u0131ymetli yazma eser, ilk kez T\u00fcrk\u00e7eye \u00e7evrildi. \u00c2hir zamana i\u015faretler i\u00e7eren bu s\u0131rl\u0131 kitab\u0131n muhtevas\u0131n\u0131n, hacmine nazaran \u00e7ok derin ve katmanl\u0131 oldu\u011funu belirtmemiz gerekir.<\/p>\n","protected":false},"excerpt":{"rendered":"<p>&#8220;&#8216;A\u015fk\u0131n feyzi olmasa insan kaybolur; d\u00fcnyada ba\u015f iken kuyruk olur.&#8217; mealinde bir beytin v\u00e2rid oldu\u011funu; insan\u0131n a\u015fk sebebiyle gayr\u0131s\u0131ndan \u00fcst\u00fcn oldu\u011funu; keza b\u00fclb\u00fcl\u00fcn de gayr\u0131s\u0131nda bulunmayan<span class=\"excerpt-hellip\"> [\u2026]<\/span><\/p>\n","protected":false},"featured_media":0,"template":"","meta":{"_monsterinsights_skip_tracking":false,"_monsterinsights_sitenote_active":false,"_monsterinsights_sitenote_note":"","_monsterinsights_sitenote_category":0},"product_brand":[],"product_cat":[12718,12719,15238],"product_tag":[],"class_list":{"0":"post-757067","1":"product","2":"type-product","3":"status-publish","5":"product_cat-din","6":"product_cat-islam","7":"product_cat-tasavvuf","8":"pa_cilt-ciltsiz","9":"pa_tur-kitap","10":"pa_yayinevi-sufi-kitap","11":"pa_yazar-ismail-hakki-bursevi","13":"first","14":"instock","15":"sale","16":"shipping-taxable","17":"purchasable","18":"product-type-simple"},"_links":{"self":[{"href":"https:\/\/roveyayinevi.com.tr\/index.php\/wp-json\/wp\/v2\/product\/757067","targetHints":{"allow":["GET"]}}],"collection":[{"href":"https:\/\/roveyayinevi.com.tr\/index.php\/wp-json\/wp\/v2\/product"}],"about":[{"href":"https:\/\/roveyayinevi.com.tr\/index.php\/wp-json\/wp\/v2\/types\/product"}],"wp:attachment":[{"href":"https:\/\/roveyayinevi.com.tr\/index.php\/wp-json\/wp\/v2\/media?parent=757067"}],"wp:term":[{"taxonomy":"product_brand","embeddable":true,"href":"https:\/\/roveyayinevi.com.tr\/index.php\/wp-json\/wp\/v2\/product_brand?post=757067"},{"taxonomy":"product_cat","embeddable":true,"href":"https:\/\/roveyayinevi.com.tr\/index.php\/wp-json\/wp\/v2\/product_cat?post=757067"},{"taxonomy":"product_tag","embeddable":true,"href":"https:\/\/roveyayinevi.com.tr\/index.php\/wp-json\/wp\/v2\/product_tag?post=757067"}],"curies":[{"name":"wp","href":"https:\/\/api.w.org\/{rel}","templated":true}]}}