{"id":757065,"date":"2025-08-28T07:25:50","date_gmt":"2025-08-28T04:25:50","guid":{"rendered":"https:\/\/roveyayinevi.com.tr\/index.php\/urun\/turkiyenin-israil-politikasi\/"},"modified":"2026-04-16T03:10:03","modified_gmt":"2026-04-16T00:10:03","slug":"turkiyenin-israil-politikasi","status":"publish","type":"product","link":"https:\/\/roveyayinevi.com.tr\/index.php\/urun\/turkiyenin-israil-politikasi\/","title":{"rendered":"T\u00fcrkiye\u2019nin \u0130srail Politikas\u0131"},"content":{"rendered":"<p>T\u00dcRK\u0130YE\u2019N\u0130N EN BA\u015eINDAN BER\u0130 \u00dcZER\u0130NDE DURDU\u011eU HUSUS \u0130SRA\u0130L\u2019\u0130N VARLI\u011eI DE\u011e\u0130L, VAR OLMA B\u0130\u00c7\u0130M\u0130D\u0130R. \u0130mparatorluk d\u00fczeninden cumhuriyete evrilirken \u00f6zelde, toplumsal ya\u015fam alan\u0131nda Yahudi ulusuna kar\u015f\u0131 hi\u00e7bir \u00f6nyarg\u0131 ta\u015f\u0131mad\u0131\u011f\u0131 ve o nedenle hi\u00e7 \u00e7at\u0131\u015fma ya\u015famad\u0131\u011f\u0131 bilgisi haf\u0131zas\u0131nda yer alan T\u00fcrkler i\u00e7in \u0130srail Devleti\u2019nin kurulmas\u0131na kar\u015f\u0131 bir protesto hali hi\u00e7 belirmemi\u015ftir. T\u00fcrkiye\u2019nin en ba\u015f\u0131ndan beri \u00fczerinde durdu\u011fu husus \u0130srail\u2019in varl\u0131\u011f\u0131 de\u011fil, var olma bi\u00e7imidir. So\u011fuk Sava\u015f sonras\u0131 yeniden bi\u00e7imlendirilmeye \u00e7al\u0131\u015f\u0131lan Ortado\u011fu\u2019da ABD-Rusya \u00e7eki\u015fmesi, \u0130srail\u2019in merkezde oldu\u011fu eskisinden farkl\u0131 bir denklem ortaya \u00e7\u0131karm\u0131\u015ft\u0131r. O nedenle, Bat\u0131l\u0131 g\u00fc\u00e7lerin deste\u011fini arkas\u0131na alarak kurulan \u0130srail i\u00e7in T\u00fcrkiye ile geli\u015ftirece\u011fi diyalo\u011fun ABD ve Rusya n\u00fcfuzunun etkilerine ve derinli\u011fine bak\u0131lmaks\u0131z\u0131n anla\u015f\u0131lmas\u0131 m\u00fcmk\u00fcn de\u011fildir.<\/p>\n","protected":false},"excerpt":{"rendered":"<p>T\u00dcRK\u0130YE\u2019N\u0130N EN BA\u015eINDAN BER\u0130 \u00dcZER\u0130NDE DURDU\u011eU HUSUS \u0130SRA\u0130L\u2019\u0130N VARLI\u011eI DE\u011e\u0130L, VAR OLMA B\u0130\u00c7\u0130M\u0130D\u0130R. \u0130mparatorluk d\u00fczeninden cumhuriyete evrilirken \u00f6zelde, toplumsal ya\u015fam alan\u0131nda Yahudi ulusuna kar\u015f\u0131 hi\u00e7bir \u00f6nyarg\u0131<span class=\"excerpt-hellip\"> [\u2026]<\/span><\/p>\n","protected":false},"featured_media":0,"template":"","meta":{"_monsterinsights_skip_tracking":false,"_monsterinsights_sitenote_active":false,"_monsterinsights_sitenote_note":"","_monsterinsights_sitenote_category":0},"product_brand":[],"product_cat":[12337,14543],"product_tag":[],"class_list":{"0":"post-757065","1":"product","2":"type-product","3":"status-publish","5":"product_cat-politika-siyaset","6":"product_cat-turkiye-siyaseti-ve-politikasi","7":"pa_cilt-ciltsiz","8":"pa_tur-kitap","9":"pa_yayinevi-destek-yayinlari","10":"pa_yazar-cigdem-bayraktar-or","12":"first","13":"instock","14":"sale","15":"shipping-taxable","16":"purchasable","17":"product-type-simple"},"_links":{"self":[{"href":"https:\/\/roveyayinevi.com.tr\/index.php\/wp-json\/wp\/v2\/product\/757065","targetHints":{"allow":["GET"]}}],"collection":[{"href":"https:\/\/roveyayinevi.com.tr\/index.php\/wp-json\/wp\/v2\/product"}],"about":[{"href":"https:\/\/roveyayinevi.com.tr\/index.php\/wp-json\/wp\/v2\/types\/product"}],"wp:attachment":[{"href":"https:\/\/roveyayinevi.com.tr\/index.php\/wp-json\/wp\/v2\/media?parent=757065"}],"wp:term":[{"taxonomy":"product_brand","embeddable":true,"href":"https:\/\/roveyayinevi.com.tr\/index.php\/wp-json\/wp\/v2\/product_brand?post=757065"},{"taxonomy":"product_cat","embeddable":true,"href":"https:\/\/roveyayinevi.com.tr\/index.php\/wp-json\/wp\/v2\/product_cat?post=757065"},{"taxonomy":"product_tag","embeddable":true,"href":"https:\/\/roveyayinevi.com.tr\/index.php\/wp-json\/wp\/v2\/product_tag?post=757065"}],"curies":[{"name":"wp","href":"https:\/\/api.w.org\/{rel}","templated":true}]}}