{"id":757064,"date":"2025-08-28T07:25:49","date_gmt":"2025-08-28T04:25:49","guid":{"rendered":"https:\/\/roveyayinevi.com.tr\/index.php\/urun\/islam-hukukunda-iyiniyetin-korunmasi\/"},"modified":"2026-04-16T03:10:03","modified_gmt":"2026-04-16T00:10:03","slug":"islam-hukukunda-iyiniyetin-korunmasi","status":"publish","type":"product","link":"https:\/\/roveyayinevi.com.tr\/index.php\/urun\/islam-hukukunda-iyiniyetin-korunmasi\/","title":{"rendered":"\u0130slam Hukukunda \u0130yiniyetin Korunmas\u0131"},"content":{"rendered":"<p>Hukuki i\u015flemlerin ge\u00e7erli olmas\u0131 ve hukuki i\u015flemlere dayan\u0131larak yap\u0131lan tasarruflar\u0131n me\u015fruiyet s\u0131n\u0131rlar\u0131 i\u00e7erisinde kabul edilebilmesi i\u00e7in ilke olarak hukuk d\u00fczeninin ileri s\u00fcrd\u00fc\u011f\u00fc baz\u0131 \u015fartlar\u0131n varl\u0131\u011f\u0131 esast\u0131r. Bu \u015fartlarda bir eksiklik bulunmas\u0131 durumunda hukuki i\u015flemin ge\u00e7ersizli\u011fi s\u00f6z konusu olur. Bununla birlikte bir ki\u015finin mevcut hukuki eksiklikten haberdar olmaks\u0131z\u0131n yapt\u0131\u011f\u0131 bir tasarrufun ayn\u0131 hukuki m\u00fceyyideye tabi olup olmayaca\u011f\u0131 genelde birden fazla taraf\u0131 ilgilendiren \u00f6nemli bir meseledir. \u0130yiniyet kavram\u0131 i\u015fte bu noktada devreye girer.Modern hukuktaki d\u00fcr\u00fcstl\u00fck ve iyiniyet kavramlar\u0131 k\u00f6ken itibariyle Roma hukukundaki \u201cbona fides\u201d terimine dayan\u0131r. Bona fides \u201cba\u015fkas\u0131na zarar vermeme, kimseye k\u00f6t\u00fcl\u00fck yapmama\u201d gibi de\u011ferleri i\u00e7eren bir anlama sahiptir. Fides kelimesinin Latincede, iyiniyet ve d\u00fcr\u00fcstl\u00fck \u015feklinde ayr\u0131\u015ft\u0131r\u0131lm\u0131\u015f olan iki anlam\u0131 da kapsayacak \u015fekilde bir taraftan sadakat ve vefay\u0131, di\u011fer taraftan ise g\u00fcven ve inanc\u0131 ifade eden geni\u015f anlam\u0131ndan s\u00f6z edilir.Abdurrahman Bulut \u201c\u0130SLAM HUKUKUNDA \u0130Y\u0130N\u0130YET\u0130N KORUNMASI\u201d ad\u0131n\u0131 ta\u015f\u0131yan bu \u00e7al\u0131\u015fmada iyiniyet kavram\u0131n\u0131, \u0130slam hukuku a\u00e7\u0131s\u0131ndan temellendiriyor ve iyiniyetin korunmas\u0131 meselesine dair fikr\u00ee arka plan\u0131 ortaya koyuyor. Hanefi mezhebi merkezli olmak \u00fczere \u0130slam hukukunda iyiniyetin korundu\u011fu temel baz\u0131 meseleleri tespit ederek bu konulardaki iyiniyet h\u00fck\u00fcmlerini detayl\u0131 bir \u015fekilde tahlil ediyor. \u00c7al\u0131\u015fma iyiniyet kavram\u0131n\u0131 esas olarak f\u0131k\u0131h boyutuyla ele al\u0131yor olsa da \u0130slam hukuku ile T\u00fcrk hukuku aras\u0131nda mukayeseler yapmas\u0131yla modern hukuka uzanan bir pencere de sunuyor.<\/p>\n","protected":false},"excerpt":{"rendered":"<p>Hukuki i\u015flemlerin ge\u00e7erli olmas\u0131 ve hukuki i\u015flemlere dayan\u0131larak yap\u0131lan tasarruflar\u0131n me\u015fruiyet s\u0131n\u0131rlar\u0131 i\u00e7erisinde kabul edilebilmesi i\u00e7in ilke olarak hukuk d\u00fczeninin ileri s\u00fcrd\u00fc\u011f\u00fc baz\u0131 \u015fartlar\u0131n varl\u0131\u011f\u0131 esast\u0131r.<span class=\"excerpt-hellip\"> [\u2026]<\/span><\/p>\n","protected":false},"featured_media":0,"template":"","meta":{"_monsterinsights_skip_tracking":false,"_monsterinsights_sitenote_active":false,"_monsterinsights_sitenote_note":"","_monsterinsights_sitenote_category":0},"product_brand":[],"product_cat":[12718,16794],"product_tag":[],"class_list":{"0":"post-757064","1":"product","2":"type-product","3":"status-publish","5":"product_cat-din","6":"product_cat-dinler-tarihi","7":"pa_cilt-ciltsiz","8":"pa_tur-kitap","9":"pa_yayinevi-timas-akademi-yayinlari","10":"pa_yazar-abdurrahman-bulut","12":"first","13":"instock","14":"sale","15":"shipping-taxable","16":"purchasable","17":"product-type-simple"},"_links":{"self":[{"href":"https:\/\/roveyayinevi.com.tr\/index.php\/wp-json\/wp\/v2\/product\/757064","targetHints":{"allow":["GET"]}}],"collection":[{"href":"https:\/\/roveyayinevi.com.tr\/index.php\/wp-json\/wp\/v2\/product"}],"about":[{"href":"https:\/\/roveyayinevi.com.tr\/index.php\/wp-json\/wp\/v2\/types\/product"}],"wp:attachment":[{"href":"https:\/\/roveyayinevi.com.tr\/index.php\/wp-json\/wp\/v2\/media?parent=757064"}],"wp:term":[{"taxonomy":"product_brand","embeddable":true,"href":"https:\/\/roveyayinevi.com.tr\/index.php\/wp-json\/wp\/v2\/product_brand?post=757064"},{"taxonomy":"product_cat","embeddable":true,"href":"https:\/\/roveyayinevi.com.tr\/index.php\/wp-json\/wp\/v2\/product_cat?post=757064"},{"taxonomy":"product_tag","embeddable":true,"href":"https:\/\/roveyayinevi.com.tr\/index.php\/wp-json\/wp\/v2\/product_tag?post=757064"}],"curies":[{"name":"wp","href":"https:\/\/api.w.org\/{rel}","templated":true}]}}