{"id":757062,"date":"2025-08-28T07:25:46","date_gmt":"2025-08-28T04:25:46","guid":{"rendered":"https:\/\/roveyayinevi.com.tr\/index.php\/urun\/ortadogunun-kadim-mirasi\/"},"modified":"2026-04-16T03:10:03","modified_gmt":"2026-04-16T00:10:03","slug":"ortadogunun-kadim-mirasi","status":"publish","type":"product","link":"https:\/\/roveyayinevi.com.tr\/index.php\/urun\/ortadogunun-kadim-mirasi\/","title":{"rendered":"Ortado\u011fu&#8217;nun Kadim Miras\u0131"},"content":{"rendered":"<p>Suriye ve Filistin\u2019de IV. Ordu Komutanl\u0131\u011f\u0131 yapan Cemal Pa\u015fa, b\u00f6lgenin hem mimari a\u00e7\u0131dan geli\u015fmesi hem de azalmaya ba\u015flayan devlet otoritesinin yeniden sa\u011flanmas\u0131 amac\u0131yla \u0130ttihad-\u0131 \u0130slam siyasetinin bir par\u00e7as\u0131 olarak bu co\u011frafyadaki \u0130slam eserlerinin restore edilmesi hususunda azami gayret g\u00f6stermi\u015ftir. Bu do\u011frultuda Selahaddin-i Eyy\u00fbb\u00ee T\u00fcrbesi ile Emevi C\u00e2mii\u2019nin etraf\u0131n\u0131n temizlenmesi, S\u00fcleymaniye Tekkesi ile Selimiye Medresesi\u2019nin yenilenmesi ve \u015eam\u2019da Cemal Pa\u015fa Bulvar\u0131\u2019n\u0131n in\u015fas\u0131 gibi \u00e7ok say\u0131da projeyi hayata ge\u00e7irmi\u015ftir. Bu hususta Ahmed Cemal Pa\u015fa\u2019n\u0131n mimari dan\u0131\u015fman\u0131, Enver Pa\u015fa taraf\u0131ndan \u015eam\u2019a g\u00f6nderilen \u0130svi\u00e7reli Profes\u00f6r Maximillian Z\u00fcrcher olmu\u015ftur. \u015eehircilik \u00e7al\u0131\u015fmalar\u0131ndaki ba\u015far\u0131n\u0131n ard\u0131ndan Cemal Pa\u015fa\u2019n\u0131n ilgisi b\u00f6lgedeki arkeolojik eserlerin kay\u0131t alt\u0131na al\u0131nmas\u0131na ve korunmas\u0131na y\u00f6nelmi\u015ftir.Ortado\u011fu\u2019nun Kadim Miras\u0131: Suriye, Filistin ve Bat\u0131 Arabistan Tarih\u00ee Eserleri ba\u015fl\u0131\u011f\u0131yla okuyucuya sunulan bu \u00e7al\u0131\u015fma, Osmanl\u0131 \u0130mparatorlu\u011fu\u2019nun en kritik d\u00f6nemlerinde (1917-1918) Theodor Wiegand gibi son derece \u00f6nemli bir Alman bilim insan\u0131na, Cemal Pa\u015fa taraf\u0131ndan \u0131smarlanm\u0131\u015f ve kendi nezaretinde ger\u00e7ekle\u015ftirilmi\u015ftir. Eserde, Suriye, Filistin, Bat\u0131 Arabistan ve Antakya\u2019da yer alan 100 tarih\u00ee eser hakk\u0131nda, Osmanl\u0131 T\u00fcrk\u00e7esi ve Almanca olarak, foto\u011fraflar\u0131yla birlikte bilgi verilmi\u015ftir. \u0130mparatorlu\u011fun i\u00e7erisinde bulundu\u011fu zorlu sava\u015f \u015fartlar\u0131na ra\u011fmen, \u0130ttihat\u00e7\u0131lar\u0131n yapm\u0131\u015f oldu\u011fu bu t\u00fcr \u00f6nemli \u00e7al\u0131\u015fmalar, b\u00f6lgedeki T\u00fcrk izleri yan\u0131nda antik ve klasik Osmanl\u0131 d\u00f6nemi k\u00fclt\u00fcr yap\u0131lar\u0131n\u0131n kay\u0131t alt\u0131na al\u0131nmas\u0131 ve akabinde korunmas\u0131na y\u00f6nelik sofistike bir politikan\u0131n sonucudur.Eserin yaz\u0131ld\u0131\u011f\u0131 d\u00f6nemin \u00fcst\u00fcnden yaln\u0131zca bir as\u0131r ge\u00e7mi\u015f olmas\u0131na ra\u011fmen \u00e7al\u0131\u015fmada yer alan tarih\u00ee eserlerden bir\u00e7o\u011funun g\u00fcn\u00fcm\u00fcze kadar ula\u015fmad\u0131\u011f\u0131 g\u00f6z \u00f6n\u00fcnde bulunduruldu\u011funda bu \u00e7al\u0131\u015fman\u0131n k\u0131ymeti daha iyi anla\u015f\u0131lacakt\u0131r.Muhtevas\u0131 itibar\u0131yla arkeoloji ve Eski \u00c7a\u011f tarih\u00e7ileri yan\u0131nda son d\u00f6nem Osmanl\u0131 tarih\u00e7ileri i\u00e7in adeta paha bi\u00e7ilmez bir hazine niteli\u011finde olan bu \u00e7al\u0131\u015fmay\u0131, iki de\u011ferli bilim insan\u0131 Abdurrahman Uzunaslan ve Nevzat Artu\u00e7 yay\u0131na haz\u0131rlayarak tarih\u00ee bir misyon \u00fcstlenmi\u015flerdir.<\/p>\n","protected":false},"excerpt":{"rendered":"<p>Suriye ve Filistin\u2019de IV. Ordu Komutanl\u0131\u011f\u0131 yapan Cemal Pa\u015fa, b\u00f6lgenin hem mimari a\u00e7\u0131dan geli\u015fmesi hem de azalmaya ba\u015flayan devlet otoritesinin yeniden sa\u011flanmas\u0131 amac\u0131yla \u0130ttihad-\u0131 \u0130slam siyasetinin<span class=\"excerpt-hellip\"> [\u2026]<\/span><\/p>\n","protected":false},"featured_media":0,"template":"","meta":{"_monsterinsights_skip_tracking":false,"_monsterinsights_sitenote_active":false,"_monsterinsights_sitenote_note":"","_monsterinsights_sitenote_category":0},"product_brand":[],"product_cat":[12305,12304],"product_tag":[],"class_list":{"0":"post-757062","1":"product","2":"type-product","3":"status-publish","5":"product_cat-dunya-tarihi","6":"product_cat-tarih","7":"pa_cilt-ciltsiz","8":"pa_tur-kitap","9":"pa_yayinevi-timas-yayinlari","10":"pa_yazar-cemal-pasa","12":"first","13":"instock","14":"sale","15":"shipping-taxable","16":"purchasable","17":"product-type-simple"},"_links":{"self":[{"href":"https:\/\/roveyayinevi.com.tr\/index.php\/wp-json\/wp\/v2\/product\/757062","targetHints":{"allow":["GET"]}}],"collection":[{"href":"https:\/\/roveyayinevi.com.tr\/index.php\/wp-json\/wp\/v2\/product"}],"about":[{"href":"https:\/\/roveyayinevi.com.tr\/index.php\/wp-json\/wp\/v2\/types\/product"}],"wp:attachment":[{"href":"https:\/\/roveyayinevi.com.tr\/index.php\/wp-json\/wp\/v2\/media?parent=757062"}],"wp:term":[{"taxonomy":"product_brand","embeddable":true,"href":"https:\/\/roveyayinevi.com.tr\/index.php\/wp-json\/wp\/v2\/product_brand?post=757062"},{"taxonomy":"product_cat","embeddable":true,"href":"https:\/\/roveyayinevi.com.tr\/index.php\/wp-json\/wp\/v2\/product_cat?post=757062"},{"taxonomy":"product_tag","embeddable":true,"href":"https:\/\/roveyayinevi.com.tr\/index.php\/wp-json\/wp\/v2\/product_tag?post=757062"}],"curies":[{"name":"wp","href":"https:\/\/api.w.org\/{rel}","templated":true}]}}