{"id":757061,"date":"2025-08-28T07:25:45","date_gmt":"2025-08-28T04:25:45","guid":{"rendered":"https:\/\/roveyayinevi.com.tr\/index.php\/urun\/edebiyat-tarihi-yazilari\/"},"modified":"2026-04-16T03:10:03","modified_gmt":"2026-04-16T00:10:03","slug":"edebiyat-tarihi-yazilari","status":"publish","type":"product","link":"https:\/\/roveyayinevi.com.tr\/index.php\/urun\/edebiyat-tarihi-yazilari\/","title":{"rendered":"Edebiyat Tarihi Yaz\u0131lar\u0131"},"content":{"rendered":"<p>Hi\u00e7bir \u015fair ve sanat\u0131n herhangi bir dal\u0131yla ilgilenen hi\u00e7bir sanat\u00e7\u0131 yaln\u0131z ba\u015f\u0131na de\u011ferlendirilemez. Onun \u00f6nemi ve itibar\u0131 kendinden \u00f6nce gelmi\u015f \u015fair ve sanat\u00e7\u0131larla olan irtibat\u0131n\u0131n tespit edilmesiyle anla\u015f\u0131l\u0131r. Onu tek ba\u015f\u0131na de\u011ferlendiremezsiniz. Onu farkl\u0131l\u0131klar\u0131 ve benzerliklerini tespit i\u00e7in \u00f6l\u00fcler aras\u0131na yerle\u015ftirmeniz gerekir.T. S. EliotBu eser, kitap ve k\u00fclt\u00fcr tarihi, ar\u015fivcilik ve k\u00fct\u00fcphanecilik alanlar\u0131nda \u00f6nc\u00fc ve ufuk a\u00e7\u0131c\u0131 \u00e7al\u0131\u015fmalar\u0131yla tan\u0131nan Prof. Dr. \u0130smail E. Er\u00fcnsal\u2019\u0131n muhtelif zamanlarda yazd\u0131\u011f\u0131 edebiyat \u00fczerine makalelerinin g\u00f6zden ge\u00e7irilmi\u015f h\u0203llerini bir araya getiriyor. Birinci elden say\u0131s\u0131z ar\u015fiv kay\u0131tlar\u0131n\u0131n yan\u0131 s\u0131ra, ihmal edilen, bilinmeyen veya kayboldu\u011fu d\u00fc\u015f\u00fcn\u00fclen eserlerin incelenerek de\u011ferlendirildi\u011fi bu kitapta, Osmanl\u0131 d\u00f6nemi T\u00fcrk edebiyat\u0131n\u0131n \u00e7ok \u00e7e\u015fitli y\u00f6nleri okuyucuya sunulmaktad\u0131r. \u00d6zellikle ele al\u0131nan ar\u015fiv kay\u0131tlar\u0131, bizlere \u015fairler ve ba\u011fl\u0131 olduklar\u0131 edeb\u00ee-k\u00fclt\u00fcrel ortam hakk\u0131nda yepyeni fikirler \u00f6ne s\u00fcrme ve de\u011ferlendirmeler yapma imk\u00e2n\u0131 vermektedir.Er\u00fcnsal\u2019\u0131n bu kitab\u0131, Osmanl\u0131 edeb\u00ee k\u00fclt\u00fcr\u00fc \u00fczerine yeni bilgiler, yakla\u015f\u0131mlar ve a\u00e7\u0131l\u0131mlar sunan toplam 26 makaleyi i\u00e7ermektedir. Ar\u015fiv Kay\u0131tlar\u0131, Yazma Eserler ve Kay\u0131p Metinler\u2019e odaklanan bu makaleler, Osmanl\u0131 Edebiyat\u0131\u2019yla ilgili temel kaynaklarda bulunan bilgileri \u201cd\u00fczeltme\u201d, \u201cgeni\u015fletme\u201d ve \u201cyeniden de\u011ferlendirip yorumlama\u201d yoluyla konunun uzmanlar\u0131na ve merakl\u0131lar\u0131na yeni bir bak\u0131\u015f a\u00e7\u0131s\u0131yla sunmakta, yeni ufuklar a\u00e7makta ayn\u0131 zamanda Osmanl\u0131 k\u00fclt\u00fcr hayat\u0131n\u0131 meydana getiren farkl\u0131 alanlar aras\u0131ndaki ili\u015fkileri ve ge\u00e7i\u015fleri titizlikle g\u00f6zler \u00f6n\u00fcne sermektedir. Derleme bu a\u00e7\u0131dan hem belli konular\u0131 derinlemesine tahlil etmekte hem de Osmanl\u0131 k\u00fclt\u00fcr ve toplum hayat\u0131n\u0131 b\u00fct\u00fcnc\u00fcl bir bak\u0131\u015fla ele almaktad\u0131r.<\/p>\n","protected":false},"excerpt":{"rendered":"<p>Hi\u00e7bir \u015fair ve sanat\u0131n herhangi bir dal\u0131yla ilgilenen hi\u00e7bir sanat\u00e7\u0131 yaln\u0131z ba\u015f\u0131na de\u011ferlendirilemez. Onun \u00f6nemi ve itibar\u0131 kendinden \u00f6nce gelmi\u015f \u015fair ve sanat\u00e7\u0131larla olan irtibat\u0131n\u0131n tespit<span class=\"excerpt-hellip\"> [\u2026]<\/span><\/p>\n","protected":false},"featured_media":0,"template":"","meta":{"_monsterinsights_skip_tracking":false,"_monsterinsights_sitenote_active":false,"_monsterinsights_sitenote_note":"","_monsterinsights_sitenote_category":0},"product_brand":[],"product_cat":[12304],"product_tag":[],"class_list":{"0":"post-757061","1":"product","2":"type-product","3":"status-publish","5":"product_cat-tarih","6":"pa_cilt-ciltsiz","7":"pa_tur-kitap","8":"pa_yayinevi-timas-yayinlari","9":"pa_yazar-ismail-e-erunsal","11":"first","12":"instock","13":"sale","14":"shipping-taxable","15":"purchasable","16":"product-type-simple"},"_links":{"self":[{"href":"https:\/\/roveyayinevi.com.tr\/index.php\/wp-json\/wp\/v2\/product\/757061","targetHints":{"allow":["GET"]}}],"collection":[{"href":"https:\/\/roveyayinevi.com.tr\/index.php\/wp-json\/wp\/v2\/product"}],"about":[{"href":"https:\/\/roveyayinevi.com.tr\/index.php\/wp-json\/wp\/v2\/types\/product"}],"wp:attachment":[{"href":"https:\/\/roveyayinevi.com.tr\/index.php\/wp-json\/wp\/v2\/media?parent=757061"}],"wp:term":[{"taxonomy":"product_brand","embeddable":true,"href":"https:\/\/roveyayinevi.com.tr\/index.php\/wp-json\/wp\/v2\/product_brand?post=757061"},{"taxonomy":"product_cat","embeddable":true,"href":"https:\/\/roveyayinevi.com.tr\/index.php\/wp-json\/wp\/v2\/product_cat?post=757061"},{"taxonomy":"product_tag","embeddable":true,"href":"https:\/\/roveyayinevi.com.tr\/index.php\/wp-json\/wp\/v2\/product_tag?post=757061"}],"curies":[{"name":"wp","href":"https:\/\/api.w.org\/{rel}","templated":true}]}}