{"id":757059,"date":"2025-08-28T07:25:43","date_gmt":"2025-08-28T04:25:43","guid":{"rendered":"https:\/\/roveyayinevi.com.tr\/index.php\/urun\/super-yardimci-sendromu\/"},"modified":"2026-04-16T03:10:03","modified_gmt":"2026-04-16T00:10:03","slug":"super-yardimci-sendromu","status":"publish","type":"product","link":"https:\/\/roveyayinevi.com.tr\/index.php\/urun\/super-yardimci-sendromu\/","title":{"rendered":"S\u00fcper Yard\u0131mc\u0131 Sendromu"},"content":{"rendered":"<p>Ba\u015fkalar\u0131n\u0131n ihtiya\u00e7lar\u0131n\u0131 daima kendinizinkilerin \u00f6n\u00fcne mi koyuyorsunuz? Herkese yard\u0131m eli uzat\u0131rken kendinize hi\u00e7 zaman ay\u0131rm\u0131yor ve nihayetinde t\u00fckenmi\u015f mi hissediyorsunuz? Peki ya hay\u0131r demek sizin i\u00e7in imk\u00e2ns\u0131z m\u0131? \u00d6yleyse \u201cs\u00fcper yard\u0131mc\u0131\u201d olma ihtimaliniz y\u00fcksek.Jess Baker ile Rod Vincent, S\u00fcper Yard\u0131mc\u0131 Sendromu olarak adland\u0131rd\u0131klar\u0131 a\u015f\u0131r\u0131 vericilik ve dozu ka\u00e7m\u0131\u015f empati halini A\u2019dan Z\u2019ye ele ald\u0131klar\u0131 bu kitapta yard\u0131m etme psikolojisine dair yepyeni bir bak\u0131\u015f a\u00e7\u0131s\u0131 ortaya koyuyor. Yard\u0131m etme mekanizmas\u0131n\u0131n yanl\u0131\u015f i\u015flemesine neden olan mant\u0131ktan uzak inan\u00e7lar\u0131 masaya yat\u0131r\u0131rken zihin ve beden sa\u011fl\u0131\u011f\u0131n\u0131 olumsuz y\u00f6nde etkileyen bu a\u015f\u0131r\u0131l\u0131k halinin nas\u0131l d\u00fczeltilebilece\u011fi ve sa\u011fl\u0131kl\u0131 s\u0131n\u0131rlar in\u015fa edilebilece\u011fi hakk\u0131nda okura ipu\u00e7lar\u0131 ve y\u00f6nlendirmeler sunuyor.\u201cSa\u011fl\u0131ks\u0131z yard\u0131m al\u0131\u015fkanl\u0131klar\u0131na saplan\u0131p kalmam\u0131za neden olan temel inan\u00e7lar\u0131 ustal\u0131kla ve \u015fefkatle ortaya \u00e7\u0131karan, i\u015fleri ger\u00e7ekten farkl\u0131 bir \u015fekilde yapmak i\u00e7in pratik ara\u00e7lar\u0131 g\u00f6steren ve derin bir i\u00e7g\u00f6r\u00fc sa\u011flayan ipu\u00e7lar\u0131n\u0131 \u00e7ok sevdim. Ezber bozan bir kitap.\u201d \u2013Suzy Reading\u201cSa\u011fl\u0131k veya sosyal hizmetler alan\u0131nda \u00e7al\u0131\u015fan herkesin okumas\u0131 gerekiyor.\u201d \u2013Profes\u00f6r Alison Leary\u201cD\u00fc\u015f\u00fcncelerinizi, duygular\u0131n\u0131z\u0131 ve davran\u0131\u015flar\u0131n\u0131z\u0131 derinden etkileyecek bir kitap \u2013hem de hepsini iyi y\u00f6nde.\u201d \u2013Stylist Magazine<\/p>\n","protected":false},"excerpt":{"rendered":"<p>Ba\u015fkalar\u0131n\u0131n ihtiya\u00e7lar\u0131n\u0131 daima kendinizinkilerin \u00f6n\u00fcne mi koyuyorsunuz? Herkese yard\u0131m eli uzat\u0131rken kendinize hi\u00e7 zaman ay\u0131rm\u0131yor ve nihayetinde t\u00fckenmi\u015f mi hissediyorsunuz? Peki ya hay\u0131r demek sizin i\u00e7in<span class=\"excerpt-hellip\"> [\u2026]<\/span><\/p>\n","protected":false},"featured_media":0,"template":"","meta":{"_monsterinsights_skip_tracking":false,"_monsterinsights_sitenote_active":false,"_monsterinsights_sitenote_note":"","_monsterinsights_sitenote_category":0},"product_brand":[],"product_cat":[12357],"product_tag":[],"class_list":{"0":"post-757059","1":"product","2":"type-product","3":"status-publish","5":"product_cat-psikoloji","6":"pa_cilt-ciltsiz","7":"pa_tur-kitap","8":"pa_yayinevi-timas-yayinlari","9":"pa_yazar-jess-baker-rod-vincent","11":"first","12":"instock","13":"sale","14":"shipping-taxable","15":"purchasable","16":"product-type-simple"},"_links":{"self":[{"href":"https:\/\/roveyayinevi.com.tr\/index.php\/wp-json\/wp\/v2\/product\/757059","targetHints":{"allow":["GET"]}}],"collection":[{"href":"https:\/\/roveyayinevi.com.tr\/index.php\/wp-json\/wp\/v2\/product"}],"about":[{"href":"https:\/\/roveyayinevi.com.tr\/index.php\/wp-json\/wp\/v2\/types\/product"}],"wp:attachment":[{"href":"https:\/\/roveyayinevi.com.tr\/index.php\/wp-json\/wp\/v2\/media?parent=757059"}],"wp:term":[{"taxonomy":"product_brand","embeddable":true,"href":"https:\/\/roveyayinevi.com.tr\/index.php\/wp-json\/wp\/v2\/product_brand?post=757059"},{"taxonomy":"product_cat","embeddable":true,"href":"https:\/\/roveyayinevi.com.tr\/index.php\/wp-json\/wp\/v2\/product_cat?post=757059"},{"taxonomy":"product_tag","embeddable":true,"href":"https:\/\/roveyayinevi.com.tr\/index.php\/wp-json\/wp\/v2\/product_tag?post=757059"}],"curies":[{"name":"wp","href":"https:\/\/api.w.org\/{rel}","templated":true}]}}