{"id":757058,"date":"2025-08-28T07:25:41","date_gmt":"2025-08-28T04:25:41","guid":{"rendered":"https:\/\/roveyayinevi.com.tr\/index.php\/urun\/enver-pasa-2\/"},"modified":"2026-04-16T03:10:03","modified_gmt":"2026-04-16T00:10:03","slug":"enver-pasa-2","status":"publish","type":"product","link":"https:\/\/roveyayinevi.com.tr\/index.php\/urun\/enver-pasa-2\/","title":{"rendered":"Enver Pa\u015fa"},"content":{"rendered":"<p>Mefk\u00fbrem sevgili vatan\u0131m\u0131m b\u00fcy\u00fckl\u00fc\u011f\u00fc ve refah\u0131d\u0131r. (&#8230;) E\u011fer bu, memleketi kurtaracaksa mutlu olurum. \u00d6l\u00fcrsem; vazifemi yapm\u0131\u015f kabul ederim kendimi. Allah\u2019a dua ediyorum; e\u011fer projem T\u00fcrkiye\u2019ye mutluluk getirmezse, beni \u00f6ld\u00fcrmesi i\u00e7in dua ediyorum. Allah sizi korusun. Ata binmem laz\u0131m, beni bekliyorlar&#8230; Osmanl\u0131 Devleti\u2019nin son d\u00f6nemleri\u2026 Bir yanda kaybedilen sava\u015flarla, toprak kay\u0131plar\u0131yla, g\u00f6\u00e7lerle, Balkanlarda ve di\u011fer b\u00f6lgelerde patlak veren isyanlarla, di\u011fer yanda ekonomik sorunlarla, yoksullukla, Me\u015frutiyet ve \u00f6zg\u00fcrl\u00fck hareketleriyle ba\u015f etmeye \u00e7al\u0131\u015fan bir devlet\u2026  Bir yanda varolu\u015f m\u00fccadelesi veren Osmanl\u0131 \u0130mparatorlu\u011fu, di\u011fer yanda h\u0131zla b\u00fcy\u00fck bir harbe s\u00fcr\u00fcklenen d\u00fcnya&#8230;B\u00f6yle bir ortamda do\u011fan ve b\u00fcy\u00fcyen, ge\u00e7im s\u0131k\u0131nt\u0131s\u0131 ya\u015fayan memur bir baban\u0131n i\u00e7e kapan\u0131k, \u00e7elimsiz ama inat\u00e7\u0131 o\u011flu \u0130smail Enver\u2019in ise tek hayali sokakta g\u00f6rd\u00fc\u011f\u00fc subaylar gibi olmak. Bu hayal di\u011fer hayallerin kap\u0131s\u0131n\u0131 a\u00e7acak; kendini milletine adam\u0131\u015f bir adam\u0131n hayalleri bir milletin hayallerine d\u00f6n\u00fc\u015fecekti\u2026Yak\u0131n tarihimizin en \u00e7ok tart\u0131\u015f\u0131lan tarih\u00ee fig\u00fcrlerinden Enver Pa\u015fa h\u0131rslar\u0131 ve inatlar\u0131 u\u011fruna vatan\u0131 feda eden bir hayalperest miydi yoksa kader kurban\u0131 bir vatan sevdal\u0131s\u0131 m\u0131?Tarihimizin \u00f6nemli olaylar\u0131n\u0131 ve fig\u00fcrlerini anlatan romanlar\u0131yla okurun b\u00fcy\u00fck be\u011fenisini toplayan \u0130smail Bilgin, hayat\u0131 m\u00fccadelelerle ge\u00e7mi\u015f Enver Pa\u015fa\u2019y\u0131 daha \u00f6nce hi\u00e7 anlat\u0131lmam\u0131\u015f bir \u015fekilde kaleme ald\u0131.B\u00fct\u00fcn bir vatan\u0131n kaderini de\u011fi\u015ftiren Enver Pa\u015fa\u2019y\u0131 hi\u00e7 b\u00f6yle okumad\u0131n\u0131z&#8230;<\/p>\n","protected":false},"excerpt":{"rendered":"<p>Mefk\u00fbrem sevgili vatan\u0131m\u0131m b\u00fcy\u00fckl\u00fc\u011f\u00fc ve refah\u0131d\u0131r. (&#8230;) E\u011fer bu, memleketi kurtaracaksa mutlu olurum. \u00d6l\u00fcrsem; vazifemi yapm\u0131\u015f kabul ederim kendimi. Allah\u2019a dua ediyorum; e\u011fer projem T\u00fcrkiye\u2019ye mutluluk<span class=\"excerpt-hellip\"> [\u2026]<\/span><\/p>\n","protected":false},"featured_media":0,"template":"","meta":{"_monsterinsights_skip_tracking":false,"_monsterinsights_sitenote_active":false,"_monsterinsights_sitenote_note":"","_monsterinsights_sitenote_category":0},"product_brand":[],"product_cat":[12291,12711],"product_tag":[],"class_list":{"0":"post-757058","1":"product","2":"type-product","3":"status-publish","5":"product_cat-edebiyat","6":"product_cat-roman-oyku","7":"pa_cilt-ciltsiz","8":"pa_tur-kitap","9":"pa_yayinevi-timas-yayinlari","10":"pa_yazar-ismail-bilgin","12":"first","13":"instock","14":"sale","15":"shipping-taxable","16":"purchasable","17":"product-type-simple"},"_links":{"self":[{"href":"https:\/\/roveyayinevi.com.tr\/index.php\/wp-json\/wp\/v2\/product\/757058","targetHints":{"allow":["GET"]}}],"collection":[{"href":"https:\/\/roveyayinevi.com.tr\/index.php\/wp-json\/wp\/v2\/product"}],"about":[{"href":"https:\/\/roveyayinevi.com.tr\/index.php\/wp-json\/wp\/v2\/types\/product"}],"wp:attachment":[{"href":"https:\/\/roveyayinevi.com.tr\/index.php\/wp-json\/wp\/v2\/media?parent=757058"}],"wp:term":[{"taxonomy":"product_brand","embeddable":true,"href":"https:\/\/roveyayinevi.com.tr\/index.php\/wp-json\/wp\/v2\/product_brand?post=757058"},{"taxonomy":"product_cat","embeddable":true,"href":"https:\/\/roveyayinevi.com.tr\/index.php\/wp-json\/wp\/v2\/product_cat?post=757058"},{"taxonomy":"product_tag","embeddable":true,"href":"https:\/\/roveyayinevi.com.tr\/index.php\/wp-json\/wp\/v2\/product_tag?post=757058"}],"curies":[{"name":"wp","href":"https:\/\/api.w.org\/{rel}","templated":true}]}}