{"id":757054,"date":"2025-08-28T07:25:34","date_gmt":"2025-08-28T04:25:34","guid":{"rendered":"https:\/\/roveyayinevi.com.tr\/index.php\/urun\/sen-dervis-olamazsin\/"},"modified":"2026-04-16T03:10:03","modified_gmt":"2026-04-16T00:10:03","slug":"sen-dervis-olamazsin","status":"publish","type":"product","link":"https:\/\/roveyayinevi.com.tr\/index.php\/urun\/sen-dervis-olamazsin\/","title":{"rendered":"Sen Dervi\u015f Olamazs\u0131n"},"content":{"rendered":"<p>\u0130nsan\u0131n en yak\u0131n\u0131ndaki ilahi sanat eseri, kendi hayat\u0131d\u0131r. \u0130nsan, kendi ya\u015fad\u0131klar\u0131nda hayret edecek y\u00f6nleri bulabiliyorsa, hayat \u00f6yk\u00fcs\u00fcn\u00fcn m\u00fckemmelli\u011fi \u00fczerine salim fikirler y\u00fcr\u00fctebiliyorsa, kendiyle ilgili yeni ke\u015fifler yapabiliyorsa yarat\u0131l\u0131\u015ftaki yerini doldurmu\u015f ve makam\u0131na liyakat g\u00f6stermi\u015f olur. Nitekim insan, kendi ruh gemisinin kaptan\u0131d\u0131r.\u0130nsana en \u00e7ok yak\u0131\u015fan, \u015fartlar ne olursa olsun iyili\u011fi, g\u00fczelli\u011fi, c\u00f6mertli\u011fi ve mertli\u011fi ayakta tutmakt\u0131r. Bu hasletleri g\u00f6zetmeden ya\u015fanan bir \u00f6m\u00fcr \u00e2deta hi\u00e7 ya\u015fanmam\u0131\u015f h\u00fckm\u00fcndedir.M\u00fctemadiyen geli\u015fen ve de\u011fi\u015fen d\u00fcnya, insan\u0131n anlam aray\u0131\u015f\u0131na nas\u0131l bir katk\u0131 sunmakta?Yang\u0131n yeri olan y\u00fcreklerimize hangi tedavi su serpmekte? En \u015ferefli olarak yarat\u0131lan insan, nas\u0131l olur da a\u015fa\u011f\u0131lar\u0131n en a\u015fa\u011f\u0131s\u0131na \u00e7ekilmekte? Mecit \u00d6m\u00fcr \u00d6zt\u00fcrk, insan\u0131n varl\u0131k, imtihan, \u00f6l\u00fcmden sonras\u0131, kader gibi devaml\u0131 zihnini kurcalayan temel sorular\u0131na cevap ararken ayn\u0131 zamanda Allah\u2019\u0131n bizzat itibar etti\u011fi kalbimizi nas\u0131l dosdo\u011fru tutaca\u011f\u0131m\u0131z\u0131 vurucu ba\u015fl\u0131klar alt\u0131nda inceliyor. \u0130brahim suresinde g\u00fczel s\u00f6z, k\u00f6k\u00fc sabit ve dallar\u0131 her daim meyve veren bir a\u011faca benzetilir. \u0130\u015fte bu kitap da i\u00e7inde sakl\u0131 \u201cg\u00fczel s\u00f6zleri\u201dyle \u00f6z\u00fcndeki hikmeti nesilden nesile sunmaya devam edecek.Yay\u0131mland\u0131\u011f\u0131 ilk g\u00fcnden itibaren y\u00fcz binlerce okurun tevecc\u00fch\u00fcne mazhar olan, daha \u00f6tesi insana anlam katan kitaplar\u0131yla tan\u0131nan Mecit \u00d6m\u00fcr \u00d6zt\u00fcrk\u2019ten g\u00f6n\u00fcllere \u015fifa bir eser daha: Sen Dervi\u015f Olamazs\u0131n&#8230; Kadim k\u00fclt\u00fcr\u00fcm\u00fcz\u00fcn \u00f6\u011fretilerini bug\u00fcne ta\u015f\u0131mada k\u00f6pr\u00fc vazifesi \u00fcstlenen bu kitapta, herkesin heybesini dolduracak nice \u00f6\u011f\u00fctler gizli&#8230;<\/p>\n","protected":false},"excerpt":{"rendered":"<p>\u0130nsan\u0131n en yak\u0131n\u0131ndaki ilahi sanat eseri, kendi hayat\u0131d\u0131r. \u0130nsan, kendi ya\u015fad\u0131klar\u0131nda hayret edecek y\u00f6nleri bulabiliyorsa, hayat \u00f6yk\u00fcs\u00fcn\u00fcn m\u00fckemmelli\u011fi \u00fczerine salim fikirler y\u00fcr\u00fctebiliyorsa, kendiyle ilgili yeni ke\u015fifler<span class=\"excerpt-hellip\"> [\u2026]<\/span><\/p>\n","protected":false},"featured_media":0,"template":"","meta":{"_monsterinsights_skip_tracking":false,"_monsterinsights_sitenote_active":false,"_monsterinsights_sitenote_note":"","_monsterinsights_sitenote_category":0},"product_brand":[],"product_cat":[12718,12719],"product_tag":[],"class_list":{"0":"post-757054","1":"product","2":"type-product","3":"status-publish","5":"product_cat-din","6":"product_cat-islam","7":"pa_cilt-ciltsiz","8":"pa_tur-kitap","9":"pa_yayinevi-timas-yayinlari","10":"pa_yazar-mecit-omur-ozturk","12":"first","13":"instock","14":"sale","15":"shipping-taxable","16":"purchasable","17":"product-type-simple"},"_links":{"self":[{"href":"https:\/\/roveyayinevi.com.tr\/index.php\/wp-json\/wp\/v2\/product\/757054","targetHints":{"allow":["GET"]}}],"collection":[{"href":"https:\/\/roveyayinevi.com.tr\/index.php\/wp-json\/wp\/v2\/product"}],"about":[{"href":"https:\/\/roveyayinevi.com.tr\/index.php\/wp-json\/wp\/v2\/types\/product"}],"wp:attachment":[{"href":"https:\/\/roveyayinevi.com.tr\/index.php\/wp-json\/wp\/v2\/media?parent=757054"}],"wp:term":[{"taxonomy":"product_brand","embeddable":true,"href":"https:\/\/roveyayinevi.com.tr\/index.php\/wp-json\/wp\/v2\/product_brand?post=757054"},{"taxonomy":"product_cat","embeddable":true,"href":"https:\/\/roveyayinevi.com.tr\/index.php\/wp-json\/wp\/v2\/product_cat?post=757054"},{"taxonomy":"product_tag","embeddable":true,"href":"https:\/\/roveyayinevi.com.tr\/index.php\/wp-json\/wp\/v2\/product_tag?post=757054"}],"curies":[{"name":"wp","href":"https:\/\/api.w.org\/{rel}","templated":true}]}}