{"id":757053,"date":"2025-08-28T07:25:33","date_gmt":"2025-08-28T04:25:33","guid":{"rendered":"https:\/\/roveyayinevi.com.tr\/index.php\/urun\/ilahi-soz\/"},"modified":"2026-04-16T03:10:03","modified_gmt":"2026-04-16T00:10:03","slug":"ilahi-soz","status":"publish","type":"product","link":"https:\/\/roveyayinevi.com.tr\/index.php\/urun\/ilahi-soz\/","title":{"rendered":"\u0130lahi S\u00f6z"},"content":{"rendered":"<p>D\u00fcnyan\u0131n pek \u00e7ok \u00fclkesinde ilgiyle takip edilen Nouman Ali Khan\u2019\u0131n Kur\u2019an-\u0131 Kerim\u2019in anla\u015f\u0131lmas\u0131 vehayata aktar\u0131lmas\u0131 i\u00e7in g\u00f6sterdi\u011fi \u00e7aba bu defa bamba\u015fka bir kitapla okurla bulu\u015fuyor: \u0130lah\u00eeS\u00f6z\/Kur\u2019an\u2019\u0131n Edeb\u00ee Dilini Ke\u015ffetmekNouman Ali Khan ve \u00f6\u011frencisi Sharif Randhawa\u2019n\u0131n Kur\u2019an\u2019\u0131n dili ve edeb\u00ee \u00f6zellikleri \u00fczerine y\u0131llard\u0131ryapt\u0131klar\u0131 \u00e7al\u0131\u015fmalar neticesinde birlikte kaleme ald\u0131klar\u0131 eser, Kur\u2019an\u2019\u0131n emsalsiz diline, \u00fcslubuna, ritimve kafiye d\u00fczene\u011fine etkileyici bir pencere a\u00e7\u0131yor. Ayetlerin simetrisine, kullan\u0131lan benzetmelere veaktar\u0131lan mesellere bamba\u015fka bir g\u00f6zle bakmam\u0131z\u0131 sa\u011flayan bu ayr\u0131nt\u0131lar her okuyu\u015fumuzda Kur\u2019an\u2019\u0131nba\u015fka bir mucizesini g\u00f6rmemizi sa\u011fl\u0131yor.\u0130lah\u00ee S\u00f6z, Kur\u2019an dilinin mucizevi y\u00f6n\u00fcne, kelime yap\u0131s\u0131 hem de kelimelerin kullan\u0131m\u0131 ve dili a\u00e7\u0131s\u0131ndandeliller getirerek okurlar\u0131n\u0131 Kur\u2019an\u2019\u0131n, Rabbimizin kelam\u0131 oldu\u011funa hi\u00e7bir \u015f\u00fcphe b\u0131rakmaks\u0131z\u0131n bir kezdaha ikna ediyor ve Kur\u2019an\u2019\u0131n ilah\u00ee mesaj\u0131na \u00e7a\u011f\u0131r\u0131yor. \u201c\u0130lah\u00ee S\u00f6z, Kur\u2019\u00e2n\u2019\u0131n edeb\u00ee dili \u00fczerinde yap\u0131lan \u00e7ok \u00f6nemli bir \u00e7al\u0131\u015fma. Kur\u2019\u00e2n\u2019\u0131n hem \u00fcslubunun hem deyap\u0131s\u0131n\u0131n anla\u015f\u0131lmas\u0131 i\u00e7in \u00e7ok k\u0131ymetli katk\u0131lar sa\u011fl\u0131yor. \u015eiddetle tavsiye ederim.\u201d Carl W. Ernst, Kuzey Carolina \u00dcniversitesi, Chappel Hill \u201c\u0130lah\u00ee S\u00f6z, okuyucular\u0131n\u0131 Kur\u2019\u00e2n\u2019\u0131n hem edeb\u00ee inceliklerinden hem de n\u00fckteli yap\u0131s\u0131ndan haberdarediyor.\u201d Raymond Farrin, Kuveyt Amerikan \u00dcniversitesi<\/p>\n","protected":false},"excerpt":{"rendered":"<p>D\u00fcnyan\u0131n pek \u00e7ok \u00fclkesinde ilgiyle takip edilen Nouman Ali Khan\u2019\u0131n Kur\u2019an-\u0131 Kerim\u2019in anla\u015f\u0131lmas\u0131 vehayata aktar\u0131lmas\u0131 i\u00e7in g\u00f6sterdi\u011fi \u00e7aba bu defa bamba\u015fka bir kitapla okurla bulu\u015fuyor: \u0130lah\u00eeS\u00f6z\/Kur\u2019an\u2019\u0131n<span class=\"excerpt-hellip\"> [\u2026]<\/span><\/p>\n","protected":false},"featured_media":0,"template":"","meta":{"_monsterinsights_skip_tracking":false,"_monsterinsights_sitenote_active":false,"_monsterinsights_sitenote_note":"","_monsterinsights_sitenote_category":0},"product_brand":[],"product_cat":[13036,12718,12719],"product_tag":[],"class_list":{"0":"post-757053","1":"product","2":"type-product","3":"status-publish","5":"product_cat-arastirma-inceleme-islam","6":"product_cat-din","7":"product_cat-islam","8":"pa_cilt-ciltsiz","9":"pa_tur-kitap","10":"pa_yayinevi-timas-yayinlari","11":"pa_yazar-nouman-ali-khan","13":"first","14":"instock","15":"sale","16":"shipping-taxable","17":"purchasable","18":"product-type-simple"},"_links":{"self":[{"href":"https:\/\/roveyayinevi.com.tr\/index.php\/wp-json\/wp\/v2\/product\/757053","targetHints":{"allow":["GET"]}}],"collection":[{"href":"https:\/\/roveyayinevi.com.tr\/index.php\/wp-json\/wp\/v2\/product"}],"about":[{"href":"https:\/\/roveyayinevi.com.tr\/index.php\/wp-json\/wp\/v2\/types\/product"}],"wp:attachment":[{"href":"https:\/\/roveyayinevi.com.tr\/index.php\/wp-json\/wp\/v2\/media?parent=757053"}],"wp:term":[{"taxonomy":"product_brand","embeddable":true,"href":"https:\/\/roveyayinevi.com.tr\/index.php\/wp-json\/wp\/v2\/product_brand?post=757053"},{"taxonomy":"product_cat","embeddable":true,"href":"https:\/\/roveyayinevi.com.tr\/index.php\/wp-json\/wp\/v2\/product_cat?post=757053"},{"taxonomy":"product_tag","embeddable":true,"href":"https:\/\/roveyayinevi.com.tr\/index.php\/wp-json\/wp\/v2\/product_tag?post=757053"}],"curies":[{"name":"wp","href":"https:\/\/api.w.org\/{rel}","templated":true}]}}