{"id":757052,"date":"2025-08-28T07:25:32","date_gmt":"2025-08-28T04:25:32","guid":{"rendered":"https:\/\/roveyayinevi.com.tr\/index.php\/urun\/siyasetin-cinsiyeti\/"},"modified":"2026-04-16T03:10:03","modified_gmt":"2026-04-16T00:10:03","slug":"siyasetin-cinsiyeti","status":"publish","type":"product","link":"https:\/\/roveyayinevi.com.tr\/index.php\/urun\/siyasetin-cinsiyeti\/","title":{"rendered":"Siyasetin Cinsiyeti"},"content":{"rendered":"<p>T\u00fcrkiye\u2019de kad\u0131nlar\u0131 siyasal alana sokmayan, onlar\u0131 ara\u00e7salla\u015ft\u0131ran, \u201cba\u015fkan\u0131n kad\u0131nlar\u0131\u201d ya da vitrin mankeni konumuna indiren eril siyasetin \u00f6tesine nas\u0131l ge\u00e7ilebilir? Siyasetin Cinsiyeti, kad\u0131nlar\u0131n siyasal hayata kat\u0131l\u0131m\u0131n\u0131n \u00f6n\u00fcndeki engelleri, cinsiyet e\u015fitli\u011fi m\u00fccadelesinde kad\u0131nlar\u0131n yapabileceklerini, d\u00fcnyada ve T\u00fcrkiye\u2019de birikmi\u015f tecr\u00fcbeleri, farkl\u0131 kad\u0131n hareketlerinin stratejilerini, dinin kad\u0131nlar\u0131n bask\u0131 ve kontrol alt\u0131nda tutulmas\u0131ndaki rol\u00fcn\u00fc ele al\u0131yor, K\u00fcrt siyasal hareketi d\u0131\u015f\u0131nda b\u00fct\u00fcn partilerin nas\u0131l kad\u0131nlar\u0131 bilerek, sistematik olarak siyasal alan\u0131n d\u0131\u015f\u0131nda tuttuklar\u0131na, genel ve yerel se\u00e7imlerde, parti organlar\u0131nda, sivil alanda \u015firket y\u00f6netim kurullar\u0131nda kad\u0131n adaylar i\u00e7in verilecek kota m\u00fccadelesinin \u00f6nemine dikkat \u00e7ekiyor. Kad\u0131nlar ad\u0131na hareket edecek eril siyasi failler beklenmemesi gerekti\u011fini vurgulayan Sancar \u015f\u00f6yle diyor:    \u201cCumhuriyet tarihi boyunca ana-ak\u0131m siyasal kadrolar \u0130slam dininin, \u00f6zellikle S\u00fcnni mezhebinin kad\u0131n ve aile anlay\u0131\u015f\u0131yla do\u011frudan m\u00fccadele etmemi\u015f, bu kesimlere hep siyasi partilerin yedek g\u00fcc\u00fc olarak bak\u0131lm\u0131\u015ft\u0131r. Bu durum \u0130slam dininin kad\u0131nlar \u00fczerinde kurmaya \u00e7al\u0131\u015ft\u0131\u011f\u0131 tahakk\u00fcme yeterince kar\u015f\u0131 \u00e7\u0131k\u0131lmamas\u0131na, sessizce ge\u00e7i\u015ftirilmesine yol a\u00e7m\u0131\u015ft\u0131r. \u0130slama dayanan dini patriyarka ile modernist laik\u00e7i muhafazak\u00e2rl\u0131\u011fa dayal\u0131 patriyarka, iki farkl\u0131 u\u00e7ta ama kad\u0131n haklar\u0131 konusunda benzer sonu\u00e7lar\u0131 do\u011furan siyasetler oldular; kad\u0131n-erkek e\u015fitli\u011finin evrensel normlar\u0131ndan yana g\u00f6r\u00fcnd\u00fcler, ilgili siyasi belgelere imza att\u0131lar ama gere\u011fini yerine getirmediler.\u201d <\/p>\n","protected":false},"excerpt":{"rendered":"<p>T\u00fcrkiye\u2019de kad\u0131nlar\u0131 siyasal alana sokmayan, onlar\u0131 ara\u00e7salla\u015ft\u0131ran, \u201cba\u015fkan\u0131n kad\u0131nlar\u0131\u201d ya da vitrin mankeni konumuna indiren eril siyasetin \u00f6tesine nas\u0131l ge\u00e7ilebilir? Siyasetin Cinsiyeti, kad\u0131nlar\u0131n siyasal hayata kat\u0131l\u0131m\u0131n\u0131n<span class=\"excerpt-hellip\"> [\u2026]<\/span><\/p>\n","protected":false},"featured_media":0,"template":"","meta":{"_monsterinsights_skip_tracking":false,"_monsterinsights_sitenote_active":false,"_monsterinsights_sitenote_note":"","_monsterinsights_sitenote_category":0},"product_brand":[],"product_cat":[13252,12324],"product_tag":[],"class_list":{"0":"post-757052","1":"product","2":"type-product","3":"status-publish","5":"product_cat-kadin-calismalari","6":"product_cat-sosyoloji","7":"pa_cilt-ciltsiz","8":"pa_tur-kitap","9":"pa_yayinevi-metis-yayinlari","10":"pa_yazar-serpil-sancar","12":"first","13":"instock","14":"sale","15":"shipping-taxable","16":"purchasable","17":"product-type-simple"},"_links":{"self":[{"href":"https:\/\/roveyayinevi.com.tr\/index.php\/wp-json\/wp\/v2\/product\/757052","targetHints":{"allow":["GET"]}}],"collection":[{"href":"https:\/\/roveyayinevi.com.tr\/index.php\/wp-json\/wp\/v2\/product"}],"about":[{"href":"https:\/\/roveyayinevi.com.tr\/index.php\/wp-json\/wp\/v2\/types\/product"}],"wp:attachment":[{"href":"https:\/\/roveyayinevi.com.tr\/index.php\/wp-json\/wp\/v2\/media?parent=757052"}],"wp:term":[{"taxonomy":"product_brand","embeddable":true,"href":"https:\/\/roveyayinevi.com.tr\/index.php\/wp-json\/wp\/v2\/product_brand?post=757052"},{"taxonomy":"product_cat","embeddable":true,"href":"https:\/\/roveyayinevi.com.tr\/index.php\/wp-json\/wp\/v2\/product_cat?post=757052"},{"taxonomy":"product_tag","embeddable":true,"href":"https:\/\/roveyayinevi.com.tr\/index.php\/wp-json\/wp\/v2\/product_tag?post=757052"}],"curies":[{"name":"wp","href":"https:\/\/api.w.org\/{rel}","templated":true}]}}