{"id":757047,"date":"2025-08-28T07:25:24","date_gmt":"2025-08-28T04:25:24","guid":{"rendered":"https:\/\/roveyayinevi.com.tr\/index.php\/urun\/alex-benim-futbol-kahramanim\/"},"modified":"2026-04-16T03:10:03","modified_gmt":"2026-04-16T00:10:03","slug":"alex-benim-futbol-kahramanim","status":"publish","type":"product","link":"https:\/\/roveyayinevi.com.tr\/index.php\/urun\/alex-benim-futbol-kahramanim\/","title":{"rendered":"Alex-Benim Futbol Kahraman\u0131m"},"content":{"rendered":"<p>POSTER, FUTBOLCU KARTI VE AYRA\u00c7 HED\u0130YEL\u0130! #19 FENERBAH\u00c7E\u2019N\u0130N G\u00d6Z BEBE\u011e\u0130: ALEX DE SOUZA Sizin hi\u00e7 heykeliniz yap\u0131ld\u0131 m\u0131? Onun yap\u0131ld\u0131! Alex de Souza, futbolun b\u00fcy\u00fcl\u00fc d\u00fcnyas\u0131na ad\u0131n\u0131 alt\u0131n harflerle yazd\u0131ran bir efsanedir. Ola\u011fan\u00fcst\u00fc yetenekleriyle d\u00fcnyay\u0131 kendine hayran b\u0131rakm\u0131\u015ft\u0131r. Topa bakmadan pas verebilme yetene\u011fiyle o \u00e2deta bir sihirbaz&#8230; Futbol sahalar\u0131ndaki muhte\u015fem ba\u015far\u0131lar\u0131yla Alex, sadece bir futbolcu olarak de\u011fil, bir destan\u0131n ba\u015fkahraman\u0131 olarak tarihe ge\u00e7mi\u015ftir! Alex de Souza, sonsuz bir ilham kayna\u011f\u0131d\u0131r. Hem futbol yetenekleriyle hem de insanlara duydu\u011fu sevgiyle parlayan bir y\u0131ld\u0131zd\u0131r. Ayr\u0131ca harika karakteri ve Fenerbah\u00e7e sevgisiyle Fenerbah\u00e7elilerin her daim g\u00f6z bebe\u011fi olarak kalacakt\u0131r. BEN\u0130M FUTBOL KAHRAMANIM SER\u0130S\u0130 HEM EBEVEYNLER HEM DE \u00c7OCUKLARLA B\u00dcY\u00dcK GOLLER ATIYOR! Benim Futbol Kahraman\u0131m serisiyle, d\u00fcnyaca \u00fcnl\u00fc futbolcular\u0131n b\u00fcy\u00fck zaferlerle dolu ba\u015far\u0131 hik\u00e2yelerini \u00e7ocu\u011funuzla beraber okuyacaks\u0131n\u0131z. En \u00f6nemlisi, futbol kahraman\u0131n\u0131n hayat\u0131n\u0131n derinliklerine dalarken \u00e7ocu\u011funuz, okudu\u011funu anlama becerilerini geli\u015ftirecek. Okuma becerisi kazand\u0131rman\u0131n en iyi yolu, ona elinden b\u0131rakamayaca\u011f\u0131 kitaplar vermektir.<\/p>\n","protected":false},"excerpt":{"rendered":"<p>POSTER, FUTBOLCU KARTI VE AYRA\u00c7 HED\u0130YEL\u0130! #19 FENERBAH\u00c7E\u2019N\u0130N G\u00d6Z BEBE\u011e\u0130: ALEX DE SOUZA Sizin hi\u00e7 heykeliniz yap\u0131ld\u0131 m\u0131? Onun yap\u0131ld\u0131! Alex de Souza, futbolun b\u00fcy\u00fcl\u00fc d\u00fcnyas\u0131na<span class=\"excerpt-hellip\"> [\u2026]<\/span><\/p>\n","protected":false},"featured_media":0,"template":"","meta":{"_monsterinsights_skip_tracking":false,"_monsterinsights_sitenote_active":false,"_monsterinsights_sitenote_note":"","_monsterinsights_sitenote_category":0},"product_brand":[],"product_cat":[12274],"product_tag":[],"class_list":{"0":"post-757047","1":"product","2":"type-product","3":"status-publish","5":"product_cat-cocuk-ve-genclik-kitaplari","6":"pa_cilt-ciltsiz","7":"pa_tur-kitap","8":"pa_yayinevi-dokuz-yayinlari","9":"pa_yazar-rob-green","11":"first","12":"instock","13":"sale","14":"shipping-taxable","15":"purchasable","16":"product-type-simple"},"_links":{"self":[{"href":"https:\/\/roveyayinevi.com.tr\/index.php\/wp-json\/wp\/v2\/product\/757047","targetHints":{"allow":["GET"]}}],"collection":[{"href":"https:\/\/roveyayinevi.com.tr\/index.php\/wp-json\/wp\/v2\/product"}],"about":[{"href":"https:\/\/roveyayinevi.com.tr\/index.php\/wp-json\/wp\/v2\/types\/product"}],"wp:attachment":[{"href":"https:\/\/roveyayinevi.com.tr\/index.php\/wp-json\/wp\/v2\/media?parent=757047"}],"wp:term":[{"taxonomy":"product_brand","embeddable":true,"href":"https:\/\/roveyayinevi.com.tr\/index.php\/wp-json\/wp\/v2\/product_brand?post=757047"},{"taxonomy":"product_cat","embeddable":true,"href":"https:\/\/roveyayinevi.com.tr\/index.php\/wp-json\/wp\/v2\/product_cat?post=757047"},{"taxonomy":"product_tag","embeddable":true,"href":"https:\/\/roveyayinevi.com.tr\/index.php\/wp-json\/wp\/v2\/product_tag?post=757047"}],"curies":[{"name":"wp","href":"https:\/\/api.w.org\/{rel}","templated":true}]}}