{"id":757045,"date":"2025-08-28T07:25:20","date_gmt":"2025-08-28T04:25:20","guid":{"rendered":"https:\/\/roveyayinevi.com.tr\/index.php\/urun\/haaland-benim-futbol-kahramanim\/"},"modified":"2026-04-16T03:10:03","modified_gmt":"2026-04-16T00:10:03","slug":"haaland-benim-futbol-kahramanim","status":"publish","type":"product","link":"https:\/\/roveyayinevi.com.tr\/index.php\/urun\/haaland-benim-futbol-kahramanim\/","title":{"rendered":"Haaland-Benim Futbol Kahraman\u0131m"},"content":{"rendered":"<p>POSTER, FUTBOLCU KARTI VE AYRA\u00c7 HED\u0130YEL\u0130! #24 FUTBOLUN ROBOT ADAMI: ERLING HAALAND O, \u00e2deta durdurulamaz bir gol makinesi! \u015eimdiden \u201cRekor\u201d g\u00f6bek ad\u0131yla an\u0131lmas\u0131n\u0131n sebebi rekorlarla ba\u015flayan futbol hayat\u0131d\u0131r. Sporcu anne ve babaya sahip olmas\u0131n\u0131n etkisiyle m\u00fcthi\u015f bir kariyere ad\u0131m atarak ba\u015far\u0131 basamaklar\u0131nda k\u0131sa zamanda h\u0131zla y\u00fckseldi. Bu ba\u015far\u0131lar\u0131, hen\u00fcz gen\u00e7 ya\u015fta olmas\u0131na ra\u011fmen uluslararas\u0131 arenada isminin g\u00fc\u00e7l\u00fc bir \u015fekilde duyulmas\u0131n\u0131 sa\u011flad\u0131. Norve\u00e7li futbolcuyu \u00f6zel k\u0131lan; m\u00fccadele g\u00fcc\u00fc, h\u0131z\u0131, s\u0131\u00e7ray\u0131\u015f\u0131, gol vuru\u015fu ve pozisyon bilgisiyle neredeyse futbola dair her \u015feye sahip olmas\u0131yd\u0131. Sezgisi ve f\u0131rsat\u00e7\u0131l\u0131\u011f\u0131 sayesinde bir\u00e7ok gol\u00fcn alt\u0131na imzas\u0131n\u0131 att\u0131 ve hi\u00e7 \u015f\u00fcphe yok ki bu gollerin sonu asla gelmeyecek. Haaland\u2019\u0131n motivasyonu ve \u00e7al\u0131\u015fma azmi, t\u00fcm gen\u00e7lere, ba\u015far\u0131ya giden yolun ipu\u00e7lar\u0131n\u0131 veriyor. O, hayatta ba\u015far\u0131l\u0131 olmak i\u00e7in uzun y\u0131llar beklemek gerekmedi\u011fini ve ba\u015far\u0131ya ula\u015fmak i\u00e7in azmin \u00f6nemini uygulamal\u0131 olarak g\u00f6stermeye devam ediyor. BEN\u0130M FUTBOL KAHRAMANIM SER\u0130S\u0130 HEM EBEVEYNLER HEM DE \u00c7OCUKLARLA B\u00dcY\u00dcK GOLLER ATIYOR! Benim Futbol Kahraman\u0131m serisiyle, d\u00fcnyaca \u00fcnl\u00fc futbolcular\u0131n b\u00fcy\u00fck zaferlerle dolu ba\u015far\u0131 hik\u00e2yelerini \u00e7ocu\u011funuzla beraber okuyacaks\u0131n\u0131z. En \u00f6nemlisi, futbol kahraman\u0131n\u0131n hayat\u0131n\u0131n derinliklerine dalarken \u00e7ocu\u011funuz, okudu\u011funu anlama becerilerini geli\u015ftirecek. Okuma becerisi kazand\u0131rman\u0131n en iyi yolu, ona elinden b\u0131rakamayaca\u011f\u0131 kitaplar vermektir.<\/p>\n","protected":false},"excerpt":{"rendered":"<p>POSTER, FUTBOLCU KARTI VE AYRA\u00c7 HED\u0130YEL\u0130! #24 FUTBOLUN ROBOT ADAMI: ERLING HAALAND O, \u00e2deta durdurulamaz bir gol makinesi! \u015eimdiden \u201cRekor\u201d g\u00f6bek ad\u0131yla an\u0131lmas\u0131n\u0131n sebebi rekorlarla ba\u015flayan<span class=\"excerpt-hellip\"> [\u2026]<\/span><\/p>\n","protected":false},"featured_media":0,"template":"","meta":{"_monsterinsights_skip_tracking":false,"_monsterinsights_sitenote_active":false,"_monsterinsights_sitenote_note":"","_monsterinsights_sitenote_category":0},"product_brand":[],"product_cat":[12274],"product_tag":[],"class_list":{"0":"post-757045","1":"product","2":"type-product","3":"status-publish","5":"product_cat-cocuk-ve-genclik-kitaplari","6":"pa_cilt-ciltsiz","7":"pa_tur-kitap","8":"pa_yayinevi-dokuz-yayinlari","9":"pa_yazar-rob-green","11":"first","12":"instock","13":"sale","14":"shipping-taxable","15":"purchasable","16":"product-type-simple"},"_links":{"self":[{"href":"https:\/\/roveyayinevi.com.tr\/index.php\/wp-json\/wp\/v2\/product\/757045","targetHints":{"allow":["GET"]}}],"collection":[{"href":"https:\/\/roveyayinevi.com.tr\/index.php\/wp-json\/wp\/v2\/product"}],"about":[{"href":"https:\/\/roveyayinevi.com.tr\/index.php\/wp-json\/wp\/v2\/types\/product"}],"wp:attachment":[{"href":"https:\/\/roveyayinevi.com.tr\/index.php\/wp-json\/wp\/v2\/media?parent=757045"}],"wp:term":[{"taxonomy":"product_brand","embeddable":true,"href":"https:\/\/roveyayinevi.com.tr\/index.php\/wp-json\/wp\/v2\/product_brand?post=757045"},{"taxonomy":"product_cat","embeddable":true,"href":"https:\/\/roveyayinevi.com.tr\/index.php\/wp-json\/wp\/v2\/product_cat?post=757045"},{"taxonomy":"product_tag","embeddable":true,"href":"https:\/\/roveyayinevi.com.tr\/index.php\/wp-json\/wp\/v2\/product_tag?post=757045"}],"curies":[{"name":"wp","href":"https:\/\/api.w.org\/{rel}","templated":true}]}}