{"id":757043,"date":"2025-08-28T07:25:17","date_gmt":"2025-08-28T04:25:17","guid":{"rendered":"https:\/\/roveyayinevi.com.tr\/index.php\/urun\/donum-noktasi\/"},"modified":"2026-04-11T14:25:31","modified_gmt":"2026-04-11T11:25:31","slug":"donum-noktasi","status":"publish","type":"product","link":"https:\/\/roveyayinevi.com.tr\/index.php\/urun\/donum-noktasi\/","title":{"rendered":"D\u00f6n\u00fcm Noktas\u0131"},"content":{"rendered":"<p>\u201cGe\u00e7mi\u015ften bir \u015fey \u00e7alma ya dagelecekten bir \u015fey \u00f6d\u00fcn\u00e7 alma. Bug\u00fcnesahip \u00e7\u0131k. Hayat\u0131 ya\u015famak budur.\u201d   Swayze, korkun\u00e7 bir olay\u0131n ard\u0131ndan kendini iki ya\u015fam aras\u0131ndas\u0131k\u0131\u015fm\u0131\u015f halde bulur. B\u00f6l\u00fck p\u00f6r\u00e7\u00fck hat\u0131ralar ve tehlikekar\u015f\u0131s\u0131ndaki endi\u015fe, onu ger\u00e7e\u011fi ortaya \u00e7\u0131karmak i\u00e7in i\u00e7 burkanbir yolculu\u011fa iter. Gen\u00e7 kad\u0131n, intikam\u0131n\u0131 almak ve bir \u00f6m\u00fcr \u00f6ncevar olan bir yapbozun eksik par\u00e7alar\u0131n\u0131 bulmak i\u00e7in hayallerininelinden kay\u0131p gitmesine izin verecek midir? Yoksa \u00f6nemli olantek ger\u00e7e\u011fi mi ke\u015ffedecektir? D\u00f6n\u00fcm Noktas\u0131, inand\u0131\u011f\u0131m\u0131z ve bildi\u011fimiz t\u00fcm ger\u00e7eklerins\u0131n\u0131rlar\u0131n\u0131 zorluyor. Kaderi yeniden tan\u0131mlarken kalp ile ruharas\u0131ndaki tek ba\u011f\u0131n sonsuz bir zaman \u00e7izgisi oldu\u011funubizlere kan\u0131tl\u0131yor.<\/p>\n","protected":false},"excerpt":{"rendered":"<p>\u201cGe\u00e7mi\u015ften bir \u015fey \u00e7alma ya dagelecekten bir \u015fey \u00f6d\u00fcn\u00e7 alma. Bug\u00fcnesahip \u00e7\u0131k. Hayat\u0131 ya\u015famak budur.\u201d Swayze, korkun\u00e7 bir olay\u0131n ard\u0131ndan kendini iki ya\u015fam aras\u0131ndas\u0131k\u0131\u015fm\u0131\u015f halde bulur.<span class=\"excerpt-hellip\"> [\u2026]<\/span><\/p>\n","protected":false},"featured_media":0,"template":"","meta":{"_monsterinsights_skip_tracking":false,"_monsterinsights_sitenote_active":false,"_monsterinsights_sitenote_note":"","_monsterinsights_sitenote_category":0},"product_brand":[],"product_cat":[12291,12711],"product_tag":[],"class_list":{"0":"post-757043","1":"product","2":"type-product","3":"status-publish","5":"product_cat-edebiyat","6":"product_cat-roman-oyku","7":"pa_cilt-ciltsiz","8":"pa_tur-kitap","9":"pa_yayinevi-nemesis-kitap","10":"pa_yazar-jewel-e-ann","12":"first","13":"instock","14":"sale","15":"shipping-taxable","16":"purchasable","17":"product-type-simple"},"_links":{"self":[{"href":"https:\/\/roveyayinevi.com.tr\/index.php\/wp-json\/wp\/v2\/product\/757043","targetHints":{"allow":["GET"]}}],"collection":[{"href":"https:\/\/roveyayinevi.com.tr\/index.php\/wp-json\/wp\/v2\/product"}],"about":[{"href":"https:\/\/roveyayinevi.com.tr\/index.php\/wp-json\/wp\/v2\/types\/product"}],"wp:attachment":[{"href":"https:\/\/roveyayinevi.com.tr\/index.php\/wp-json\/wp\/v2\/media?parent=757043"}],"wp:term":[{"taxonomy":"product_brand","embeddable":true,"href":"https:\/\/roveyayinevi.com.tr\/index.php\/wp-json\/wp\/v2\/product_brand?post=757043"},{"taxonomy":"product_cat","embeddable":true,"href":"https:\/\/roveyayinevi.com.tr\/index.php\/wp-json\/wp\/v2\/product_cat?post=757043"},{"taxonomy":"product_tag","embeddable":true,"href":"https:\/\/roveyayinevi.com.tr\/index.php\/wp-json\/wp\/v2\/product_tag?post=757043"}],"curies":[{"name":"wp","href":"https:\/\/api.w.org\/{rel}","templated":true}]}}