{"id":757039,"date":"2025-08-28T07:25:11","date_gmt":"2025-08-28T04:25:11","guid":{"rendered":"https:\/\/roveyayinevi.com.tr\/index.php\/urun\/kisa-dunya-mitolojisi\/"},"modified":"2026-04-16T03:10:03","modified_gmt":"2026-04-16T00:10:03","slug":"kisa-dunya-mitolojisi","status":"publish","type":"product","link":"https:\/\/roveyayinevi.com.tr\/index.php\/urun\/kisa-dunya-mitolojisi\/","title":{"rendered":"K\u0131sa Du\u0308nya Mitolojisi"},"content":{"rendered":"<p>D\u00fcnya mitolojileri her \u015feyden \u00f6nce kolektif bir hayal g\u00fcc\u00fc olarak k\u00fclt\u00fcrel de\u011ferlerle ili\u015fkilidir ve bu nedenle k\u00fclt\u00fcrel perspektiflerden incelenmelidir. \u00d6rne\u011fin antik M\u0131s\u0131rl\u0131lar\u0131n veya Yunanlar\u0131n mitleri M\u0131s\u0131r ve Yunan k\u00fclt\u00fcrlerinin ger\u00e7eklerini nas\u0131l yans\u0131t\u0131r? Ayn\u0131 zamanda mitolojiler, daha geni\u015f k\u00fclt\u00fcrler aras\u0131 meselelere i\u015faret eden baz\u0131 evrensel temalar\u0131 da ortaya \u00e7\u0131kart\u0131r. K\u0131sa D\u00fcnya Mitolojisi, \u201c\u0130lah\u201d, \u201cYarat\u0131l\u0131\u015f\u201d, \u201cTufan\u201d, \u201cHilebaz\u201d ve \u201cKahraman\u201ddan olu\u015fan evrensel motiflerden yola \u00e7\u0131karak d\u00fcnya mitolojisini en temel kavramlar etraf\u0131nda inceliyor ve her biri i\u00e7in ayd\u0131nlat\u0131c\u0131 \u00f6rnekler sunuyor. Deneyimli mitoloji uzman\u0131 David Leeming\u2019in Yunan, M\u0131s\u0131r, \u0130skandinav, Amerikan yerlileri, Afrika, Polinezya ve Hindular gibi \u00e7e\u015fitli k\u00fclt\u00fcrleri inceledi\u011fi bu eser hem ilham verici bir giri\u015f hem de kullan\u0131\u015fl\u0131 bir ba\u015fvuru kayna\u011f\u0131. <\/p>\n","protected":false},"excerpt":{"rendered":"<p>D\u00fcnya mitolojileri her \u015feyden \u00f6nce kolektif bir hayal g\u00fcc\u00fc olarak k\u00fclt\u00fcrel de\u011ferlerle ili\u015fkilidir ve bu nedenle k\u00fclt\u00fcrel perspektiflerden incelenmelidir. \u00d6rne\u011fin antik M\u0131s\u0131rl\u0131lar\u0131n veya Yunanlar\u0131n mitleri M\u0131s\u0131r<span class=\"excerpt-hellip\"> [\u2026]<\/span><\/p>\n","protected":false},"featured_media":0,"template":"","meta":{"_monsterinsights_skip_tracking":false,"_monsterinsights_sitenote_active":false,"_monsterinsights_sitenote_note":"","_monsterinsights_sitenote_category":0},"product_brand":[],"product_cat":[12718,12858],"product_tag":[],"class_list":{"0":"post-757039","1":"product","2":"type-product","3":"status-publish","5":"product_cat-din","6":"product_cat-mitolojiler","7":"pa_cilt-ciltsiz","8":"pa_tur-kitap","9":"pa_yayinevi-say-yayinlari","10":"pa_yazar-david-a-leeming","12":"first","13":"instock","14":"sale","15":"shipping-taxable","16":"purchasable","17":"product-type-simple"},"_links":{"self":[{"href":"https:\/\/roveyayinevi.com.tr\/index.php\/wp-json\/wp\/v2\/product\/757039","targetHints":{"allow":["GET"]}}],"collection":[{"href":"https:\/\/roveyayinevi.com.tr\/index.php\/wp-json\/wp\/v2\/product"}],"about":[{"href":"https:\/\/roveyayinevi.com.tr\/index.php\/wp-json\/wp\/v2\/types\/product"}],"wp:attachment":[{"href":"https:\/\/roveyayinevi.com.tr\/index.php\/wp-json\/wp\/v2\/media?parent=757039"}],"wp:term":[{"taxonomy":"product_brand","embeddable":true,"href":"https:\/\/roveyayinevi.com.tr\/index.php\/wp-json\/wp\/v2\/product_brand?post=757039"},{"taxonomy":"product_cat","embeddable":true,"href":"https:\/\/roveyayinevi.com.tr\/index.php\/wp-json\/wp\/v2\/product_cat?post=757039"},{"taxonomy":"product_tag","embeddable":true,"href":"https:\/\/roveyayinevi.com.tr\/index.php\/wp-json\/wp\/v2\/product_tag?post=757039"}],"curies":[{"name":"wp","href":"https:\/\/api.w.org\/{rel}","templated":true}]}}