{"id":757037,"date":"2025-08-28T07:25:08","date_gmt":"2025-08-28T04:25:08","guid":{"rendered":"https:\/\/roveyayinevi.com.tr\/index.php\/urun\/101-soruda-modern-sanat\/"},"modified":"2026-04-16T03:10:03","modified_gmt":"2026-04-16T00:10:03","slug":"101-soruda-modern-sanat","status":"publish","type":"product","link":"https:\/\/roveyayinevi.com.tr\/index.php\/urun\/101-soruda-modern-sanat\/","title":{"rendered":"101 Soruda Modern Sanat"},"content":{"rendered":"<p>Dadaizm nedir? Joseph Beuys eserlerinde neden ya\u011f ve ke\u00e7e kullanm\u0131\u015ft\u0131r? Soyut bir resme nas\u0131l bakmal\u0131y\u0131z? Bir \u00e7orba konservesi ne zaman sanat olur? Hepimiz m\u00fczelerdeki modern sanat eserlerinin \u00f6n\u00fcnde \u015fa\u015fk\u0131n \u015fa\u015fk\u0131n durmu\u015f ve kendimize \u00e7o\u011fu zaman cevap bulmakta zorland\u0131\u011f\u0131m\u0131z pek \u00e7ok soru sormu\u015fuzdur. \u0130\u015fte sanat tarih\u00e7isi SusannaPartsch, modern sanat hakk\u0131nda s\u0131kl\u0131kla sorulan sorulara ikna edici ve anla\u015f\u0131l\u0131r cevaplar sunarak bu duruma bir \u00e7\u00f6z\u00fcm getiriyor. Bu kitapla okuyucu, \u201cSanat Ak\u0131mlar\u0131 ve Sanat T\u00fcrleri\u201d, \u201cEserler ve Malzemeler\u201d, \u201cSanatta Kad\u0131nlar\u201d, \u201cModernizmin Merkezleri\u201d, \u201cModern Mimari\u201d ve \u201cSanat ve Siyaset\u201d gibi ba\u015fl\u0131klar alt\u0131nda toplanan 101 soru ve cevapla modern sanat konusuna e\u011flenceli ve kapsaml\u0131 bir giri\u015f yap\u0131yor. <\/p>\n","protected":false},"excerpt":{"rendered":"<p>Dadaizm nedir? Joseph Beuys eserlerinde neden ya\u011f ve ke\u00e7e kullanm\u0131\u015ft\u0131r? Soyut bir resme nas\u0131l bakmal\u0131y\u0131z? Bir \u00e7orba konservesi ne zaman sanat olur? Hepimiz m\u00fczelerdeki modern sanat<span class=\"excerpt-hellip\"> [\u2026]<\/span><\/p>\n","protected":false},"featured_media":0,"template":"","meta":{"_monsterinsights_skip_tracking":false,"_monsterinsights_sitenote_active":false,"_monsterinsights_sitenote_note":"","_monsterinsights_sitenote_category":0},"product_brand":[],"product_cat":[12408],"product_tag":[],"class_list":{"0":"post-757037","1":"product","2":"type-product","3":"status-publish","5":"product_cat-sanat","6":"pa_cilt-ciltsiz","7":"pa_tur-kitap","8":"pa_yayinevi-say-yayinlari","9":"pa_yazar-susanna-partsch","11":"first","12":"instock","13":"sale","14":"shipping-taxable","15":"purchasable","16":"product-type-simple"},"_links":{"self":[{"href":"https:\/\/roveyayinevi.com.tr\/index.php\/wp-json\/wp\/v2\/product\/757037","targetHints":{"allow":["GET"]}}],"collection":[{"href":"https:\/\/roveyayinevi.com.tr\/index.php\/wp-json\/wp\/v2\/product"}],"about":[{"href":"https:\/\/roveyayinevi.com.tr\/index.php\/wp-json\/wp\/v2\/types\/product"}],"wp:attachment":[{"href":"https:\/\/roveyayinevi.com.tr\/index.php\/wp-json\/wp\/v2\/media?parent=757037"}],"wp:term":[{"taxonomy":"product_brand","embeddable":true,"href":"https:\/\/roveyayinevi.com.tr\/index.php\/wp-json\/wp\/v2\/product_brand?post=757037"},{"taxonomy":"product_cat","embeddable":true,"href":"https:\/\/roveyayinevi.com.tr\/index.php\/wp-json\/wp\/v2\/product_cat?post=757037"},{"taxonomy":"product_tag","embeddable":true,"href":"https:\/\/roveyayinevi.com.tr\/index.php\/wp-json\/wp\/v2\/product_tag?post=757037"}],"curies":[{"name":"wp","href":"https:\/\/api.w.org\/{rel}","templated":true}]}}