{"id":757034,"date":"2025-08-28T07:25:04","date_gmt":"2025-08-28T04:25:04","guid":{"rendered":"https:\/\/roveyayinevi.com.tr\/index.php\/urun\/human-designin-basucu-kitabi\/"},"modified":"2026-04-08T03:18:09","modified_gmt":"2026-04-08T00:18:09","slug":"human-designin-basucu-kitabi","status":"publish","type":"product","link":"https:\/\/roveyayinevi.com.tr\/index.php\/urun\/human-designin-basucu-kitabi\/","title":{"rendered":"Human Design&#8217;\u0131n Ba\u015fucu Kitab\u0131"},"content":{"rendered":"<p>Hayat\u0131n\u0131z\u0131n En S\u0131ra D\u0131\u015f\u0131 Yolculu\u011funa \u00c7\u0131kmaya Haz\u0131r m\u0131s\u0131n\u0131z? \u00c7a\u011f\u0131m\u0131z\u0131n devrim niteli\u011findeki yeni arac\u0131! Her seferde bir ki\u015finin d\u00f6nu\u0308\u015fu\u0308mu\u0308nu\u0308 sa\u011flayan benzersiz bir kataliz\u00f6r Kim oldu\u011funuzu ve kim olmad\u0131\u011f\u0131n\u0131z\u0131 anlay\u0131n. Kendiniz olarak do\u011fru kararlar verin. Su\u0308rekli de\u011fi\u015fen du\u0308nyada ba\u015far\u0131yla y\u00f6nu\u0308nu\u0308zu\u0308 bulun. E\u015fsiz ya\u015fam amac\u0131n\u0131z\u0131n do\u011fall\u0131kla ortaya \u00e7\u0131kmas\u0131na izin verin. \u00d6zgu\u0308n ili\u015fkinin ger\u00e7ek dinamiklerini ke\u015ffedin. \u00c7ocuklar i\u00e7in onlar\u0131 gu\u0308\u00e7lendirecek bir ortam yarat\u0131n.   \u201cSonunda bu\u0308yu\u0308k bir zevkle \u2018\u0130\u015fte burada\u2019 diyebiliyorum. Bu kitap, Human Design Sistemi\u2019nin kapsaml\u0131 ve yetkili tan\u0131m\u0131n\u0131 ve formu\u0308lu\u0308nu\u0308 arayan herkes i\u00e7in. Bu cilt, ad\u0131m ad\u0131m bilginin temelinden, kim oldu\u011fumuzun ve kendimiz olarak hayat\u0131 nas\u0131l kar\u015f\u0131layabilece\u011fimizin ince nu\u0308anslar\u0131na kadar su\u0308recin i\u015fleyi\u015fini sergilemektedir. Sistemin kurucusu Ra Uru Hu ile ilk \u00f6\u011frencisinin aktif i\u015fbirli\u011fiyle yay\u0131nlanan tek \u00e7al\u0131\u015fma. Kesinlikle \u00f6neririm.\u201d \u2013 J.R. Richmond, Sedona, Arizona, ABD, IHDS Genel Sekreteri ve Ba\u015fkan\u0131   \u201cHuman Design beni e\u011filimlerim hakk\u0131nda yo\u011fun i\u00e7g\u00f6ru\u0308lerle kutsad\u0131. Bana, \u00f6zellikle kararlar\u0131m\u0131 almak ve rotam\u0131 belirlemek i\u00e7in en uygun yakla\u015f\u0131m\u0131n fark\u0131ndal\u0131\u011f\u0131 olmak u\u0308zere bir\u00e7ok yetenek kazand\u0131rd\u0131. Ger\u00e7ekten ki\u015fisel uyan\u0131\u015fa adanm\u0131\u015f ki\u015fileri kendilerini Human Design\u2019\u0131n verece\u011fi muhte\u015fem arma\u011fanlara a\u00e7maya davet ediyorum.\u201d \u2013 Dr. Roger Teel, Lakewood, Colorado, ABD   \u201cSize kendi Kullan\u0131m K\u0131lavuzunuz verilse ne yapars\u0131n\u0131z? Onu okur musunuz? Verdi\u011fi bilgileri hayat\u0131n\u0131z\u0131 de\u011fi\u015ftirmek i\u00e7in kullan\u0131r m\u0131s\u0131n\u0131z? Yoksa komodininizin u\u0308stu\u0308nde a\u00e7\u0131lmadan kal\u0131r m\u0131? Human Design Sistemi b\u00f6yle bir Kullan\u0131m K\u0131lavuzudur. Bu bir inan\u00e7 sistemi de\u011fildir \u2013 bu nedenle inanacak bir \u015fey yoktur. Bu somut bir harita ve kendinizi g\u00f6rebilece\u011finiz mant\u0131ksal bir y\u00f6ntemdir. Bu kitapta a\u00e7\u0131\u011fa vurulan basit teknikleri deneyerek, hayat\u0131 kendiniz gibi, \u00f6zgu\u0308n olarak ya\u015faman\u0131n yolunu a\u00e7ars\u0131n\u0131z. Daha \u00f6nce hi\u00e7 deneyimlemedi\u011finiz bir \u015fekilde topraklanmaya ba\u015flars\u0131n\u0131z. Bu, genlerinizin i\u015fleyi\u015f mekani\u011fine dayanan hu\u0308cresel bir d\u00f6nu\u0308\u015fu\u0308mu\u0308n ba\u015flang\u0131c\u0131d\u0131r. Bu, oldu\u011funuz ki\u015fiyi de\u011fi\u015ftirmek de\u011fil, asl\u0131nda her zaman kim oldu\u011funuzu anlaman\u0131zla ilgilidir.\u201d \u2013 Marry Ann Winiger, Analist ve \u00d6\u011fretmen, Charlton, Virginia <\/p>\n","protected":false},"excerpt":{"rendered":"<p>Hayat\u0131n\u0131z\u0131n En S\u0131ra D\u0131\u015f\u0131 Yolculu\u011funa \u00c7\u0131kmaya Haz\u0131r m\u0131s\u0131n\u0131z? \u00c7a\u011f\u0131m\u0131z\u0131n devrim niteli\u011findeki yeni arac\u0131! Her seferde bir ki\u015finin d\u00f6nu\u0308\u015fu\u0308mu\u0308nu\u0308 sa\u011flayan benzersiz bir kataliz\u00f6r Kim oldu\u011funuzu ve kim<span class=\"excerpt-hellip\"> [\u2026]<\/span><\/p>\n","protected":false},"featured_media":0,"template":"","meta":{"_monsterinsights_skip_tracking":false,"_monsterinsights_sitenote_active":false,"_monsterinsights_sitenote_note":"","_monsterinsights_sitenote_category":0},"product_brand":[],"product_cat":[12364,12376],"product_tag":[],"class_list":{"0":"post-757034","1":"product","2":"type-product","3":"status-publish","5":"product_cat-genel-konular","6":"product_cat-kisisel-gelisim","7":"pa_cilt-ciltsiz","8":"pa_tur-kitap","9":"pa_yayinevi-butik-yayinlari","10":"pa_yazar-lynda-bunnell-ra-uru-hu","12":"first","13":"instock","14":"sale","15":"shipping-taxable","16":"purchasable","17":"product-type-simple"},"_links":{"self":[{"href":"https:\/\/roveyayinevi.com.tr\/index.php\/wp-json\/wp\/v2\/product\/757034","targetHints":{"allow":["GET"]}}],"collection":[{"href":"https:\/\/roveyayinevi.com.tr\/index.php\/wp-json\/wp\/v2\/product"}],"about":[{"href":"https:\/\/roveyayinevi.com.tr\/index.php\/wp-json\/wp\/v2\/types\/product"}],"wp:attachment":[{"href":"https:\/\/roveyayinevi.com.tr\/index.php\/wp-json\/wp\/v2\/media?parent=757034"}],"wp:term":[{"taxonomy":"product_brand","embeddable":true,"href":"https:\/\/roveyayinevi.com.tr\/index.php\/wp-json\/wp\/v2\/product_brand?post=757034"},{"taxonomy":"product_cat","embeddable":true,"href":"https:\/\/roveyayinevi.com.tr\/index.php\/wp-json\/wp\/v2\/product_cat?post=757034"},{"taxonomy":"product_tag","embeddable":true,"href":"https:\/\/roveyayinevi.com.tr\/index.php\/wp-json\/wp\/v2\/product_tag?post=757034"}],"curies":[{"name":"wp","href":"https:\/\/api.w.org\/{rel}","templated":true}]}}