{"id":757030,"date":"2025-08-28T07:24:57","date_gmt":"2025-08-28T04:24:57","guid":{"rendered":"https:\/\/roveyayinevi.com.tr\/index.php\/urun\/bas-cikar-oyna-tasitlar-ciltli\/"},"modified":"2026-04-16T03:10:02","modified_gmt":"2026-04-16T00:10:02","slug":"bas-cikar-oyna-tasitlar-ciltli","status":"publish","type":"product","link":"https:\/\/roveyayinevi.com.tr\/index.php\/urun\/bas-cikar-oyna-tasitlar-ciltli\/","title":{"rendered":"Bas \u2013 \u00c7\u0131kar \u2013 Oyna Ta\u015f\u0131tlar (Ciltli)"},"content":{"rendered":"<p>Ta\u015f\u0131tlar, reng\u00e2renk sayfalar ve ara-bul etkinlikleri bu kitapta sizi bekliyor! \u0130nteraktif oyun par\u00e7alar\u0131 ve ilgin\u00e7 bilgilerle dolu bu harika kitapla \u00e7ocu\u011funuz e\u011flenirken \u00f6\u011frenecek. <\/p>\n","protected":false},"excerpt":{"rendered":"<p>Ta\u015f\u0131tlar, reng\u00e2renk sayfalar ve ara-bul etkinlikleri bu kitapta sizi bekliyor! \u0130nteraktif oyun par\u00e7alar\u0131 ve ilgin\u00e7 bilgilerle dolu bu harika kitapla \u00e7ocu\u011funuz e\u011flenirken \u00f6\u011frenecek.<\/p>\n","protected":false},"featured_media":0,"template":"","meta":{"_monsterinsights_skip_tracking":false,"_monsterinsights_sitenote_active":false,"_monsterinsights_sitenote_note":"","_monsterinsights_sitenote_category":0},"product_brand":[],"product_cat":[12274],"product_tag":[],"class_list":{"0":"post-757030","1":"product","2":"type-product","3":"status-publish","5":"product_cat-cocuk-ve-genclik-kitaplari","6":"pa_cilt-ciltli","7":"pa_tur-kitap","8":"pa_yayinevi-indigo-cocuk","9":"pa_yazar-sally-payne","11":"first","12":"instock","13":"sale","14":"shipping-taxable","15":"purchasable","16":"product-type-simple"},"_links":{"self":[{"href":"https:\/\/roveyayinevi.com.tr\/index.php\/wp-json\/wp\/v2\/product\/757030","targetHints":{"allow":["GET"]}}],"collection":[{"href":"https:\/\/roveyayinevi.com.tr\/index.php\/wp-json\/wp\/v2\/product"}],"about":[{"href":"https:\/\/roveyayinevi.com.tr\/index.php\/wp-json\/wp\/v2\/types\/product"}],"wp:attachment":[{"href":"https:\/\/roveyayinevi.com.tr\/index.php\/wp-json\/wp\/v2\/media?parent=757030"}],"wp:term":[{"taxonomy":"product_brand","embeddable":true,"href":"https:\/\/roveyayinevi.com.tr\/index.php\/wp-json\/wp\/v2\/product_brand?post=757030"},{"taxonomy":"product_cat","embeddable":true,"href":"https:\/\/roveyayinevi.com.tr\/index.php\/wp-json\/wp\/v2\/product_cat?post=757030"},{"taxonomy":"product_tag","embeddable":true,"href":"https:\/\/roveyayinevi.com.tr\/index.php\/wp-json\/wp\/v2\/product_tag?post=757030"}],"curies":[{"name":"wp","href":"https:\/\/api.w.org\/{rel}","templated":true}]}}