{"id":757029,"date":"2025-08-28T07:24:14","date_gmt":"2025-08-28T04:24:14","guid":{"rendered":"https:\/\/roveyayinevi.com.tr\/index.php\/urun\/prehistoryanin-abisi-ciltli\/"},"modified":"2026-04-16T03:10:02","modified_gmt":"2026-04-16T00:10:02","slug":"prehistoryanin-abisi-ciltli","status":"publish","type":"product","link":"https:\/\/roveyayinevi.com.tr\/index.php\/urun\/prehistoryanin-abisi-ciltli\/","title":{"rendered":"Prehistorya&#8217;n\u0131n &#8220;Abi&#8221;si (Ciltli)"},"content":{"rendered":"<p>\u00d6nce \u00f6\u011frencim, daha sonra meslekta\u015f\u0131m olan Prof. Dr. Harun Ta\u015fk\u0131ran i\u00e7in d\u00fczenlenen bu de\u011ferli \u201cArma\u011fan Kitab\u0131\u201dna \u00f6ns\u00f6z yazmam \u00f6nerisi, bende farkl\u0131 duygular\u0131n yo\u011funla\u015fmas\u0131na neden oldu. Bir zamanlar \u00f6\u011frenciniz olan bir bireyin aktif akademik ya\u015fam\u0131na nokta koymas\u0131na tan\u0131k olmak insana tarif edilemez buruklukta bir duygu ya\u015fat\u0131yor. Ac\u0131s\u0131yla ve tatl\u0131s\u0131yla y\u0131llar\u0131n ne denli \u00e7abuk ak\u0131p ge\u00e7ti\u011fini g\u00f6rmenin \u015fa\u015fk\u0131nl\u0131\u011f\u0131n\u0131 bir kez daha ya\u015f\u0131yorsunuz. \u00d6te yandan, yeti\u015fmesine katk\u0131da bulundu\u011funuz de\u011ferli bir bilim insan\u0131 hakk\u0131nda bir \u015feyler kaleme almaktan da ola\u011fan\u00fcst\u00fc gurur duyuyorsunuz. Ta\u015fk\u0131ran\u2019\u0131n DTCF\u2019ne \u00f6\u011frenci olarak girdi\u011fi 1974 y\u0131l\u0131, Prehistorya K\u00fcrs\u00fcs\u00fc\u2019n\u00fcn d\u00fczeninin alt\u00fcst, gelece\u011finin ise karanl\u0131k oldu\u011fu bir y\u0131ld\u0131. Zira k\u00fcrs\u00fcn\u00fcn kurucusu De\u011ferli Hocam\u0131z Prof. Dr. \u0130. K\u0131l\u0131\u00e7 K\u00f6kten emekliye ayr\u0131lm\u0131\u015f ve hemen ard\u0131ndan da vefat etmi\u015fti. B\u00f6ylece k\u00fcrs\u00fc ba\u015fs\u0131z, ben ise bilimsel geli\u015fimimi s\u00fcrd\u00fcrebilme ortam\u0131 a\u00e7\u0131s\u0131ndan tek ba\u015f\u0131ma kalm\u0131\u015ft\u0131m. \u00d6te yandan Hocam\u2019\u0131n, \u00f6zellikle son y\u0131llar\u0131nda bana s\u0131k s\u0131k s\u00f6yledi\u011fi \u201cI\u015f\u0131n han\u0131m k\u00fcrs\u00fc size emanet\u201d vasiyetini, 31 Aral\u0131k 1973\u2019te bana arma\u011fan etti\u011fi b\u00fcy\u00fct\u00fclm\u00fc\u015f bir resminin arkas\u0131na yazd\u0131\u011f\u0131; \u201cDuygulu, \u00c7al\u0131\u015fkan Asistan\u0131m Dr. I\u015f\u0131n Yal\u00e7\u0131nkaya, \u0130nsanl\u0131k Tarihinin en zor ve en heyecanl\u0131 b\u00f6l\u00fcm\u00fcn\u00fc inceliyorsun. K\u00fcrs\u00fc i\u015flerinde, ders ve uygulamalar\u0131nda, gezi ve kaz\u0131larda ba\u015far\u0131l\u0131s\u0131n. Bulu\u015flar\u0131nla, yay\u0131nlar\u0131nla daima \u00f6\u011f\u00fcnece\u011fim. K\u00fcrs\u00fc sizindir. Hayat\u0131n boyunca mutlu ya\u015fant\u0131 dilerim. Te\u015fekk\u00fcr ve sevgiler\u2026 Hocan \u0130. K\u0131l\u0131\u00e7 K\u00f6kten\u201d \u015feklindeki bir notla belgelemesi, k\u00fcrs\u00fcn\u00fcn devam\u0131 a\u00e7\u0131s\u0131ndan da sorumlulu\u011fumun peki\u015fmesine neden oldu. \u00dcstlendi\u011fim b\u00fct\u00fcn bu sorumluluklar\u0131, gere\u011fi gibi yerine getirebilmem ancak akademik eksikliklerimi h\u0131zla gidermekle m\u00fcmk\u00fcnd\u00fc. Bu d\u00fc\u015f\u00fcnceden yola \u00e7\u0131karak 1975 y\u0131l\u0131nda CNRS\u2019in a\u00e7t\u0131\u011f\u0131 bir burs s\u0131nav\u0131n\u0131 kazan\u0131p prehistorya e\u011fitiminin ve bilimsel \u00e7al\u0131\u015fmalar\u0131n merkezi konumundaki Fransa\u2019ya gittim. Bu arada K\u00fcrs\u00fc\u2019n\u00fcn faaliyetlerinin devam\u0131n\u0131 sa\u011flamada; K\u00f6kten Hoca\u2019n\u0131n ilk asistan\u0131 olan Dr. G\u00fcner Soylu (dersleri y\u00fcr\u00fctmede) ve \u00dcniversitemiz Jeoloji M\u00fchendisli\u011fi B\u00f6l\u00fcm\u00fc\u2019nden Prof. Dr. Melih Tokay\u2019dan (K\u00fcrs\u00fc\u2019ye vek\u00e2let etmede) b\u00fcy\u00fck destek g\u00f6rd\u00fcm. Manevi huzurlar\u0131nda sayg\u0131 ve minnetle e\u011filiyorum. B\u00f6ylece Ta\u015fk\u0131ran ile olan hoca-\u00f6\u011frenci ili\u015fkimiz bir y\u0131l ask\u0131da kald\u0131. Ancak hocal\u0131\u011f\u0131n\u0131 yapt\u0131\u011f\u0131m s\u00fcre boyunca Ta\u015fk\u0131ran\u2019\u0131n \u00e7al\u0131\u015fkanl\u0131\u011f\u0131, d\u00fcr\u00fcstl\u00fc\u011f\u00fc, en \u00f6nemlisi de sorumluluk ve i\u015f bilinci hep dikkatimi \u00e7ekmi\u015fti.<\/p>\n","protected":false},"excerpt":{"rendered":"<p>\u00d6nce \u00f6\u011frencim, daha sonra meslekta\u015f\u0131m olan Prof. Dr. Harun Ta\u015fk\u0131ran i\u00e7in d\u00fczenlenen bu de\u011ferli \u201cArma\u011fan Kitab\u0131\u201dna \u00f6ns\u00f6z yazmam \u00f6nerisi, bende farkl\u0131 duygular\u0131n yo\u011funla\u015fmas\u0131na neden oldu. Bir<span class=\"excerpt-hellip\"> [\u2026]<\/span><\/p>\n","protected":false},"featured_media":0,"template":"","meta":{"_monsterinsights_skip_tracking":false,"_monsterinsights_sitenote_active":false,"_monsterinsights_sitenote_note":"","_monsterinsights_sitenote_category":0},"product_brand":[],"product_cat":[44608,12408],"product_tag":[],"class_list":{"0":"post-757029","1":"product","2":"type-product","3":"status-publish","5":"product_cat-diger-sanat","6":"product_cat-sanat","7":"pa_cilt-ciltli","8":"pa_tur-kitap","9":"pa_yayinevi-bilgin-kultur-sanat","10":"pa_yazar-yavuz-aydin-esref-erbil-gizem-kartal","12":"first","13":"instock","14":"sale","15":"shipping-taxable","16":"purchasable","17":"product-type-simple"},"_links":{"self":[{"href":"https:\/\/roveyayinevi.com.tr\/index.php\/wp-json\/wp\/v2\/product\/757029","targetHints":{"allow":["GET"]}}],"collection":[{"href":"https:\/\/roveyayinevi.com.tr\/index.php\/wp-json\/wp\/v2\/product"}],"about":[{"href":"https:\/\/roveyayinevi.com.tr\/index.php\/wp-json\/wp\/v2\/types\/product"}],"wp:attachment":[{"href":"https:\/\/roveyayinevi.com.tr\/index.php\/wp-json\/wp\/v2\/media?parent=757029"}],"wp:term":[{"taxonomy":"product_brand","embeddable":true,"href":"https:\/\/roveyayinevi.com.tr\/index.php\/wp-json\/wp\/v2\/product_brand?post=757029"},{"taxonomy":"product_cat","embeddable":true,"href":"https:\/\/roveyayinevi.com.tr\/index.php\/wp-json\/wp\/v2\/product_cat?post=757029"},{"taxonomy":"product_tag","embeddable":true,"href":"https:\/\/roveyayinevi.com.tr\/index.php\/wp-json\/wp\/v2\/product_tag?post=757029"}],"curies":[{"name":"wp","href":"https:\/\/api.w.org\/{rel}","templated":true}]}}