{"id":757028,"date":"2025-08-28T07:24:12","date_gmt":"2025-08-28T04:24:12","guid":{"rendered":"https:\/\/roveyayinevi.com.tr\/index.php\/urun\/ne-yeni-ne-baska\/"},"modified":"2026-04-16T03:10:02","modified_gmt":"2026-04-16T00:10:02","slug":"ne-yeni-ne-baska","status":"publish","type":"product","link":"https:\/\/roveyayinevi.com.tr\/index.php\/urun\/ne-yeni-ne-baska\/","title":{"rendered":"Ne Yeni Ne Ba\u015fka"},"content":{"rendered":"<p>&#8220;Kendi gelece\u011fimi g\u00f6rm\u00fc\u015ft\u00fcm onda. Bir daha hi\u00e7bir erke\u011fe g\u00fcvenemeyecektim. Hi\u00e7 iyile\u015fmeyecek bir yarayla, \u00f6l\u00fcnceye dek yakam\u0131 b\u0131rakmayacak bir ac\u0131yla g\u00fcnleri atlatmaya, her an y\u00fczeye \u00e7\u0131kacak bir a\u011fr\u0131yla ya\u015famaya \u00e7al\u0131\u015facakt\u0131m. Gelecek dedi\u011fi buydu. Yeni bir hayat dedi\u011fi buydu, bu ya\u015fta inzivaya \u00e7ekilmek, d\u00f6k\u00fck bir k\u00f6y evinde tek ba\u015f\u0131na ya\u015famakt\u0131. Yeniden ba\u015flamak dedi\u011fi can\u0131n\u0131 kurtarmakt\u0131.\u201d G\u00fczel g\u00fcnlerin gelece\u011fine dair \u00fcmidini hi\u00e7 kaybetmeyenler, d\u00fcnya ile kendileri aras\u0131ndaki sava\u015fta tarafs\u0131z kalmaya \u00e7al\u0131\u015fanlar, ya\u015fama \u015fevkle ba\u011flananlar, vazge\u00e7menin e\u015fi\u011finde olanlar, a\u015fk\u0131n ya da yaln\u0131zl\u0131\u011f\u0131n insan\u0131 i\u00e7ine \u00e7eken girdab\u0131yla bo\u011fu\u015fanlar \u2026 Ay\u015fen I\u015f\u0131k, Ne Yeni Ne Ba\u015fka\u2019da s\u0131radan ya\u015famlar\u0131m\u0131z\u0131n \u201cara sokaklar\u0131na\u201d s\u0131z\u0131yor. Fark etmediklerimizi, fark etmek istemediklerimizi en ince ayr\u0131nt\u0131s\u0131na kadar g\u00f6steriyor. Bunu yaparken, her \u015feyin ayn\u0131l\u0131\u011f\u0131n\u0131, benzerli\u011fini sezdirerek bir bak\u0131ma duygular\u0131m\u0131z\u0131 ortakla\u015ft\u0131r\u0131yor. <\/p>\n","protected":false},"excerpt":{"rendered":"<p>&#8220;Kendi gelece\u011fimi g\u00f6rm\u00fc\u015ft\u00fcm onda. Bir daha hi\u00e7bir erke\u011fe g\u00fcvenemeyecektim. Hi\u00e7 iyile\u015fmeyecek bir yarayla, \u00f6l\u00fcnceye dek yakam\u0131 b\u0131rakmayacak bir ac\u0131yla g\u00fcnleri atlatmaya, her an y\u00fczeye \u00e7\u0131kacak bir<span class=\"excerpt-hellip\"> [\u2026]<\/span><\/p>\n","protected":false},"featured_media":0,"template":"","meta":{"_monsterinsights_skip_tracking":false,"_monsterinsights_sitenote_active":false,"_monsterinsights_sitenote_note":"","_monsterinsights_sitenote_category":0},"product_brand":[],"product_cat":[12291,12711],"product_tag":[],"class_list":{"0":"post-757028","1":"product","2":"type-product","3":"status-publish","5":"product_cat-edebiyat","6":"product_cat-roman-oyku","7":"pa_cilt-ciltsiz","8":"pa_tur-kitap","9":"pa_yayinevi-iletisim-yayinlari","10":"pa_yazar-aysen-isik","12":"first","13":"instock","14":"sale","15":"shipping-taxable","16":"purchasable","17":"product-type-simple"},"_links":{"self":[{"href":"https:\/\/roveyayinevi.com.tr\/index.php\/wp-json\/wp\/v2\/product\/757028","targetHints":{"allow":["GET"]}}],"collection":[{"href":"https:\/\/roveyayinevi.com.tr\/index.php\/wp-json\/wp\/v2\/product"}],"about":[{"href":"https:\/\/roveyayinevi.com.tr\/index.php\/wp-json\/wp\/v2\/types\/product"}],"wp:attachment":[{"href":"https:\/\/roveyayinevi.com.tr\/index.php\/wp-json\/wp\/v2\/media?parent=757028"}],"wp:term":[{"taxonomy":"product_brand","embeddable":true,"href":"https:\/\/roveyayinevi.com.tr\/index.php\/wp-json\/wp\/v2\/product_brand?post=757028"},{"taxonomy":"product_cat","embeddable":true,"href":"https:\/\/roveyayinevi.com.tr\/index.php\/wp-json\/wp\/v2\/product_cat?post=757028"},{"taxonomy":"product_tag","embeddable":true,"href":"https:\/\/roveyayinevi.com.tr\/index.php\/wp-json\/wp\/v2\/product_tag?post=757028"}],"curies":[{"name":"wp","href":"https:\/\/api.w.org\/{rel}","templated":true}]}}