{"id":757017,"date":"2025-08-28T07:23:53","date_gmt":"2025-08-28T04:23:53","guid":{"rendered":"https:\/\/roveyayinevi.com.tr\/index.php\/urun\/le-petit-prince-3\/"},"modified":"2025-09-25T09:43:41","modified_gmt":"2025-09-25T06:43:41","slug":"le-petit-prince-3","status":"publish","type":"product","link":"https:\/\/roveyayinevi.com.tr\/index.php\/urun\/le-petit-prince-3\/","title":{"rendered":"Le Petit Prince"},"content":{"rendered":"<p>Je demande pardon aux enfants d&#8217;avoir d\u00e9di\u00e9 ce livre \u00e0 une grande personne. J&#8217;ai une excuse s\u00e9rieuse : cette grande personne est le meilleur ami que j&#8217;ai au monde. J&#8217;ai une autre excuse : cette grande personne peut tout comprendre, m\u00eame les livres pour enfants. J&#8217;ai une troisi\u00e8me excuse : cette grande personne habite la France o\u00f9 elle a faim et froid. Elle a besoin d&#8217;\u00eatre consol\u00e9e. Si toutes ces excuses ne suffisent pas, je veux bien d\u00e9dier ce livre \u00e0 l&#8217;enfant qu&#8217;a \u00e9t\u00e9 autrefois cette grande personne. Toutes les grandes personnes ont d&#8217;abord \u00e9t\u00e9 des enfants. (Mais peu d&#8217;entre elles s&#8217;en souviennent.) Je corrige donc ma d\u00e9dicace . <\/p>\n","protected":false},"excerpt":{"rendered":"<p>Je demande pardon aux enfants d&#8217;avoir d\u00e9di\u00e9 ce livre \u00e0 une grande personne. J&#8217;ai une excuse s\u00e9rieuse : cette grande personne est le meilleur ami que<span class=\"excerpt-hellip\"> [\u2026]<\/span><\/p>\n","protected":false},"featured_media":0,"template":"","meta":{"_monsterinsights_skip_tracking":false,"_monsterinsights_sitenote_active":false,"_monsterinsights_sitenote_note":"","_monsterinsights_sitenote_category":0},"product_brand":[],"product_cat":[12291,13376],"product_tag":[],"class_list":{"0":"post-757017","1":"product","2":"type-product","3":"status-publish","5":"product_cat-edebiyat","6":"product_cat-fransiz-edebiyati","7":"pa_cilt-ciltsiz","8":"pa_tur-kitap","9":"pa_yayinevi-vova-yayinlari","10":"pa_yazar-antoine-de-saint-exupery","12":"first","13":"instock","14":"sale","15":"shipping-taxable","16":"purchasable","17":"product-type-simple"},"_links":{"self":[{"href":"https:\/\/roveyayinevi.com.tr\/index.php\/wp-json\/wp\/v2\/product\/757017","targetHints":{"allow":["GET"]}}],"collection":[{"href":"https:\/\/roveyayinevi.com.tr\/index.php\/wp-json\/wp\/v2\/product"}],"about":[{"href":"https:\/\/roveyayinevi.com.tr\/index.php\/wp-json\/wp\/v2\/types\/product"}],"wp:attachment":[{"href":"https:\/\/roveyayinevi.com.tr\/index.php\/wp-json\/wp\/v2\/media?parent=757017"}],"wp:term":[{"taxonomy":"product_brand","embeddable":true,"href":"https:\/\/roveyayinevi.com.tr\/index.php\/wp-json\/wp\/v2\/product_brand?post=757017"},{"taxonomy":"product_cat","embeddable":true,"href":"https:\/\/roveyayinevi.com.tr\/index.php\/wp-json\/wp\/v2\/product_cat?post=757017"},{"taxonomy":"product_tag","embeddable":true,"href":"https:\/\/roveyayinevi.com.tr\/index.php\/wp-json\/wp\/v2\/product_tag?post=757017"}],"curies":[{"name":"wp","href":"https:\/\/api.w.org\/{rel}","templated":true}]}}