{"id":757015,"date":"2025-08-28T07:23:49","date_gmt":"2025-08-28T04:23:49","guid":{"rendered":"https:\/\/roveyayinevi.com.tr\/index.php\/urun\/kurani-kerimde-siyak-ve-makamin-irab-tercihine-etkisi\/"},"modified":"2026-04-16T03:10:02","modified_gmt":"2026-04-16T00:10:02","slug":"kurani-kerimde-siyak-ve-makamin-irab-tercihine-etkisi","status":"publish","type":"product","link":"https:\/\/roveyayinevi.com.tr\/index.php\/urun\/kurani-kerimde-siyak-ve-makamin-irab-tercihine-etkisi\/","title":{"rendered":"Kur&#8217;an&#8217;\u0131 Kerim&#8217;de Siyak ve Makam&#8217;\u0131n \u0130&#8217;rab Tercihine Etkisi"},"content":{"rendered":"<p>Kur\u2019\u00e2n ilimleri a\u00e7\u0131s\u0131ndan \u00e2yetlerin grameri olarak ta\u015f\u0131d\u0131\u011f\u0131 farkl\u0131 vecihleri ortaya \u00e7\u0131karan i\u2019r\u00e2b ilmi, \u00e7ok b\u00fcy\u00fck \u00f6nemi h\u00e2izdir. \u0130\u2018r\u00e2b ilminin bu \u00f6neminden \u00f6t\u00fcr\u00fc, erken d\u00f6nemlerden itibaren \u00e2limler Kur\u2019\u00e2n i\u2019r\u00e2b\u0131yla ilgili eser te\u2019l\u00eef\u00e2t\u0131na ba\u015flam\u0131\u015flard\u0131r. \u00c7\u00fcnk\u00fc Kur\u2019\u00e2n \u00e2yetlerinin sahip oldu\u011fu gramatik yap\u0131 ve \u00f6zellik, i\u2019r\u00e2b i\u015flemiyle g\u00fcn y\u00fcz\u00fcne \u00e7\u0131kt\u0131\u011f\u0131 gibi Kur\u2019\u00e2n\u2019\u0131n semantik yap\u0131s\u0131, \u00e7a\u011f\u0131n ruhuna hitap eden f\u0131kh\u00ee h\u00fck\u00fcmler ve en \u00f6nemlisi de Kur\u2019\u00e2n\u2019\u0131n sahip oldu\u011fu e\u015fsiz bel\u00e2\u011f\u00ee \u00fcslup ve Kur\u2019\u00e2n i\u2018c\u00e2z\u0131 ortaya \u00e7\u0131kar. Kur\u2019\u00e2n-\u0131 Ker\u00eem\u2019in sahip oldu\u011fu e\u015fsiz dil sanat\u0131n\u0131n ortaya \u00e7\u0131kt\u0131\u011f\u0131 Kur\u2019\u00e2n \u00e2yetlerini tam anlam\u0131yla idr\u00e2k etmenin yolu kel\u00e2m\u0131n siy\u00e2k ve mak\u00e2m\u0131n\u0131 bilmekten ge\u00e7er. \u00c7\u00fcnk\u00fc bu iki unsur, \u00e2yetlerin nazm\u0131ndaki dilsel tabir, bel\u00e2\u011f\u00ee s\u0131r ve \u00fcsluplar\u0131 daha a\u00e7\u0131k hale getirerek okuyucuya daha derin tefekk\u00fcr imk\u00e2n\u0131 verir. <\/p>\n","protected":false},"excerpt":{"rendered":"<p>Kur\u2019\u00e2n ilimleri a\u00e7\u0131s\u0131ndan \u00e2yetlerin grameri olarak ta\u015f\u0131d\u0131\u011f\u0131 farkl\u0131 vecihleri ortaya \u00e7\u0131karan i\u2019r\u00e2b ilmi, \u00e7ok b\u00fcy\u00fck \u00f6nemi h\u00e2izdir. \u0130\u2018r\u00e2b ilminin bu \u00f6neminden \u00f6t\u00fcr\u00fc, erken d\u00f6nemlerden itibaren \u00e2limler<span class=\"excerpt-hellip\"> [\u2026]<\/span><\/p>\n","protected":false},"featured_media":0,"template":"","meta":{"_monsterinsights_skip_tracking":false,"_monsterinsights_sitenote_active":false,"_monsterinsights_sitenote_note":"","_monsterinsights_sitenote_category":0},"product_brand":[],"product_cat":[12573,12566],"product_tag":[],"class_list":{"0":"post-757015","1":"product","2":"type-product","3":"status-publish","5":"product_cat-akademik-kitaplar","6":"product_cat-egitim","7":"pa_cilt-ciltsiz","8":"pa_tur-kitap","9":"pa_yayinevi-soncag-akademik-kitaplar","10":"pa_yazar-muhammed-sehit-hakcioglu","12":"first","13":"instock","14":"sale","15":"shipping-taxable","16":"purchasable","17":"product-type-simple"},"_links":{"self":[{"href":"https:\/\/roveyayinevi.com.tr\/index.php\/wp-json\/wp\/v2\/product\/757015","targetHints":{"allow":["GET"]}}],"collection":[{"href":"https:\/\/roveyayinevi.com.tr\/index.php\/wp-json\/wp\/v2\/product"}],"about":[{"href":"https:\/\/roveyayinevi.com.tr\/index.php\/wp-json\/wp\/v2\/types\/product"}],"wp:attachment":[{"href":"https:\/\/roveyayinevi.com.tr\/index.php\/wp-json\/wp\/v2\/media?parent=757015"}],"wp:term":[{"taxonomy":"product_brand","embeddable":true,"href":"https:\/\/roveyayinevi.com.tr\/index.php\/wp-json\/wp\/v2\/product_brand?post=757015"},{"taxonomy":"product_cat","embeddable":true,"href":"https:\/\/roveyayinevi.com.tr\/index.php\/wp-json\/wp\/v2\/product_cat?post=757015"},{"taxonomy":"product_tag","embeddable":true,"href":"https:\/\/roveyayinevi.com.tr\/index.php\/wp-json\/wp\/v2\/product_tag?post=757015"}],"curies":[{"name":"wp","href":"https:\/\/api.w.org\/{rel}","templated":true}]}}