{"id":757013,"date":"2025-08-28T07:23:46","date_gmt":"2025-08-28T04:23:46","guid":{"rendered":"https:\/\/roveyayinevi.com.tr\/index.php\/urun\/denemeler-kirik-pusula\/"},"modified":"2026-01-30T03:46:41","modified_gmt":"2026-01-30T00:46:41","slug":"denemeler-kirik-pusula","status":"publish","type":"product","link":"https:\/\/roveyayinevi.com.tr\/index.php\/urun\/denemeler-kirik-pusula\/","title":{"rendered":"Denemeler \u2013 K\u0131r\u0131k Pusula"},"content":{"rendered":"<p>Lokman \u00d6\u011f\u00fclm\u00fc\u015f, Denemeler- K\u0131r\u0131k Pusula kitab\u0131nda, farkl\u0131 konular\u0131 kendi perspektifi do\u011frultusunda ele al\u0131yor. T\u00fcrkiye&#8217;de ya\u015fanan olaylar, se\u00e7imler \u00fczerine d\u00fc\u015f\u00fcnceler, Ortado\u011fu ve Filistin \u00fczerine d\u00fc\u015f\u00fcnceler, Fransa ve Avrupa&#8217;da se\u00e7imler, Avrupa Birli\u011fi \u00fczerine d\u00fc\u015f\u00fcnceler, Amerika&#8217;n\u0131n T\u00fcrkiye ve Ortado\u011fu&#8217;daki etkinlikleri ve BOP projesinin ama\u00e7lar\u0131 ve hedefleri konusunda yaz\u0131lar i\u00e7eren eser, verimli oldu\u011fu kadar insan\u0131 d\u00fc\u015f\u00fcnd\u00fcrecek, sorgulamaya ve ara\u015ft\u0131rmaya y\u00f6nlendirecek bir \u00e7al\u0131\u015fman\u0131n \u00fcr\u00fcn\u00fcd\u00fcr. <\/p>\n","protected":false},"excerpt":{"rendered":"<p>Lokman \u00d6\u011f\u00fclm\u00fc\u015f, Denemeler- K\u0131r\u0131k Pusula kitab\u0131nda, farkl\u0131 konular\u0131 kendi perspektifi do\u011frultusunda ele al\u0131yor. T\u00fcrkiye&#8217;de ya\u015fanan olaylar, se\u00e7imler \u00fczerine d\u00fc\u015f\u00fcnceler, Ortado\u011fu ve Filistin \u00fczerine d\u00fc\u015f\u00fcnceler, Fransa ve<span class=\"excerpt-hellip\"> [\u2026]<\/span><\/p>\n","protected":false},"featured_media":0,"template":"","meta":{"_monsterinsights_skip_tracking":false,"_monsterinsights_sitenote_active":false,"_monsterinsights_sitenote_note":"","_monsterinsights_sitenote_category":0},"product_brand":[],"product_cat":[12777,12291],"product_tag":[],"class_list":{"0":"post-757013","1":"product","2":"type-product","3":"status-publish","5":"product_cat-deneme","6":"product_cat-edebiyat","7":"pa_cilt-ciltsiz","8":"pa_tur-kitap","9":"pa_yayinevi-vova-yayinlari","10":"pa_yazar-lokman-ogulmus","12":"first","13":"instock","14":"sale","15":"shipping-taxable","16":"purchasable","17":"product-type-simple"},"_links":{"self":[{"href":"https:\/\/roveyayinevi.com.tr\/index.php\/wp-json\/wp\/v2\/product\/757013","targetHints":{"allow":["GET"]}}],"collection":[{"href":"https:\/\/roveyayinevi.com.tr\/index.php\/wp-json\/wp\/v2\/product"}],"about":[{"href":"https:\/\/roveyayinevi.com.tr\/index.php\/wp-json\/wp\/v2\/types\/product"}],"wp:attachment":[{"href":"https:\/\/roveyayinevi.com.tr\/index.php\/wp-json\/wp\/v2\/media?parent=757013"}],"wp:term":[{"taxonomy":"product_brand","embeddable":true,"href":"https:\/\/roveyayinevi.com.tr\/index.php\/wp-json\/wp\/v2\/product_brand?post=757013"},{"taxonomy":"product_cat","embeddable":true,"href":"https:\/\/roveyayinevi.com.tr\/index.php\/wp-json\/wp\/v2\/product_cat?post=757013"},{"taxonomy":"product_tag","embeddable":true,"href":"https:\/\/roveyayinevi.com.tr\/index.php\/wp-json\/wp\/v2\/product_tag?post=757013"}],"curies":[{"name":"wp","href":"https:\/\/api.w.org\/{rel}","templated":true}]}}