{"id":757012,"date":"2025-08-28T07:23:44","date_gmt":"2025-08-28T04:23:44","guid":{"rendered":"https:\/\/roveyayinevi.com.tr\/index.php\/urun\/kelebek-cocuk\/"},"modified":"2026-01-30T03:46:41","modified_gmt":"2026-01-30T00:46:41","slug":"kelebek-cocuk","status":"publish","type":"product","link":"https:\/\/roveyayinevi.com.tr\/index.php\/urun\/kelebek-cocuk\/","title":{"rendered":"Kelebek \u00c7ocuk"},"content":{"rendered":"<p>Kelebek \u00e7ocu\u011fun sesine kulak verin!       \u201c \u00d6zg\u00fcrle\u015fin! G\u00fcl\u00fcmseyin! Fark yarat\u0131n! B\u00fct\u00fcnle\u015fin!        Ne kadar g\u00fcven i\u00e7erisinde g\u00f6r\u00fcn\u00fcrse g\u00f6r\u00fcns\u00fcn, \u00e7ocuk, gen\u00e7, ya\u015fl\u0131; zengin veya yoksul t\u00fcm canl\u0131 varl\u0131klar\u0131n sana gereksinimi vard\u0131r. Kendinizin arma\u011fan oldu\u011funu unutmay\u0131n.        Gezebiliyor, duyabiliyor, g\u00f6rebiliyorsunuz.       Fark\u0131ndal\u0131\u011fa var\u0131n\u201d <\/p>\n","protected":false},"excerpt":{"rendered":"<p>Kelebek \u00e7ocu\u011fun sesine kulak verin! \u201c \u00d6zg\u00fcrle\u015fin! G\u00fcl\u00fcmseyin! Fark yarat\u0131n! B\u00fct\u00fcnle\u015fin! Ne kadar g\u00fcven i\u00e7erisinde g\u00f6r\u00fcn\u00fcrse g\u00f6r\u00fcns\u00fcn, \u00e7ocuk, gen\u00e7, ya\u015fl\u0131; zengin veya yoksul t\u00fcm canl\u0131 varl\u0131klar\u0131n<span class=\"excerpt-hellip\"> [\u2026]<\/span><\/p>\n","protected":false},"featured_media":0,"template":"","meta":{"_monsterinsights_skip_tracking":false,"_monsterinsights_sitenote_active":false,"_monsterinsights_sitenote_note":"","_monsterinsights_sitenote_category":0},"product_brand":[],"product_cat":[12291,12509],"product_tag":[],"class_list":{"0":"post-757012","1":"product","2":"type-product","3":"status-publish","5":"product_cat-edebiyat","6":"product_cat-siir","7":"pa_cilt-ciltsiz","8":"pa_tur-kitap","9":"pa_yayinevi-vova-yayinlari","10":"pa_yazar-sureyya-aktas","12":"first","13":"instock","14":"sale","15":"shipping-taxable","16":"purchasable","17":"product-type-simple"},"_links":{"self":[{"href":"https:\/\/roveyayinevi.com.tr\/index.php\/wp-json\/wp\/v2\/product\/757012","targetHints":{"allow":["GET"]}}],"collection":[{"href":"https:\/\/roveyayinevi.com.tr\/index.php\/wp-json\/wp\/v2\/product"}],"about":[{"href":"https:\/\/roveyayinevi.com.tr\/index.php\/wp-json\/wp\/v2\/types\/product"}],"wp:attachment":[{"href":"https:\/\/roveyayinevi.com.tr\/index.php\/wp-json\/wp\/v2\/media?parent=757012"}],"wp:term":[{"taxonomy":"product_brand","embeddable":true,"href":"https:\/\/roveyayinevi.com.tr\/index.php\/wp-json\/wp\/v2\/product_brand?post=757012"},{"taxonomy":"product_cat","embeddable":true,"href":"https:\/\/roveyayinevi.com.tr\/index.php\/wp-json\/wp\/v2\/product_cat?post=757012"},{"taxonomy":"product_tag","embeddable":true,"href":"https:\/\/roveyayinevi.com.tr\/index.php\/wp-json\/wp\/v2\/product_tag?post=757012"}],"curies":[{"name":"wp","href":"https:\/\/api.w.org\/{rel}","templated":true}]}}