{"id":757011,"date":"2025-08-28T07:23:43","date_gmt":"2025-08-28T04:23:43","guid":{"rendered":"https:\/\/roveyayinevi.com.tr\/index.php\/urun\/falezlerde-yankilanan-bir-ses\/"},"modified":"2026-01-30T03:46:41","modified_gmt":"2026-01-30T00:46:41","slug":"falezlerde-yankilanan-bir-ses","status":"publish","type":"product","link":"https:\/\/roveyayinevi.com.tr\/index.php\/urun\/falezlerde-yankilanan-bir-ses\/","title":{"rendered":"Falezlerde Yank\u0131lanan Bir Ses"},"content":{"rendered":"<p>Sevgili dostlar! Yol alarak devaml\u0131 y\u00fcr\u00fcmekte oldu\u011fumuz bu fani d\u00fcnyada, biz insanlardan baki kalan tek \u015fey; Geriye d\u00f6n\u00fck ac\u0131 tatl\u0131 ANILARIMIZ, ileriye d\u00f6n\u00fck ise hep ger\u00e7ekle\u015ftirmek istedi\u011fimiz HAYALLER\u0130M\u0130ZD\u0130R. Ya\u015fam s\u00fcresince h\u00fcz\u00fcnlerinizin bir damla kadar k\u00fc\u00e7\u00fck, sevin\u00e7lerinizin mutluluklar\u0131n\u0131z\u0131n, okyanuslar kadar derin, hayat s\u00fcresince \u015fanslar\u0131n\u0131z\u0131n g\u00f6ky\u00fcz\u00fcndeki y\u0131ld\u0131zlar kadar s\u0131k\u00e7a olmas\u0131n\u0131 dileyerek, y\u00fcr\u00fcd\u00fc\u011f\u00fcm\u00fcz hayat yolunda, bir zaman ve mek\u00e2nda kar\u015f\u0131la\u015fmay\u0131 \u00fcmit eder, Sayg\u0131, sevgi ve \u015f\u00fckranlar\u0131m\u0131 sunar\u0131m\u2026   \u201c Bir g\u00fcn gelirde d\u00fcnyadan g\u00f6\u00e7er isek e\u011fer, Kalacak olan tek \u015fey, an\u0131lard\u0131r bizden de\u011fer.\u201d   \u201cA\u015fk bir oyun, sevgi ya\u015famd\u0131r. A\u015fk sevgi yoludur, sab\u0131rd\u0131r. A\u015fk\u0131n bahar\u0131 yaz\u0131 olmaz, G\u00f6n\u00fclde ya\u015fanan zamand\u0131r.\u201d ************ \u201cU\u00e7ar ku\u015flar denizin \u00f6tesine, A\u015fklar hep anlat\u0131l\u0131r \u00f6ylesine, A\u015fk muhta\u00e7t\u0131r g\u00f6n\u00fcl tesellisine, Dalgalan g\u00fczel deniz, Akdeniz\u2019im ************ \u201cSonbaharda ya\u015fanan a\u015fklar, bir ba\u015fka olur, Duyulur, ya\u015fan\u0131r, en g\u00fczel a\u015fk\u0131n masal\u0131, Ya\u011fmurlar ya\u011far, deniz ta\u015far, sahili vurur, Sevenleri, r\u00fczg\u00e2r ya\u011fmurdan hep saklamal\u0131.\u201d <\/p>\n","protected":false},"excerpt":{"rendered":"<p>Sevgili dostlar! Yol alarak devaml\u0131 y\u00fcr\u00fcmekte oldu\u011fumuz bu fani d\u00fcnyada, biz insanlardan baki kalan tek \u015fey; Geriye d\u00f6n\u00fck ac\u0131 tatl\u0131 ANILARIMIZ, ileriye d\u00f6n\u00fck ise hep ger\u00e7ekle\u015ftirmek<span class=\"excerpt-hellip\"> [\u2026]<\/span><\/p>\n","protected":false},"featured_media":0,"template":"","meta":{"_monsterinsights_skip_tracking":false,"_monsterinsights_sitenote_active":false,"_monsterinsights_sitenote_note":"","_monsterinsights_sitenote_category":0},"product_brand":[],"product_cat":[12291,12509],"product_tag":[],"class_list":{"0":"post-757011","1":"product","2":"type-product","3":"status-publish","5":"product_cat-edebiyat","6":"product_cat-siir","7":"pa_cilt-ciltsiz","8":"pa_tur-kitap","9":"pa_yayinevi-vova-yayinlari","10":"pa_yazar-erdogan-kirmizioglu","12":"first","13":"instock","14":"sale","15":"shipping-taxable","16":"purchasable","17":"product-type-simple"},"_links":{"self":[{"href":"https:\/\/roveyayinevi.com.tr\/index.php\/wp-json\/wp\/v2\/product\/757011","targetHints":{"allow":["GET"]}}],"collection":[{"href":"https:\/\/roveyayinevi.com.tr\/index.php\/wp-json\/wp\/v2\/product"}],"about":[{"href":"https:\/\/roveyayinevi.com.tr\/index.php\/wp-json\/wp\/v2\/types\/product"}],"wp:attachment":[{"href":"https:\/\/roveyayinevi.com.tr\/index.php\/wp-json\/wp\/v2\/media?parent=757011"}],"wp:term":[{"taxonomy":"product_brand","embeddable":true,"href":"https:\/\/roveyayinevi.com.tr\/index.php\/wp-json\/wp\/v2\/product_brand?post=757011"},{"taxonomy":"product_cat","embeddable":true,"href":"https:\/\/roveyayinevi.com.tr\/index.php\/wp-json\/wp\/v2\/product_cat?post=757011"},{"taxonomy":"product_tag","embeddable":true,"href":"https:\/\/roveyayinevi.com.tr\/index.php\/wp-json\/wp\/v2\/product_tag?post=757011"}],"curies":[{"name":"wp","href":"https:\/\/api.w.org\/{rel}","templated":true}]}}