{"id":757010,"date":"2025-08-28T07:23:41","date_gmt":"2025-08-28T04:23:41","guid":{"rendered":"https:\/\/roveyayinevi.com.tr\/index.php\/urun\/adi-yok-vera\/"},"modified":"2026-01-30T03:46:41","modified_gmt":"2026-01-30T00:46:41","slug":"adi-yok-vera","status":"publish","type":"product","link":"https:\/\/roveyayinevi.com.tr\/index.php\/urun\/adi-yok-vera\/","title":{"rendered":"Ad\u0131 Yok Vera"},"content":{"rendered":"<p>Ad\u0131n sorulur h\u00e2l\u00e2 benden Susar\u0131m D\u00fc\u011f\u00fcmlenir ismin duda\u011f\u0131mda Y\u00fcz\u00fcm\u00fcze vurdu\u011fumuz sular gibi Kucaklayamad\u0131k birbirimizi G\u00fcllerin kokusu sinerken topra\u011fa Ad\u0131n\u0131 koyamam\u0131\u015ft\u0131k Omzunda a\u011flamak isteyi\u015fimin Ad\u0131 yok Vera Oysa gelmeyece\u011fini ezberlemi\u015fim ad\u0131m gibi Ne sat\u0131rlar\u0131 a\u011flatan bir mektup b\u0131rakaca\u011f\u0131m  Ne de kokunu Sessizce g\u00f6zya\u015flar\u0131m sahillere d\u00fc\u015ferken Unutma \u00d6zlemin g\u00f6zlerimi yumana kadar<\/p>\n","protected":false},"excerpt":{"rendered":"<p>Ad\u0131n sorulur h\u00e2l\u00e2 benden Susar\u0131m D\u00fc\u011f\u00fcmlenir ismin duda\u011f\u0131mda Y\u00fcz\u00fcm\u00fcze vurdu\u011fumuz sular gibi Kucaklayamad\u0131k birbirimizi G\u00fcllerin kokusu sinerken topra\u011fa Ad\u0131n\u0131 koyamam\u0131\u015ft\u0131k Omzunda a\u011flamak isteyi\u015fimin Ad\u0131 yok Vera<span class=\"excerpt-hellip\"> [\u2026]<\/span><\/p>\n","protected":false},"featured_media":0,"template":"","meta":{"_monsterinsights_skip_tracking":false,"_monsterinsights_sitenote_active":false,"_monsterinsights_sitenote_note":"","_monsterinsights_sitenote_category":0},"product_brand":[],"product_cat":[12291,12509],"product_tag":[],"class_list":{"0":"post-757010","1":"product","2":"type-product","3":"status-publish","5":"product_cat-edebiyat","6":"product_cat-siir","7":"pa_cilt-ciltsiz","8":"pa_tur-kitap","9":"pa_yayinevi-vova-yayinlari","10":"pa_yazar-kadir-yildiz","12":"first","13":"instock","14":"sale","15":"shipping-taxable","16":"purchasable","17":"product-type-simple"},"_links":{"self":[{"href":"https:\/\/roveyayinevi.com.tr\/index.php\/wp-json\/wp\/v2\/product\/757010","targetHints":{"allow":["GET"]}}],"collection":[{"href":"https:\/\/roveyayinevi.com.tr\/index.php\/wp-json\/wp\/v2\/product"}],"about":[{"href":"https:\/\/roveyayinevi.com.tr\/index.php\/wp-json\/wp\/v2\/types\/product"}],"wp:attachment":[{"href":"https:\/\/roveyayinevi.com.tr\/index.php\/wp-json\/wp\/v2\/media?parent=757010"}],"wp:term":[{"taxonomy":"product_brand","embeddable":true,"href":"https:\/\/roveyayinevi.com.tr\/index.php\/wp-json\/wp\/v2\/product_brand?post=757010"},{"taxonomy":"product_cat","embeddable":true,"href":"https:\/\/roveyayinevi.com.tr\/index.php\/wp-json\/wp\/v2\/product_cat?post=757010"},{"taxonomy":"product_tag","embeddable":true,"href":"https:\/\/roveyayinevi.com.tr\/index.php\/wp-json\/wp\/v2\/product_tag?post=757010"}],"curies":[{"name":"wp","href":"https:\/\/api.w.org\/{rel}","templated":true}]}}