{"id":757009,"date":"2025-08-28T07:23:40","date_gmt":"2025-08-28T04:23:40","guid":{"rendered":"https:\/\/roveyayinevi.com.tr\/index.php\/urun\/ekonominin-aritmetigi\/"},"modified":"2026-01-30T03:46:41","modified_gmt":"2026-01-30T00:46:41","slug":"ekonominin-aritmetigi","status":"publish","type":"product","link":"https:\/\/roveyayinevi.com.tr\/index.php\/urun\/ekonominin-aritmetigi\/","title":{"rendered":"Ekonominin Aritmeti\u011fi"},"content":{"rendered":"<p>R.B\u00fclend K\u0131rmac\u0131&#8217;n\u0131n \u201cEkonominin Aritmeti\u011fi\u201d adl\u0131 bu kitab\u0131, be\u011fenerek okuman\u0131z\u0131 umdu\u011fumuz i\u00e7eri\u011fiyle, ekonomiyi d\u00f6rt i\u015flem (toplama, \u00e7\u0131karma, \u00e7arpma, b\u00f6lme) temelinde a\u00e7\u0131klayan ve birikim, b\u00f6l\u00fc\u015f\u00fcm, \u00fcretim ile art\u0131 de\u011fer konular\u0131n\u0131 bu sembollerle i\u015fledi\u011fi makalelerinin izle\u011finde, sizleri ekonomi, siyaset, sosyal ve k\u00fclt\u00fcrel ya\u015famda yeni bir yolculu\u011fa davet ediyor\u2026       \u201cEkonominin Aritmeti\u011fi\u201d yazar\u0131n\u0131n y\u0131llar i\u00e7indeki bilgi birikiminin yans\u0131mas\u0131 olan birbiriyle ba\u011flant\u0131l\u0131 makale se\u00e7kilerinden olu\u015fuyor; kitab\u0131n \u201cKurumlar\u0131 ve Kurallar\u0131yla Ekonomi ve Aritmetik\u201d ba\u015fl\u0131kl\u0131 Birinci B\u00f6l\u00fcm\u00fcnde, milli gelirden yat\u0131r\u0131mlara, tar\u0131mdan i\u015fletmelere ekonomide \u201cdurum tespitleri\u201d yap\u0131l\u0131yor ve ayn\u0131 zamanda \u201colmas\u0131 gerekenler\u201d belli bir g\u00f6r\u00fc\u015f a\u00e7\u0131s\u0131  ekseninde okurlarla payla\u015f\u0131l\u0131yor\u2026        Kitab\u0131n \u0130kinci B\u00f6l\u00fcm\u00fcnde \u201cEkonomi ile Demokrasinin Ayr\u0131lmaz B\u00fct\u00fcnl\u00fc\u011f\u00fc\u201d g\u00f6z \u00f6n\u00fcne al\u0131narak \u00e7e\u015fitli olgularda analizler sergileniyor\u2026       Bu kitap \u00f6z\u00fcnde, ekonomi ve demokrasinin birbirlerine kar\u015f\u0131l\u0131kl\u0131 olumlu katk\u0131 yapabilece\u011fine dair bir anlay\u0131\u015f temelinde, siyaseti ve toplumu bekleyen g\u00f6rev ve sorumluluklar\u0131 hat\u0131rlat\u0131yor&#8230;   \u0130yi okumalar dile\u011fimizle\u2026 <\/p>\n","protected":false},"excerpt":{"rendered":"<p>R.B\u00fclend K\u0131rmac\u0131&#8217;n\u0131n \u201cEkonominin Aritmeti\u011fi\u201d adl\u0131 bu kitab\u0131, be\u011fenerek okuman\u0131z\u0131 umdu\u011fumuz i\u00e7eri\u011fiyle, ekonomiyi d\u00f6rt i\u015flem (toplama, \u00e7\u0131karma, \u00e7arpma, b\u00f6lme) temelinde a\u00e7\u0131klayan ve birikim, b\u00f6l\u00fc\u015f\u00fcm, \u00fcretim ile art\u0131<span class=\"excerpt-hellip\"> [\u2026]<\/span><\/p>\n","protected":false},"featured_media":0,"template":"","meta":{"_monsterinsights_skip_tracking":false,"_monsterinsights_sitenote_active":false,"_monsterinsights_sitenote_note":"","_monsterinsights_sitenote_category":0},"product_brand":[],"product_cat":[13043],"product_tag":[],"class_list":{"0":"post-757009","1":"product","2":"type-product","3":"status-publish","5":"product_cat-ekonomi","6":"pa_cilt-ciltsiz","7":"pa_tur-kitap","8":"pa_yayinevi-vova-yayinlari","9":"pa_yazar-r-bulend-kirmaci","11":"first","12":"instock","13":"sale","14":"shipping-taxable","15":"purchasable","16":"product-type-simple"},"_links":{"self":[{"href":"https:\/\/roveyayinevi.com.tr\/index.php\/wp-json\/wp\/v2\/product\/757009","targetHints":{"allow":["GET"]}}],"collection":[{"href":"https:\/\/roveyayinevi.com.tr\/index.php\/wp-json\/wp\/v2\/product"}],"about":[{"href":"https:\/\/roveyayinevi.com.tr\/index.php\/wp-json\/wp\/v2\/types\/product"}],"wp:attachment":[{"href":"https:\/\/roveyayinevi.com.tr\/index.php\/wp-json\/wp\/v2\/media?parent=757009"}],"wp:term":[{"taxonomy":"product_brand","embeddable":true,"href":"https:\/\/roveyayinevi.com.tr\/index.php\/wp-json\/wp\/v2\/product_brand?post=757009"},{"taxonomy":"product_cat","embeddable":true,"href":"https:\/\/roveyayinevi.com.tr\/index.php\/wp-json\/wp\/v2\/product_cat?post=757009"},{"taxonomy":"product_tag","embeddable":true,"href":"https:\/\/roveyayinevi.com.tr\/index.php\/wp-json\/wp\/v2\/product_tag?post=757009"}],"curies":[{"name":"wp","href":"https:\/\/api.w.org\/{rel}","templated":true}]}}