{"id":757002,"date":"2025-08-28T07:23:30","date_gmt":"2025-08-28T04:23:30","guid":{"rendered":"https:\/\/roveyayinevi.com.tr\/index.php\/urun\/degas-english\/"},"modified":"2026-04-16T03:10:02","modified_gmt":"2026-04-16T00:10:02","slug":"degas-english","status":"publish","type":"product","link":"https:\/\/roveyayinevi.com.tr\/index.php\/urun\/degas-english\/","title":{"rendered":"Degas &#8211; English"},"content":{"rendered":"<p>D\u00fcnyan\u0131n en \u00fcnl\u00fc ressamlar\u0131yla tan\u0131\u015fmaya haz\u0131r m\u0131s\u0131n\u0131z? \u0130ngilizce olarak yay\u0131nlanan bu seriyle \u00e7ocuklar\u0131n\u0131z hem \u0130ngilizce kelime hazinesini geni\u015fleterek anlama becerisini peki\u015ftirecek hem de \u00fcnl\u00fc ressamlar\u0131 ve eserlerini b\u00fcy\u00fck bir merakla okuyacaklar. \u0130ngilizce \u00f6\u011frenmek hi\u00e7 bu kadar e\u011flenceli ve sanatsal olmam\u0131\u015ft\u0131! .    Dizideki Kitaplar VAN GOGH &#8211; English DEGAS &#8211; English MONET &#8211; English GAUGIN &#8211; English<\/p>\n","protected":false},"excerpt":{"rendered":"<p>D\u00fcnyan\u0131n en \u00fcnl\u00fc ressamlar\u0131yla tan\u0131\u015fmaya haz\u0131r m\u0131s\u0131n\u0131z? \u0130ngilizce olarak yay\u0131nlanan bu seriyle \u00e7ocuklar\u0131n\u0131z hem \u0130ngilizce kelime hazinesini geni\u015fleterek anlama becerisini peki\u015ftirecek hem de \u00fcnl\u00fc ressamlar\u0131 ve<span class=\"excerpt-hellip\"> [\u2026]<\/span><\/p>\n","protected":false},"featured_media":0,"template":"","meta":{"_monsterinsights_skip_tracking":false,"_monsterinsights_sitenote_active":false,"_monsterinsights_sitenote_note":"","_monsterinsights_sitenote_category":0},"product_brand":[],"product_cat":[12274,15842],"product_tag":[],"class_list":{"0":"post-757002","1":"product","2":"type-product","3":"status-publish","5":"product_cat-cocuk-ve-genclik-kitaplari","6":"product_cat-egitici-kitaplar","7":"pa_cilt-ciltsiz","8":"pa_tur-kitap","9":"pa_yayinevi-mavi-kelebek-yayinlari","10":"pa_yazar-anna-obiols","12":"first","13":"instock","14":"sale","15":"shipping-taxable","16":"purchasable","17":"product-type-simple"},"_links":{"self":[{"href":"https:\/\/roveyayinevi.com.tr\/index.php\/wp-json\/wp\/v2\/product\/757002","targetHints":{"allow":["GET"]}}],"collection":[{"href":"https:\/\/roveyayinevi.com.tr\/index.php\/wp-json\/wp\/v2\/product"}],"about":[{"href":"https:\/\/roveyayinevi.com.tr\/index.php\/wp-json\/wp\/v2\/types\/product"}],"wp:attachment":[{"href":"https:\/\/roveyayinevi.com.tr\/index.php\/wp-json\/wp\/v2\/media?parent=757002"}],"wp:term":[{"taxonomy":"product_brand","embeddable":true,"href":"https:\/\/roveyayinevi.com.tr\/index.php\/wp-json\/wp\/v2\/product_brand?post=757002"},{"taxonomy":"product_cat","embeddable":true,"href":"https:\/\/roveyayinevi.com.tr\/index.php\/wp-json\/wp\/v2\/product_cat?post=757002"},{"taxonomy":"product_tag","embeddable":true,"href":"https:\/\/roveyayinevi.com.tr\/index.php\/wp-json\/wp\/v2\/product_tag?post=757002"}],"curies":[{"name":"wp","href":"https:\/\/api.w.org\/{rel}","templated":true}]}}