{"id":756999,"date":"2025-08-28T07:23:26","date_gmt":"2025-08-28T04:23:26","guid":{"rendered":"https:\/\/roveyayinevi.com.tr\/index.php\/urun\/israil-filistin-100-yildir-bitmeyen-savas\/"},"modified":"2026-04-16T03:10:02","modified_gmt":"2026-04-16T00:10:02","slug":"israil-filistin-100-yildir-bitmeyen-savas","status":"publish","type":"product","link":"https:\/\/roveyayinevi.com.tr\/index.php\/urun\/israil-filistin-100-yildir-bitmeyen-savas\/","title":{"rendered":"\u0130srail \u2013 Filistin 100 Y\u0131ld\u0131r Bitmeyen Sava\u015f"},"content":{"rendered":"<p>Kud\u00fcs, y\u00fczy\u0131llard\u0131r farkl\u0131 medeniyetlerin egemen olmak istedi\u011fi yer; siyasi, dini, k\u00fclt\u00fcrel ve ekonomik kayg\u0131larla harp co\u011frafyas\u0131na d\u00f6n\u00fc\u015ferek kriz ve kaosun odak noktas\u0131 olmu\u015ftur. Antikiteden modern zamanlara de\u011fin ge\u00e7en uzun s\u00fcre boyunca gerek dinlerin gerekse devletlerin egemenlik sahas\u0131n\u0131n ba\u015fat hedefi haline gelmi\u015ftir. Frans\u0131z Devrimi\u2019nden bu yana geli\u015fen ve de\u011fi\u015fen konjonkt\u00fcr\u00fcn yaratt\u0131\u011f\u0131 devletler, Sanayi Devrimi ile olu\u015fan yeni d\u00fcnyan\u0131n m\u00fcmessilleri oldular. Sanayi Devrimi ile birlikte h\u0131zl\u0131 bir geli\u015fim tutturan d\u00fcvel-i muazzama k\u00fcresel g\u00fc\u00e7lerin \u00f6ncel versiyonlar\u0131n\u0131 haz\u0131rlam\u0131\u015ft\u0131r. K\u00fcresel g\u00fc\u00e7 m\u00fccadelesindeki mihenk ta\u015f\u0131 say\u0131labilecek I. D\u00fcnya Sava\u015f\u0131\u2019n\u0131n ard\u0131ndan de\u011fi\u015fen d\u00fcnya dengelerinin etkiledi\u011fi \u0130srail \u2013 Filistin m\u00fccadelesi, b\u00fcy\u00fck g\u00fc\u00e7lerin sava\u015f\u0131 hakk\u0131nda turnusol olabilecek g\u00fcce eri\u015fmi\u015ftir. Son y\u00fczy\u0131lda Bat\u0131 ve Do\u011fu g\u00fc\u00e7 dengelerinin s\u0131nand\u0131\u011f\u0131 \u0130srail &#8211; Filistin m\u00fccadelesinin b\u00f6lgesel ve k\u00fcresel etkileri disiplinleraras\u0131 boyutta ve farkl\u0131 perspektiflerde ele al\u0131nm\u0131\u015ft\u0131r. \u00b7         Prof. Dr. Bar\u0131\u015f Doster \u2013 Filistin Sorunu ve T\u00fcrk D\u0131\u015f Politikas\u0131 \u00b7         Prof. Dr. Yelda Ongun\/Dr. Mehmet \u00c7a\u011fatay Abu\u015fo\u011flu \u2013 \u0130srail \u2013 Filistin Sava\u015f\u0131\u2019nda Birle\u015fmi\u015f Milletler Fakt\u00f6r\u00fc \u00b7         (E) T\u00fcma. Dr. A. Deniz Kutluk \u2013 Yeni Bir Orta Do\u011fu \u00c7at\u0131\u015fmas\u0131: Sava\u015f Nereye Evriliyor? \u00b7         Prof. Dr. Ulvi Keser &#8211; Do\u011fu Akdeniz\u2019de \u0130srail Fakt\u00f6r\u00fc ve K\u0131br\u0131s\u2019a Y\u00f6nelik Muhtemel Tehditler \u00dczerine Bir De\u011ferlendirme \u00b7         Dr. Bar\u0131\u015f Ad\u0131belli \u2013 \u00c7ok Kutuplu D\u00fcnya D\u00fczeninin \u00c7etin S\u0131nav\u0131: Gazze Sava\u015f\u0131 \u00b7         Dr. Sibel \u00d6zsava\u015f Atay \u2013 \u0130srail &#8211; Filistin Sava\u015f\u0131\u2019n\u0131n Kafkasya\u2019ya Olas\u0131 Yans\u0131malar\u0131 \u00b7         Niyazi G\u00fcne\u015f Atay \u2013 \u0130srail\u2019e Kar\u015f\u0131 Filistin Direni\u015finde L\u00fcbnan \u00b7         Hasan Erel \u2013 \u0130srail &#8211; Filistin ile Rusya &#8211; Ukrayna Sava\u015flar\u0131n\u0131n K\u00f6ken ve Etkileri \u00b7         Bahad\u0131r Selim Dilek \u2013 Gazze\u2019deki \u0130nsanl\u0131k Trajedisi ve \u201cPost Truth\u201d Sava\u015f \u00dczerine G\u00f6rg\u00fcl Bir \u0130nceleme: Askeri Ma\u011flubiyet, Siyasi Me\u015fruiyet, Psikolojik Galibiyet! \u00b7         Ahmet M\u00fcfit \u2013 \u0130srail &#8211; Filistin Sava\u015f\u0131\u2019n\u0131n Ekonomik ve Siyasi Boyutu \u00dczerine <\/p>\n","protected":false},"excerpt":{"rendered":"<p>Kud\u00fcs, y\u00fczy\u0131llard\u0131r farkl\u0131 medeniyetlerin egemen olmak istedi\u011fi yer; siyasi, dini, k\u00fclt\u00fcrel ve ekonomik kayg\u0131larla harp co\u011frafyas\u0131na d\u00f6n\u00fc\u015ferek kriz ve kaosun odak noktas\u0131 olmu\u015ftur. Antikiteden modern zamanlara<span class=\"excerpt-hellip\"> [\u2026]<\/span><\/p>\n","protected":false},"featured_media":0,"template":"","meta":{"_monsterinsights_skip_tracking":false,"_monsterinsights_sitenote_active":false,"_monsterinsights_sitenote_note":"","_monsterinsights_sitenote_category":0},"product_brand":[],"product_cat":[12337],"product_tag":[],"class_list":{"0":"post-756999","1":"product","2":"type-product","3":"status-publish","5":"product_cat-politika-siyaset","6":"pa_cilt-ciltsiz","7":"pa_tur-kitap","8":"pa_yayinevi-pankus-yayinlari","9":"pa_yazar-kolektif","11":"first","12":"instock","13":"sale","14":"shipping-taxable","15":"purchasable","16":"product-type-simple"},"_links":{"self":[{"href":"https:\/\/roveyayinevi.com.tr\/index.php\/wp-json\/wp\/v2\/product\/756999","targetHints":{"allow":["GET"]}}],"collection":[{"href":"https:\/\/roveyayinevi.com.tr\/index.php\/wp-json\/wp\/v2\/product"}],"about":[{"href":"https:\/\/roveyayinevi.com.tr\/index.php\/wp-json\/wp\/v2\/types\/product"}],"wp:attachment":[{"href":"https:\/\/roveyayinevi.com.tr\/index.php\/wp-json\/wp\/v2\/media?parent=756999"}],"wp:term":[{"taxonomy":"product_brand","embeddable":true,"href":"https:\/\/roveyayinevi.com.tr\/index.php\/wp-json\/wp\/v2\/product_brand?post=756999"},{"taxonomy":"product_cat","embeddable":true,"href":"https:\/\/roveyayinevi.com.tr\/index.php\/wp-json\/wp\/v2\/product_cat?post=756999"},{"taxonomy":"product_tag","embeddable":true,"href":"https:\/\/roveyayinevi.com.tr\/index.php\/wp-json\/wp\/v2\/product_tag?post=756999"}],"curies":[{"name":"wp","href":"https:\/\/api.w.org\/{rel}","templated":true}]}}