{"id":756993,"date":"2025-08-28T07:23:16","date_gmt":"2025-08-28T04:23:16","guid":{"rendered":"https:\/\/roveyayinevi.com.tr\/index.php\/urun\/menzilin-kasasi\/"},"modified":"2026-04-16T03:10:02","modified_gmt":"2026-04-16T00:10:02","slug":"menzilin-kasasi","status":"publish","type":"product","link":"https:\/\/roveyayinevi.com.tr\/index.php\/urun\/menzilin-kasasi\/","title":{"rendered":"Menzil\u2019in Kasas\u0131"},"content":{"rendered":"<p>AKP\u2019nin iktidara gelmesinden bu yana tarikat ve cemaatlerle olan yak\u0131nl\u0131\u011f\u0131, onlar\u0131 koruyup kollad\u0131\u011f\u0131 ve hatta tarikat mensuplar\u0131n\u0131n b\u00fcrokraside g\u00f6rev almalar\u0131n\u0131 sa\u011flayarak a\u00e7\u0131k\u00e7a te\u015fvik etti\u011fi hepimizin malumu.   Fethullah\u00e7\u0131larla ba\u015flayan bu yak\u0131nl\u0131k, 15 Temmuz kalk\u0131\u015fmas\u0131yla sonu\u00e7lan\u0131nca iktidar Fethullah Cemaati\u2019ni ter\u00f6r \u00f6rg\u00fct\u00fc ilan ederek, devlette \u00e7ok \u00f6nemli mevkileri teslim etmi\u015f oldu\u011fu bu insanlar\u0131 konumland\u0131klar\u0131 yerlerden temizlemeye \u00e7al\u0131\u015ft\u0131.   Bu arada olu\u015fan bo\u015fluk elbette bir ba\u015fka tarikat taraf\u0131ndan kapat\u0131lacak, 2023 genel se\u00e7imlerinde AKP-MHP ittifak\u0131n\u0131 destekleyece\u011fini a\u00e7\u0131k\u00e7a ilan eden Menzil tarikat\u0131, bu b\u00fcy\u00fck f\u0131rsat\u0131 ka\u00e7\u0131rmayarak devreye girecekti.   K\u0131z\u0131lay, Sa\u011fl\u0131k Bakanl\u0131\u011f\u0131 gibi kurumlar\u0131n y\u00f6netim kademelerini m\u00fcritleriyle i\u015fgal eden bu tarikat, peygamber soyundan geldiklerini iddia eden birtak\u0131m insanlar taraf\u0131ndan y\u00f6netiliyor, g\u0131dadan ilaca, alt\u0131ndan p\u0131rlantaya kadar \u00e7e\u015fitli faaliyet alanlar\u0131nda kurduklar\u0131 \u015firketlerle k\u00e2rlar\u0131na k\u00e2r kat\u0131yor ve bir \u00f6r\u00fcmcek a\u011f\u0131 gibi \u00fclkeyi sar\u0131yordu.   Gazeteci \u0130smail Ar\u0131, bu karanl\u0131k yap\u0131lanman\u0131n kalbine yani paran\u0131n nereden gelip kimler taraf\u0131ndan y\u00f6netildi\u011fine odaklanarak yapt\u0131\u011f\u0131 ara\u015ft\u0131rman\u0131n sonucunda Menzil\u2019in Kasas\u0131\u2019na \u0131\u015f\u0131k tutarak ger\u00e7eklerin g\u00fcn y\u00fcz\u00fcne \u00e7\u0131kmas\u0131n\u0131 sa\u011fl\u0131yor. <\/p>\n","protected":false},"excerpt":{"rendered":"<p>AKP\u2019nin iktidara gelmesinden bu yana tarikat ve cemaatlerle olan yak\u0131nl\u0131\u011f\u0131, onlar\u0131 koruyup kollad\u0131\u011f\u0131 ve hatta tarikat mensuplar\u0131n\u0131n b\u00fcrokraside g\u00f6rev almalar\u0131n\u0131 sa\u011flayarak a\u00e7\u0131k\u00e7a te\u015fvik etti\u011fi hepimizin malumu.<span class=\"excerpt-hellip\"> [\u2026]<\/span><\/p>\n","protected":false},"featured_media":0,"template":"","meta":{"_monsterinsights_skip_tracking":false,"_monsterinsights_sitenote_active":false,"_monsterinsights_sitenote_note":"","_monsterinsights_sitenote_category":0},"product_brand":[],"product_cat":[13590,12337],"product_tag":[],"class_list":{"0":"post-756993","1":"product","2":"type-product","3":"status-publish","5":"product_cat-arastirma-inceleme-politika-siyaset","6":"product_cat-politika-siyaset","7":"pa_cilt-ciltsiz","8":"pa_tur-kitap","9":"pa_yayinevi-tekin-yayinevi","10":"pa_yazar-ismail-ari","12":"first","13":"instock","14":"sale","15":"shipping-taxable","16":"purchasable","17":"product-type-simple"},"_links":{"self":[{"href":"https:\/\/roveyayinevi.com.tr\/index.php\/wp-json\/wp\/v2\/product\/756993","targetHints":{"allow":["GET"]}}],"collection":[{"href":"https:\/\/roveyayinevi.com.tr\/index.php\/wp-json\/wp\/v2\/product"}],"about":[{"href":"https:\/\/roveyayinevi.com.tr\/index.php\/wp-json\/wp\/v2\/types\/product"}],"wp:attachment":[{"href":"https:\/\/roveyayinevi.com.tr\/index.php\/wp-json\/wp\/v2\/media?parent=756993"}],"wp:term":[{"taxonomy":"product_brand","embeddable":true,"href":"https:\/\/roveyayinevi.com.tr\/index.php\/wp-json\/wp\/v2\/product_brand?post=756993"},{"taxonomy":"product_cat","embeddable":true,"href":"https:\/\/roveyayinevi.com.tr\/index.php\/wp-json\/wp\/v2\/product_cat?post=756993"},{"taxonomy":"product_tag","embeddable":true,"href":"https:\/\/roveyayinevi.com.tr\/index.php\/wp-json\/wp\/v2\/product_tag?post=756993"}],"curies":[{"name":"wp","href":"https:\/\/api.w.org\/{rel}","templated":true}]}}