{"id":756992,"date":"2025-08-28T07:23:15","date_gmt":"2025-08-28T04:23:15","guid":{"rendered":"https:\/\/roveyayinevi.com.tr\/index.php\/urun\/gurban\/"},"modified":"2026-04-16T03:10:02","modified_gmt":"2026-04-16T00:10:02","slug":"gurban","status":"publish","type":"product","link":"https:\/\/roveyayinevi.com.tr\/index.php\/urun\/gurban\/","title":{"rendered":"Gurban"},"content":{"rendered":"<p>SSCB d\u00f6nemi K\u0131z\u0131l Ordu\u2019da bir subayd\u0131. Birli\u011fin \u00e7\u00f6z\u00fcl\u00fc\u015f\u00fcyle i\u015f d\u00fcnyas\u0131ndaki h\u0131zl\u0131 y\u00fckseli\u015fi ba\u015flad\u0131. Art\u0131k sahibi oldu\u011fu gemi filolar\u0131 sadece Karadeniz\u2019de de\u011fil, mavinin oldu\u011fu her yerdeydi. Bir\u00e7ok sekt\u00f6rde faaliyeti vard\u0131. Erdo\u011fan ailesiyle de ortak oldu. Y\u00fcz milyonlarca dolarl\u0131k Yal\u0131kavak Marina\u2019da l\u00fcks yatlar\u0131n ortas\u0131nda ya\u015fanan bir g\u00fc\u00e7 sava\u015f\u0131 onu T\u00fcrkiye\u2019deki yeralt\u0131 d\u00fcnyas\u0131na dair tart\u0131\u015fmalar\u0131n g\u00f6be\u011fine oturttu. Eski Sovyet subay\u0131, yeni i\u015f insan\u0131; Mehmet A\u011far, Sedat Peker derken \u00fclkenin en \u00e7ok merak edilen isimlerinden biri haline geldi. \u201c\u00d6n\u00fcne kimse engel \u00e7\u0131karamaz\u201d derken devlet i\u00e7indeki kavga, onun yolunu da Silivri\u2019ye d\u00fc\u015f\u00fcrd\u00fc. Bu kitapta, b\u00fcy\u00fck bir sermayenin kurulu\u015funu ve y\u00fckseli\u015fini, ortakl\u0131klar\u0131n\u0131, mafyan\u0131n etkinliklerini, devletin i\u00e7indeki \u00e7\u0131kar kavgalar\u0131n\u0131n nerelere ula\u015fabilece\u011fini okuyacaks\u0131n\u0131z. \u00b7          \u0130lham Aliyev, Mehmet A\u011far ve M\u00fcbariz Mansimov\u2019u \u201cbir araya\u201d getiren isim kim? \u00b7          Uyu\u015fturucu ticareti, kumarhaneler ve Topal cinayetinin Aliyev\u2019le ilgisi ne? \u00b7          Trump-Erdo\u011fan-Mansimov a\u011f\u0131 ve gizli anla\u015fmalar&#8230; \u00b7          Mansimov, A\u011far ve Ko\u00e7\u2019un Pensilvanya ziyareti: Fethullah G\u00fclen\u2019in yan\u0131nda nas\u0131l kavga \u00e7\u0131kt\u0131? \u00b7          Kirli pazarl\u0131klar\u0131n merkezi Yal\u0131kavak Marina\u2019da neler ya\u015fand\u0131? \u00b7          Erdo\u011fan ailesi denizcilik sekt\u00f6r\u00fcnde Mansimov ile nas\u0131l bir araya geldi? \u00b7          Sedat Peker, Mansimov-A\u011far kavgas\u0131n\u0131n neresinde? \u00b7          Erdo\u011fan\u2019\u0131n \u201cistihbarat\u00e7\u0131\u201d karde\u015fi ve A\u011far\u2019\u0131n \u201cM\u0130T\u2019\u00e7i\u201d arkada\u015flar\u0131 kim? \u00b7          Baronlar, bakanlar, savc\u0131lar, r\u00fc\u015fvetler ve bir d\u00fc\u011f\u00fcn: SBK ve A\u011far bu i\u015fin neresinde? \u00b7          I\u015e\u0130D petrol\u00fcn\u00fc Erdo\u011fanlar ve Mansimov mu ta\u015f\u0131d\u0131? \u00b7          Susurluk\u2019tan Bodrum\u2019a, Aliyev\u2019den A\u011far\u2019a uyu\u015fturucu ticareti nas\u0131l ger\u00e7ekle\u015fti? \u00b7          Hapisteyken suikast giri\u015fimi: Rusya\u2019dan T\u00fcrkiye\u2019ye cinayetler zinciri&#8230; <\/p>\n","protected":false},"excerpt":{"rendered":"<p>SSCB d\u00f6nemi K\u0131z\u0131l Ordu\u2019da bir subayd\u0131. Birli\u011fin \u00e7\u00f6z\u00fcl\u00fc\u015f\u00fcyle i\u015f d\u00fcnyas\u0131ndaki h\u0131zl\u0131 y\u00fckseli\u015fi ba\u015flad\u0131. Art\u0131k sahibi oldu\u011fu gemi filolar\u0131 sadece Karadeniz\u2019de de\u011fil, mavinin oldu\u011fu her yerdeydi. Bir\u00e7ok<span class=\"excerpt-hellip\"> [\u2026]<\/span><\/p>\n","protected":false},"featured_media":0,"template":"","meta":{"_monsterinsights_skip_tracking":false,"_monsterinsights_sitenote_active":false,"_monsterinsights_sitenote_note":"","_monsterinsights_sitenote_category":0},"product_brand":[],"product_cat":[13590,12337],"product_tag":[],"class_list":{"0":"post-756992","1":"product","2":"type-product","3":"status-publish","5":"product_cat-arastirma-inceleme-politika-siyaset","6":"product_cat-politika-siyaset","7":"pa_cilt-ciltsiz","8":"pa_tur-kitap","9":"pa_yayinevi-tekin-yayinevi","10":"pa_yazar-furkan-karabay","12":"first","13":"instock","14":"sale","15":"shipping-taxable","16":"purchasable","17":"product-type-simple"},"_links":{"self":[{"href":"https:\/\/roveyayinevi.com.tr\/index.php\/wp-json\/wp\/v2\/product\/756992","targetHints":{"allow":["GET"]}}],"collection":[{"href":"https:\/\/roveyayinevi.com.tr\/index.php\/wp-json\/wp\/v2\/product"}],"about":[{"href":"https:\/\/roveyayinevi.com.tr\/index.php\/wp-json\/wp\/v2\/types\/product"}],"wp:attachment":[{"href":"https:\/\/roveyayinevi.com.tr\/index.php\/wp-json\/wp\/v2\/media?parent=756992"}],"wp:term":[{"taxonomy":"product_brand","embeddable":true,"href":"https:\/\/roveyayinevi.com.tr\/index.php\/wp-json\/wp\/v2\/product_brand?post=756992"},{"taxonomy":"product_cat","embeddable":true,"href":"https:\/\/roveyayinevi.com.tr\/index.php\/wp-json\/wp\/v2\/product_cat?post=756992"},{"taxonomy":"product_tag","embeddable":true,"href":"https:\/\/roveyayinevi.com.tr\/index.php\/wp-json\/wp\/v2\/product_tag?post=756992"}],"curies":[{"name":"wp","href":"https:\/\/api.w.org\/{rel}","templated":true}]}}