{"id":756991,"date":"2025-08-28T07:23:13","date_gmt":"2025-08-28T04:23:13","guid":{"rendered":"https:\/\/roveyayinevi.com.tr\/index.php\/urun\/gayrimenkul\/"},"modified":"2026-03-03T03:27:57","modified_gmt":"2026-03-03T00:27:57","slug":"gayrimenkul","status":"publish","type":"product","link":"https:\/\/roveyayinevi.com.tr\/index.php\/urun\/gayrimenkul\/","title":{"rendered":"Gayrimenkul"},"content":{"rendered":"<p>Hayat\u0131m\u0131n b\u00fcy\u00fck k\u0131sm\u0131n\u0131, kendi alan\u0131m\u0131 arayarak; y\u00fcz\u00fcm cama yap\u0131\u015fm\u0131\u015f halde, paras\u0131n\u0131n yetmeyece\u011fi evlere bakan ba\u015fka hayalcilerin ruhlar\u0131yla birlikte emlak\u00e7\u0131 vitrinlerine bakarak ge\u00e7irmi\u015ftim. Bununla birlikte, g\u00fcn\u00fcn birinde, b\u00fcy\u00fcd\u00fc\u011f\u00fcmde, Akdeniz\u2019de han\u0131melleri ve balkonlar\u0131 olan kendime ait bir evin anahtarlar\u0131n\u0131 kazanaca\u011f\u0131ma inan\u0131yordum. Ayn\u0131 zamanda kafam\u0131n i\u00e7indeki huysuz ses hep, \u201cBu ger\u00e7ek de\u011fil, asla senin olmayacak,\u201d deyip duruyordu. Gayrimenkul, Deborah Levy\u2019nin Bilmek \u0130stemedi\u011fim \u015eeyler kitab\u0131yla ba\u015flay\u0131p Ya\u015faman\u0131n Bedeli ile devam eden \u201cYa\u015fayan Otobiyografi\u201d serisinin \u00fc\u00e7\u00fcnc\u00fc kitab\u0131. Levy art\u0131k \u201caltm\u0131\u015f ya\u015f\u0131nda ve tek ba\u015f\u0131na\u201d, \u00fcne kavu\u015fmu\u015f bir yazar, ancak hayalindeki eve hen\u00fcz sahip olabilmi\u015f de\u011fil. D\u00fcnyan\u0131n neresinde olursa olsun, New York, Mumbai, Paris, Berlin veya Londra\u2019da hep o evi d\u00fc\u015fl\u00fcyor ve bizi de bu evle ilgili hayallerine ortak ediyor; yaz\u0131da ve hayatta kad\u0131n olman\u0131n zorluklar\u0131na kar\u015f\u0131 bir direni\u015f y\u00f6ntemi olarak kurmacan\u0131n g\u00fcc\u00fcne i\u015faret ederek. Levy\u2019nin kalemi u\u00e7ar\u0131 bir silah. The Observer<\/p>\n","protected":false},"excerpt":{"rendered":"<p>Hayat\u0131m\u0131n b\u00fcy\u00fck k\u0131sm\u0131n\u0131, kendi alan\u0131m\u0131 arayarak; y\u00fcz\u00fcm cama yap\u0131\u015fm\u0131\u015f halde, paras\u0131n\u0131n yetmeyece\u011fi evlere bakan ba\u015fka hayalcilerin ruhlar\u0131yla birlikte emlak\u00e7\u0131 vitrinlerine bakarak ge\u00e7irmi\u015ftim. Bununla birlikte, g\u00fcn\u00fcn birinde,<span class=\"excerpt-hellip\"> [\u2026]<\/span><\/p>\n","protected":false},"featured_media":0,"template":"","meta":{"_monsterinsights_skip_tracking":false,"_monsterinsights_sitenote_active":false,"_monsterinsights_sitenote_note":"","_monsterinsights_sitenote_category":0},"product_brand":[],"product_cat":[12291,12711],"product_tag":[],"class_list":{"0":"post-756991","1":"product","2":"type-product","3":"status-publish","5":"product_cat-edebiyat","6":"product_cat-roman-oyku","7":"pa_cilt-ciltsiz","8":"pa_tur-kitap","9":"pa_yayinevi-everest-yayinlari","10":"pa_yazar-deborah-levy","12":"first","13":"instock","14":"sale","15":"shipping-taxable","16":"purchasable","17":"product-type-simple"},"_links":{"self":[{"href":"https:\/\/roveyayinevi.com.tr\/index.php\/wp-json\/wp\/v2\/product\/756991","targetHints":{"allow":["GET"]}}],"collection":[{"href":"https:\/\/roveyayinevi.com.tr\/index.php\/wp-json\/wp\/v2\/product"}],"about":[{"href":"https:\/\/roveyayinevi.com.tr\/index.php\/wp-json\/wp\/v2\/types\/product"}],"wp:attachment":[{"href":"https:\/\/roveyayinevi.com.tr\/index.php\/wp-json\/wp\/v2\/media?parent=756991"}],"wp:term":[{"taxonomy":"product_brand","embeddable":true,"href":"https:\/\/roveyayinevi.com.tr\/index.php\/wp-json\/wp\/v2\/product_brand?post=756991"},{"taxonomy":"product_cat","embeddable":true,"href":"https:\/\/roveyayinevi.com.tr\/index.php\/wp-json\/wp\/v2\/product_cat?post=756991"},{"taxonomy":"product_tag","embeddable":true,"href":"https:\/\/roveyayinevi.com.tr\/index.php\/wp-json\/wp\/v2\/product_tag?post=756991"}],"curies":[{"name":"wp","href":"https:\/\/api.w.org\/{rel}","templated":true}]}}