{"id":756988,"date":"2025-08-28T07:23:07","date_gmt":"2025-08-28T04:23:07","guid":{"rendered":"https:\/\/roveyayinevi.com.tr\/index.php\/urun\/dogayi-dizginlemek\/"},"modified":"2026-04-16T03:10:02","modified_gmt":"2026-04-16T00:10:02","slug":"dogayi-dizginlemek","status":"publish","type":"product","link":"https:\/\/roveyayinevi.com.tr\/index.php\/urun\/dogayi-dizginlemek\/","title":{"rendered":"Do\u011fay\u0131 Dizginlemek"},"content":{"rendered":"<p>Bilimsel fikir birli\u011fi, insan konu\u015fmas\u0131n\u0131 anlama yetene\u011fimizin y\u00fczbinlerce y\u0131lda geli\u015fti\u011fi y\u00f6n\u00fcndedir. Daha y\u00fcr\u00fcmeden konu\u015fmalar\u0131 anlamay\u0131 \u00f6\u011freniyoruz ve \u00e7ok b\u00fcy\u00fck miktarda bilgiyi sadece duyarak sorunsuz bir \u015fekilde \u00f6z\u00fcmseyebiliyoruz. \u00c7ocuklar okumay\u0131 \u00e7ok k\u00fc\u00e7\u00fck ya\u015fta \u00f6\u011frenirler ve bilgileri, i\u015fittiklerinden \u00e7ok daha h\u0131zl\u0131 bir \u015fekilde okuyarak \u00f6z\u00fcmseyebilirler. Oysa okumak i\u00e7in geli\u015fmedi\u011fimizi biliyoruz \u00e7\u00fcnk\u00fc yaz\u0131 sadece birka\u00e7 bin ya\u015f\u0131nda. Mark Changizi, insan konu\u015fmas\u0131n\u0131n \u00e7ok \u00f6zel olarak do\u011fan\u0131n seslerini kullanmak i\u00e7in \u201ctasarland\u0131\u011f\u0131n\u0131\u201d g\u00f6steriyor; bu sesler, kolayca anlamak i\u00e7in milyonlarca y\u0131l boyunca evrimle\u015ftirdi\u011fimiz seslerdir. Hangi dil olursa olsun, konu\u015fmam\u0131z \u00e7ok a\u00e7\u0131k bir \u015fekilde do\u011fan\u0131n seslerine dayanmaktad\u0131r.   \u201cDil ve m\u00fczi\u011fin k\u00f6kenlerine dair ortaya at\u0131lm\u0131\u015f \u00e7ok say\u0131da kuram aras\u0131nda Mark Changizi\u2019nin kitab\u0131, s\u0131nanabilir ve \u015fa\u015f\u0131rt\u0131c\u0131 bi\u00e7imde do\u011fru olan \u00e7ok say\u0131da \u00f6ng\u00f6r\u00fcye i\u015faret eden, son derece kesin bir varsay\u0131m \u00f6nermesi bak\u0131m\u0131ndan benzersiz.\u201d \u2013Stanislas Dehaene, Bilin\u00e7 ve Beyin ile Beyin Nas\u0131l Okur?\u2019un yazar\u0131   \u201cMark Changizi, \u00e7o\u011fumuzun akl\u0131na bile gelmeyen b\u00fcy\u00fck ve \u00f6nemli sorulara ikna edici yan\u0131tlar sunarak d\u00fc\u015f\u00fcnme bi\u00e7imimizi de\u011fi\u015ftirme gibi ba\u015f d\u00f6nd\u00fcr\u00fcc\u00fc bir yetene\u011fe sahip.\u201d \u2013Roger Highfield, New Scientist edit\u00f6r\u00fc ve SuperCooperators\u2019\u0131n yazar\u0131   \u201cBu muhte\u015fem kitapta Mark Changizi, zihin \u00fczerinde bir ameliyata giri\u015fiyor ve bizi insan yapan becerilerin k\u00f6kenlerini a\u00e7\u0131\u011fa \u00e7\u0131kar\u0131yor. Changizi\u2019nin, dil ve m\u00fczi\u011fe dair dikkatle olu\u015fturulmu\u015f evrimsel a\u00e7\u0131klamas\u0131, bizi kuyruksuz maymunlardan ay\u0131ran \u015feyin ne oldu\u011funa dair d\u00fc\u015f\u00fcncelerimizde devrim yaratacak gibi g\u00f6r\u00fcn\u00fcyor.\u201d \u2013Dan Simons, The Invisible Gorilla kitab\u0131n\u0131n e\u015f yazar\u0131 <\/p>\n","protected":false},"excerpt":{"rendered":"<p>Bilimsel fikir birli\u011fi, insan konu\u015fmas\u0131n\u0131 anlama yetene\u011fimizin y\u00fczbinlerce y\u0131lda geli\u015fti\u011fi y\u00f6n\u00fcndedir. Daha y\u00fcr\u00fcmeden konu\u015fmalar\u0131 anlamay\u0131 \u00f6\u011freniyoruz ve \u00e7ok b\u00fcy\u00fck miktarda bilgiyi sadece duyarak sorunsuz bir \u015fekilde<span class=\"excerpt-hellip\"> [\u2026]<\/span><\/p>\n","protected":false},"featured_media":0,"template":"","meta":{"_monsterinsights_skip_tracking":false,"_monsterinsights_sitenote_active":false,"_monsterinsights_sitenote_note":"","_monsterinsights_sitenote_category":0},"product_brand":[],"product_cat":[13005],"product_tag":[],"class_list":{"0":"post-756988","1":"product","2":"type-product","3":"status-publish","5":"product_cat-bilim-muhendislik","6":"pa_cilt-ciltsiz","7":"pa_tur-kitap","8":"pa_yayinevi-alfa-yayinlari","9":"pa_yazar-mark-changizi","11":"first","12":"instock","13":"sale","14":"shipping-taxable","15":"purchasable","16":"product-type-simple"},"_links":{"self":[{"href":"https:\/\/roveyayinevi.com.tr\/index.php\/wp-json\/wp\/v2\/product\/756988","targetHints":{"allow":["GET"]}}],"collection":[{"href":"https:\/\/roveyayinevi.com.tr\/index.php\/wp-json\/wp\/v2\/product"}],"about":[{"href":"https:\/\/roveyayinevi.com.tr\/index.php\/wp-json\/wp\/v2\/types\/product"}],"wp:attachment":[{"href":"https:\/\/roveyayinevi.com.tr\/index.php\/wp-json\/wp\/v2\/media?parent=756988"}],"wp:term":[{"taxonomy":"product_brand","embeddable":true,"href":"https:\/\/roveyayinevi.com.tr\/index.php\/wp-json\/wp\/v2\/product_brand?post=756988"},{"taxonomy":"product_cat","embeddable":true,"href":"https:\/\/roveyayinevi.com.tr\/index.php\/wp-json\/wp\/v2\/product_cat?post=756988"},{"taxonomy":"product_tag","embeddable":true,"href":"https:\/\/roveyayinevi.com.tr\/index.php\/wp-json\/wp\/v2\/product_tag?post=756988"}],"curies":[{"name":"wp","href":"https:\/\/api.w.org\/{rel}","templated":true}]}}