{"id":756986,"date":"2025-08-28T07:23:03","date_gmt":"2025-08-28T04:23:03","guid":{"rendered":"https:\/\/roveyayinevi.com.tr\/index.php\/urun\/kucuk-insanlar-buyuk-sozler-mutluluk-ciltli\/"},"modified":"2026-04-16T03:10:02","modified_gmt":"2026-04-16T00:10:02","slug":"kucuk-insanlar-buyuk-sozler-mutluluk-ciltli","status":"publish","type":"product","link":"https:\/\/roveyayinevi.com.tr\/index.php\/urun\/kucuk-insanlar-buyuk-sozler-mutluluk-ciltli\/","title":{"rendered":"K\u00fc\u00e7\u00fck \u0130nsanlar B\u00fcy\u00fck S\u00f6zler: Mutluluk (Ciltli)"},"content":{"rendered":"<p>Geli\u015fmen ve b\u00fcy\u00fcmen i\u00e7in e\u011fitici i\u00e7eriklerle dopdolu bir yol Haritas\u0131!   Mutlu olmak ne demek hi\u00e7 merak ettin mi? Bu kitap, d\u00fcnyam\u0131z\u0131 mutlulukla doldurmak i\u00e7in ihtiyac\u0131n olan, g\u00fcndelik dilimizdeki s\u00f6zc\u00fckleri sana sunarak hislerini anlamana yard\u0131m edecek. <\/p>\n","protected":false},"excerpt":{"rendered":"<p>Geli\u015fmen ve b\u00fcy\u00fcmen i\u00e7in e\u011fitici i\u00e7eriklerle dopdolu bir yol Haritas\u0131! Mutlu olmak ne demek hi\u00e7 merak ettin mi? Bu kitap, d\u00fcnyam\u0131z\u0131 mutlulukla doldurmak i\u00e7in ihtiyac\u0131n olan,<span class=\"excerpt-hellip\"> [\u2026]<\/span><\/p>\n","protected":false},"featured_media":0,"template":"","meta":{"_monsterinsights_skip_tracking":false,"_monsterinsights_sitenote_active":false,"_monsterinsights_sitenote_note":"","_monsterinsights_sitenote_category":0},"product_brand":[],"product_cat":[12291,12711],"product_tag":[],"class_list":{"0":"post-756986","1":"product","2":"type-product","3":"status-publish","5":"product_cat-edebiyat","6":"product_cat-roman-oyku","7":"pa_cilt-ciltli","8":"pa_tur-kitap","9":"pa_yayinevi-mundi","10":"pa_yazar-helena-mortimer","12":"first","13":"instock","14":"sale","15":"shipping-taxable","16":"purchasable","17":"product-type-simple"},"_links":{"self":[{"href":"https:\/\/roveyayinevi.com.tr\/index.php\/wp-json\/wp\/v2\/product\/756986","targetHints":{"allow":["GET"]}}],"collection":[{"href":"https:\/\/roveyayinevi.com.tr\/index.php\/wp-json\/wp\/v2\/product"}],"about":[{"href":"https:\/\/roveyayinevi.com.tr\/index.php\/wp-json\/wp\/v2\/types\/product"}],"wp:attachment":[{"href":"https:\/\/roveyayinevi.com.tr\/index.php\/wp-json\/wp\/v2\/media?parent=756986"}],"wp:term":[{"taxonomy":"product_brand","embeddable":true,"href":"https:\/\/roveyayinevi.com.tr\/index.php\/wp-json\/wp\/v2\/product_brand?post=756986"},{"taxonomy":"product_cat","embeddable":true,"href":"https:\/\/roveyayinevi.com.tr\/index.php\/wp-json\/wp\/v2\/product_cat?post=756986"},{"taxonomy":"product_tag","embeddable":true,"href":"https:\/\/roveyayinevi.com.tr\/index.php\/wp-json\/wp\/v2\/product_tag?post=756986"}],"curies":[{"name":"wp","href":"https:\/\/api.w.org\/{rel}","templated":true}]}}