{"id":756981,"date":"2025-08-28T07:22:55","date_gmt":"2025-08-28T04:22:55","guid":{"rendered":"https:\/\/roveyayinevi.com.tr\/index.php\/urun\/kirpi-kekik-ile-yilbasi-surprizi\/"},"modified":"2026-04-16T03:10:02","modified_gmt":"2026-04-16T00:10:02","slug":"kirpi-kekik-ile-yilbasi-surprizi","status":"publish","type":"product","link":"https:\/\/roveyayinevi.com.tr\/index.php\/urun\/kirpi-kekik-ile-yilbasi-surprizi\/","title":{"rendered":"Kirpi Kekik \u0130le Y\u0131lba\u015f\u0131 S\u00fcrprizi"},"content":{"rendered":"<p>Kirpi Kekik yeni y\u0131l\u0131n geli\u015fini kutlamak i\u00e7in arkada\u015flar\u0131n\u0131 davet etmi\u015fti. Davet i\u00e7in evini s\u00fcslerken aya\u011f\u0131 kay\u0131verdi ve kendini bir anda hareketli bir maceran\u0131n i\u00e7inde buldu. Labirentlerden ge\u00e7erek, bulmacalar\u0131 \u00e7\u00f6zerek ve \u015fifreleri bularak sen de bu maceraya kat\u0131lmak ister misin? <\/p>\n","protected":false},"excerpt":{"rendered":"<p>Kirpi Kekik yeni y\u0131l\u0131n geli\u015fini kutlamak i\u00e7in arkada\u015flar\u0131n\u0131 davet etmi\u015fti. Davet i\u00e7in evini s\u00fcslerken aya\u011f\u0131 kay\u0131verdi ve kendini bir anda hareketli bir maceran\u0131n i\u00e7inde buldu. Labirentlerden<span class=\"excerpt-hellip\"> [\u2026]<\/span><\/p>\n","protected":false},"featured_media":0,"template":"","meta":{"_monsterinsights_skip_tracking":false,"_monsterinsights_sitenote_active":false,"_monsterinsights_sitenote_note":"","_monsterinsights_sitenote_category":0},"product_brand":[],"product_cat":[12274,12518],"product_tag":[],"class_list":{"0":"post-756981","1":"product","2":"type-product","3":"status-publish","5":"product_cat-cocuk-ve-genclik-kitaplari","6":"product_cat-okul-oncesi-kitaplar","7":"pa_cilt-ciltsiz","8":"pa_tur-kitap","9":"pa_yayinevi-is-bankasi-kultur-yayinlari","10":"pa_yazar-dirk-hennig","12":"first","13":"instock","14":"sale","15":"shipping-taxable","16":"purchasable","17":"product-type-simple"},"_links":{"self":[{"href":"https:\/\/roveyayinevi.com.tr\/index.php\/wp-json\/wp\/v2\/product\/756981","targetHints":{"allow":["GET"]}}],"collection":[{"href":"https:\/\/roveyayinevi.com.tr\/index.php\/wp-json\/wp\/v2\/product"}],"about":[{"href":"https:\/\/roveyayinevi.com.tr\/index.php\/wp-json\/wp\/v2\/types\/product"}],"wp:attachment":[{"href":"https:\/\/roveyayinevi.com.tr\/index.php\/wp-json\/wp\/v2\/media?parent=756981"}],"wp:term":[{"taxonomy":"product_brand","embeddable":true,"href":"https:\/\/roveyayinevi.com.tr\/index.php\/wp-json\/wp\/v2\/product_brand?post=756981"},{"taxonomy":"product_cat","embeddable":true,"href":"https:\/\/roveyayinevi.com.tr\/index.php\/wp-json\/wp\/v2\/product_cat?post=756981"},{"taxonomy":"product_tag","embeddable":true,"href":"https:\/\/roveyayinevi.com.tr\/index.php\/wp-json\/wp\/v2\/product_tag?post=756981"}],"curies":[{"name":"wp","href":"https:\/\/api.w.org\/{rel}","templated":true}]}}