{"id":756980,"date":"2025-08-28T07:22:53","date_gmt":"2025-08-28T04:22:53","guid":{"rendered":"https:\/\/roveyayinevi.com.tr\/index.php\/urun\/mis-kokulu-kokarca-2\/"},"modified":"2026-04-16T03:10:02","modified_gmt":"2026-04-16T00:10:02","slug":"mis-kokulu-kokarca-2","status":"publish","type":"product","link":"https:\/\/roveyayinevi.com.tr\/index.php\/urun\/mis-kokulu-kokarca-2\/","title":{"rendered":"Mis Kokulu Kokarca"},"content":{"rendered":"<p>Mis kokulu kokarca, di\u011fer kokarcalar gibi k\u00f6t\u00fc kokmak istemedi\u011fi i\u00e7in zaman\u0131n\u0131 banyo yaparak, sa\u00e7lar\u0131n\u0131 tarayarak ve g\u00fczel kokular s\u00fcrerek ge\u00e7irmeyi seviyordu. G\u00fcnlerden bir g\u00fcn onu rakun zanneden bir rakunla kar\u015f\u0131la\u015ft\u0131\u011f\u0131nda ne yapaca\u011f\u0131n\u0131 d\u00fc\u015f\u00fcnmeye ba\u015flad\u0131. Kokarca olarak kalmak m\u0131, yoksa rakun olmak m\u0131? <\/p>\n","protected":false},"excerpt":{"rendered":"<p>Mis kokulu kokarca, di\u011fer kokarcalar gibi k\u00f6t\u00fc kokmak istemedi\u011fi i\u00e7in zaman\u0131n\u0131 banyo yaparak, sa\u00e7lar\u0131n\u0131 tarayarak ve g\u00fczel kokular s\u00fcrerek ge\u00e7irmeyi seviyordu. G\u00fcnlerden bir g\u00fcn onu rakun<span class=\"excerpt-hellip\"> [\u2026]<\/span><\/p>\n","protected":false},"featured_media":0,"template":"","meta":{"_monsterinsights_skip_tracking":false,"_monsterinsights_sitenote_active":false,"_monsterinsights_sitenote_note":"","_monsterinsights_sitenote_category":0},"product_brand":[],"product_cat":[12274,12518],"product_tag":[],"class_list":{"0":"post-756980","1":"product","2":"type-product","3":"status-publish","5":"product_cat-cocuk-ve-genclik-kitaplari","6":"product_cat-okul-oncesi-kitaplar","7":"pa_cilt-ciltsiz","8":"pa_tur-kitap","9":"pa_yayinevi-is-bankasi-kultur-yayinlari","10":"pa_yazar-britta-sabbag","12":"first","13":"instock","14":"sale","15":"shipping-taxable","16":"purchasable","17":"product-type-simple"},"_links":{"self":[{"href":"https:\/\/roveyayinevi.com.tr\/index.php\/wp-json\/wp\/v2\/product\/756980","targetHints":{"allow":["GET"]}}],"collection":[{"href":"https:\/\/roveyayinevi.com.tr\/index.php\/wp-json\/wp\/v2\/product"}],"about":[{"href":"https:\/\/roveyayinevi.com.tr\/index.php\/wp-json\/wp\/v2\/types\/product"}],"wp:attachment":[{"href":"https:\/\/roveyayinevi.com.tr\/index.php\/wp-json\/wp\/v2\/media?parent=756980"}],"wp:term":[{"taxonomy":"product_brand","embeddable":true,"href":"https:\/\/roveyayinevi.com.tr\/index.php\/wp-json\/wp\/v2\/product_brand?post=756980"},{"taxonomy":"product_cat","embeddable":true,"href":"https:\/\/roveyayinevi.com.tr\/index.php\/wp-json\/wp\/v2\/product_cat?post=756980"},{"taxonomy":"product_tag","embeddable":true,"href":"https:\/\/roveyayinevi.com.tr\/index.php\/wp-json\/wp\/v2\/product_tag?post=756980"}],"curies":[{"name":"wp","href":"https:\/\/api.w.org\/{rel}","templated":true}]}}