{"id":756979,"date":"2025-08-28T07:22:51","date_gmt":"2025-08-28T04:22:51","guid":{"rendered":"https:\/\/roveyayinevi.com.tr\/index.php\/urun\/midillilerle-bir-gun-dunyayi-ogreniyorum\/"},"modified":"2026-04-16T03:10:02","modified_gmt":"2026-04-16T00:10:02","slug":"midillilerle-bir-gun-dunyayi-ogreniyorum","status":"publish","type":"product","link":"https:\/\/roveyayinevi.com.tr\/index.php\/urun\/midillilerle-bir-gun-dunyayi-ogreniyorum\/","title":{"rendered":"Midillilerle Bir G\u00fcn D\u00fcnyay\u0131 \u00d6\u011freniyorum"},"content":{"rendered":"<p>Atlar\u0131 \u00e7ok seven Eyl\u00fcl, at \u00e7iftli\u011fine gitti\u011finde \u00e7ok mutlu oluyordu. Uzun s\u00fcren binicilik derslerinin ard\u0131ndan o g\u00fcn ilk kez midilliyle ormanda gezintiye \u00e7\u0131kaca\u011f\u0131 i\u00e7in \u00e7ok heyecanl\u0131yd\u0131. Sen de midillilerle bir g\u00fcn ge\u00e7irmek ister misin? <\/p>\n","protected":false},"excerpt":{"rendered":"<p>Atlar\u0131 \u00e7ok seven Eyl\u00fcl, at \u00e7iftli\u011fine gitti\u011finde \u00e7ok mutlu oluyordu. Uzun s\u00fcren binicilik derslerinin ard\u0131ndan o g\u00fcn ilk kez midilliyle ormanda gezintiye \u00e7\u0131kaca\u011f\u0131 i\u00e7in \u00e7ok heyecanl\u0131yd\u0131.<span class=\"excerpt-hellip\"> [\u2026]<\/span><\/p>\n","protected":false},"featured_media":0,"template":"","meta":{"_monsterinsights_skip_tracking":false,"_monsterinsights_sitenote_active":false,"_monsterinsights_sitenote_note":"","_monsterinsights_sitenote_category":0},"product_brand":[],"product_cat":[12274,12518],"product_tag":[],"class_list":{"0":"post-756979","1":"product","2":"type-product","3":"status-publish","5":"product_cat-cocuk-ve-genclik-kitaplari","6":"product_cat-okul-oncesi-kitaplar","7":"pa_cilt-ciltsiz","8":"pa_tur-kitap","9":"pa_yayinevi-is-bankasi-kultur-yayinlari","10":"pa_yazar-petra-wiese","12":"first","13":"instock","14":"sale","15":"shipping-taxable","16":"purchasable","17":"product-type-simple"},"_links":{"self":[{"href":"https:\/\/roveyayinevi.com.tr\/index.php\/wp-json\/wp\/v2\/product\/756979","targetHints":{"allow":["GET"]}}],"collection":[{"href":"https:\/\/roveyayinevi.com.tr\/index.php\/wp-json\/wp\/v2\/product"}],"about":[{"href":"https:\/\/roveyayinevi.com.tr\/index.php\/wp-json\/wp\/v2\/types\/product"}],"wp:attachment":[{"href":"https:\/\/roveyayinevi.com.tr\/index.php\/wp-json\/wp\/v2\/media?parent=756979"}],"wp:term":[{"taxonomy":"product_brand","embeddable":true,"href":"https:\/\/roveyayinevi.com.tr\/index.php\/wp-json\/wp\/v2\/product_brand?post=756979"},{"taxonomy":"product_cat","embeddable":true,"href":"https:\/\/roveyayinevi.com.tr\/index.php\/wp-json\/wp\/v2\/product_cat?post=756979"},{"taxonomy":"product_tag","embeddable":true,"href":"https:\/\/roveyayinevi.com.tr\/index.php\/wp-json\/wp\/v2\/product_tag?post=756979"}],"curies":[{"name":"wp","href":"https:\/\/api.w.org\/{rel}","templated":true}]}}