{"id":756978,"date":"2025-08-28T07:22:49","date_gmt":"2025-08-28T04:22:49","guid":{"rendered":"https:\/\/roveyayinevi.com.tr\/index.php\/urun\/hosgoru-ve-saygi-dunyayi-ogreniyorum\/"},"modified":"2026-04-16T03:10:02","modified_gmt":"2026-04-16T00:10:02","slug":"hosgoru-ve-saygi-dunyayi-ogreniyorum","status":"publish","type":"product","link":"https:\/\/roveyayinevi.com.tr\/index.php\/urun\/hosgoru-ve-saygi-dunyayi-ogreniyorum\/","title":{"rendered":"Ho\u015fg\u00f6r\u00fc ve Sayg\u0131 D\u00fcnyay\u0131 \u00d6\u011freniyorum"},"content":{"rendered":"<p>Ho\u015fg\u00f6r\u00fcl\u00fc olmak nedir? Bazen zor olabilir mi? Farkl\u0131l\u0131klara sayg\u0131 duymak \u00f6nemli midir? Empati kurmak bize ne sa\u011flar? Ho\u015fg\u00f6r\u00fc, nezaket ve sayg\u0131 gibi unsurlar toplumsal ya\u015fam becerilerinin geli\u015fmesine katk\u0131 sa\u011flarken birlikte ya\u015famay\u0131 kolayla\u015ft\u0131r\u0131r. G\u00fcnl\u00fck ya\u015famdan \u00f6rneklerle haz\u0131rlanan kitab\u0131n i\u00e7eri\u011fi uzman ve pedagoglar taraf\u0131ndan kontrol edilmi\u015ftir. <\/p>\n","protected":false},"excerpt":{"rendered":"<p>Ho\u015fg\u00f6r\u00fcl\u00fc olmak nedir? Bazen zor olabilir mi? Farkl\u0131l\u0131klara sayg\u0131 duymak \u00f6nemli midir? Empati kurmak bize ne sa\u011flar? Ho\u015fg\u00f6r\u00fc, nezaket ve sayg\u0131 gibi unsurlar toplumsal ya\u015fam becerilerinin<span class=\"excerpt-hellip\"> [\u2026]<\/span><\/p>\n","protected":false},"featured_media":0,"template":"","meta":{"_monsterinsights_skip_tracking":false,"_monsterinsights_sitenote_active":false,"_monsterinsights_sitenote_note":"","_monsterinsights_sitenote_category":0},"product_brand":[],"product_cat":[12274,12518],"product_tag":[],"class_list":{"0":"post-756978","1":"product","2":"type-product","3":"status-publish","5":"product_cat-cocuk-ve-genclik-kitaplari","6":"product_cat-okul-oncesi-kitaplar","7":"pa_cilt-ciltsiz","8":"pa_tur-kitap","9":"pa_yayinevi-is-bankasi-kultur-yayinlari","10":"pa_yazar-brigitte-hoffmann","12":"first","13":"instock","14":"sale","15":"shipping-taxable","16":"purchasable","17":"product-type-simple"},"_links":{"self":[{"href":"https:\/\/roveyayinevi.com.tr\/index.php\/wp-json\/wp\/v2\/product\/756978","targetHints":{"allow":["GET"]}}],"collection":[{"href":"https:\/\/roveyayinevi.com.tr\/index.php\/wp-json\/wp\/v2\/product"}],"about":[{"href":"https:\/\/roveyayinevi.com.tr\/index.php\/wp-json\/wp\/v2\/types\/product"}],"wp:attachment":[{"href":"https:\/\/roveyayinevi.com.tr\/index.php\/wp-json\/wp\/v2\/media?parent=756978"}],"wp:term":[{"taxonomy":"product_brand","embeddable":true,"href":"https:\/\/roveyayinevi.com.tr\/index.php\/wp-json\/wp\/v2\/product_brand?post=756978"},{"taxonomy":"product_cat","embeddable":true,"href":"https:\/\/roveyayinevi.com.tr\/index.php\/wp-json\/wp\/v2\/product_cat?post=756978"},{"taxonomy":"product_tag","embeddable":true,"href":"https:\/\/roveyayinevi.com.tr\/index.php\/wp-json\/wp\/v2\/product_tag?post=756978"}],"curies":[{"name":"wp","href":"https:\/\/api.w.org\/{rel}","templated":true}]}}