{"id":756976,"date":"2025-08-28T07:22:46","date_gmt":"2025-08-28T04:22:46","guid":{"rendered":"https:\/\/roveyayinevi.com.tr\/index.php\/urun\/caglar-polis-ile-tanisiyor-ilk-okuma-kitabim\/"},"modified":"2026-04-16T03:10:02","modified_gmt":"2026-04-16T00:10:02","slug":"caglar-polis-ile-tanisiyor-ilk-okuma-kitabim","status":"publish","type":"product","link":"https:\/\/roveyayinevi.com.tr\/index.php\/urun\/caglar-polis-ile-tanisiyor-ilk-okuma-kitabim\/","title":{"rendered":"\u00c7a\u011flar Polis \u0130le Tan\u0131\u015f\u0131yor \u0130lk Okuma Kitab\u0131m"},"content":{"rendered":"<p>Anaokulunu ziyaret eden polisler, \u00c7a\u011flar ile arkada\u015flar\u0131na trafik kurallar\u0131n\u0131 anlatt\u0131. Birka\u00e7 g\u00fcn sonra \u00c7a\u011flar ile s\u0131n\u0131f\u0131 karakolu ziyaret etti. O g\u00fcn \u015fehir k\u00fct\u00fcphanesinin \u00f6n\u00fcnden tam be\u015f tane bisiklet \u00e7al\u0131nm\u0131\u015ft\u0131. \u00c7a\u011flar ile Pelin bisikletlerin bulunup bulunamayaca\u011f\u0131n\u0131 \u00e7ok merak ediyordu. <\/p>\n","protected":false},"excerpt":{"rendered":"<p>Anaokulunu ziyaret eden polisler, \u00c7a\u011flar ile arkada\u015flar\u0131na trafik kurallar\u0131n\u0131 anlatt\u0131. Birka\u00e7 g\u00fcn sonra \u00c7a\u011flar ile s\u0131n\u0131f\u0131 karakolu ziyaret etti. O g\u00fcn \u015fehir k\u00fct\u00fcphanesinin \u00f6n\u00fcnden tam be\u015f<span class=\"excerpt-hellip\"> [\u2026]<\/span><\/p>\n","protected":false},"featured_media":0,"template":"","meta":{"_monsterinsights_skip_tracking":false,"_monsterinsights_sitenote_active":false,"_monsterinsights_sitenote_note":"","_monsterinsights_sitenote_category":0},"product_brand":[],"product_cat":[12274,12518],"product_tag":[],"class_list":{"0":"post-756976","1":"product","2":"type-product","3":"status-publish","5":"product_cat-cocuk-ve-genclik-kitaplari","6":"product_cat-okul-oncesi-kitaplar","7":"pa_cilt-ciltsiz","8":"pa_tur-kitap","9":"pa_yayinevi-is-bankasi-kultur-yayinlari","10":"pa_yazar-christian-tielmann","12":"first","13":"instock","14":"sale","15":"shipping-taxable","16":"purchasable","17":"product-type-simple"},"_links":{"self":[{"href":"https:\/\/roveyayinevi.com.tr\/index.php\/wp-json\/wp\/v2\/product\/756976","targetHints":{"allow":["GET"]}}],"collection":[{"href":"https:\/\/roveyayinevi.com.tr\/index.php\/wp-json\/wp\/v2\/product"}],"about":[{"href":"https:\/\/roveyayinevi.com.tr\/index.php\/wp-json\/wp\/v2\/types\/product"}],"wp:attachment":[{"href":"https:\/\/roveyayinevi.com.tr\/index.php\/wp-json\/wp\/v2\/media?parent=756976"}],"wp:term":[{"taxonomy":"product_brand","embeddable":true,"href":"https:\/\/roveyayinevi.com.tr\/index.php\/wp-json\/wp\/v2\/product_brand?post=756976"},{"taxonomy":"product_cat","embeddable":true,"href":"https:\/\/roveyayinevi.com.tr\/index.php\/wp-json\/wp\/v2\/product_cat?post=756976"},{"taxonomy":"product_tag","embeddable":true,"href":"https:\/\/roveyayinevi.com.tr\/index.php\/wp-json\/wp\/v2\/product_tag?post=756976"}],"curies":[{"name":"wp","href":"https:\/\/api.w.org\/{rel}","templated":true}]}}