{"id":756975,"date":"2025-08-28T07:22:44","date_gmt":"2025-08-28T04:22:44","guid":{"rendered":"https:\/\/roveyayinevi.com.tr\/index.php\/urun\/dis-hekimine-gidiyoruz-ilk-okuma-kitabim\/"},"modified":"2026-04-16T03:10:02","modified_gmt":"2026-04-16T00:10:02","slug":"dis-hekimine-gidiyoruz-ilk-okuma-kitabim","status":"publish","type":"product","link":"https:\/\/roveyayinevi.com.tr\/index.php\/urun\/dis-hekimine-gidiyoruz-ilk-okuma-kitabim\/","title":{"rendered":"Di\u015f Hekimine Gidiyoruz \u0130lk Okuma Kitab\u0131m"},"content":{"rendered":"<p>Bug\u00fcn anaokulunda b\u00fcy\u00fck g\u00fcn: Di\u015f hekiminin muayenehanesini ziyaret eden \u00e7ocuklar, di\u015fler ve di\u015flerin bak\u0131m\u0131 hakk\u0131nda bir\u00e7ok bilgi ediniyorlar. \u2022 Di\u015fler neden \u00e7\u00fcr\u00fcr? \u2022 Di\u015flerimizi nas\u0131l f\u0131r\u00e7alamal\u0131y\u0131z? \u2022 S\u00fct di\u015fi nedir? \u00c7ocuklara di\u015f sa\u011fl\u0131\u011f\u0131n\u0131n \u00f6nemini anlatan kitab\u0131m\u0131z, di\u015f hekiminin katk\u0131lar\u0131yla haz\u0131rlanm\u0131\u015ft\u0131r. <\/p>\n","protected":false},"excerpt":{"rendered":"<p>Bug\u00fcn anaokulunda b\u00fcy\u00fck g\u00fcn: Di\u015f hekiminin muayenehanesini ziyaret eden \u00e7ocuklar, di\u015fler ve di\u015flerin bak\u0131m\u0131 hakk\u0131nda bir\u00e7ok bilgi ediniyorlar. \u2022 Di\u015fler neden \u00e7\u00fcr\u00fcr? \u2022 Di\u015flerimizi nas\u0131l f\u0131r\u00e7alamal\u0131y\u0131z?<span class=\"excerpt-hellip\"> [\u2026]<\/span><\/p>\n","protected":false},"featured_media":0,"template":"","meta":{"_monsterinsights_skip_tracking":false,"_monsterinsights_sitenote_active":false,"_monsterinsights_sitenote_note":"","_monsterinsights_sitenote_category":0},"product_brand":[],"product_cat":[12274,12518],"product_tag":[],"class_list":{"0":"post-756975","1":"product","2":"type-product","3":"status-publish","5":"product_cat-cocuk-ve-genclik-kitaplari","6":"product_cat-okul-oncesi-kitaplar","7":"pa_cilt-ciltsiz","8":"pa_tur-kitap","9":"pa_yayinevi-is-bankasi-kultur-yayinlari","10":"pa_yazar-andrea-zschocher","12":"first","13":"instock","14":"sale","15":"shipping-taxable","16":"purchasable","17":"product-type-simple"},"_links":{"self":[{"href":"https:\/\/roveyayinevi.com.tr\/index.php\/wp-json\/wp\/v2\/product\/756975","targetHints":{"allow":["GET"]}}],"collection":[{"href":"https:\/\/roveyayinevi.com.tr\/index.php\/wp-json\/wp\/v2\/product"}],"about":[{"href":"https:\/\/roveyayinevi.com.tr\/index.php\/wp-json\/wp\/v2\/types\/product"}],"wp:attachment":[{"href":"https:\/\/roveyayinevi.com.tr\/index.php\/wp-json\/wp\/v2\/media?parent=756975"}],"wp:term":[{"taxonomy":"product_brand","embeddable":true,"href":"https:\/\/roveyayinevi.com.tr\/index.php\/wp-json\/wp\/v2\/product_brand?post=756975"},{"taxonomy":"product_cat","embeddable":true,"href":"https:\/\/roveyayinevi.com.tr\/index.php\/wp-json\/wp\/v2\/product_cat?post=756975"},{"taxonomy":"product_tag","embeddable":true,"href":"https:\/\/roveyayinevi.com.tr\/index.php\/wp-json\/wp\/v2\/product_tag?post=756975"}],"curies":[{"name":"wp","href":"https:\/\/api.w.org\/{rel}","templated":true}]}}