{"id":756969,"date":"2025-08-28T07:22:35","date_gmt":"2025-08-28T04:22:35","guid":{"rendered":"https:\/\/roveyayinevi.com.tr\/index.php\/urun\/tonti-ve-biskuvi-haydudu\/"},"modified":"2026-04-16T03:10:02","modified_gmt":"2026-04-16T00:10:02","slug":"tonti-ve-biskuvi-haydudu","status":"publish","type":"product","link":"https:\/\/roveyayinevi.com.tr\/index.php\/urun\/tonti-ve-biskuvi-haydudu\/","title":{"rendered":"Tonti ve Bisk\u00fcvi Haydudu"},"content":{"rendered":"<p>M\u0131r\u0131lkent bisk\u00fcvi soygunlar\u0131yla kar\u015f\u0131 kar\u015f\u0131ya. T\u00fcm ipu\u00e7lar\u0131 ise kasaban\u0131n tek u\u00e7an tombul midillisini, Mert\u2019in en yak\u0131n arkada\u015f\u0131 TONT\u0130\u2019yi g\u00f6steriyor! Mert ile Tonti kanundan ka\u00e7mak zorunda kal\u0131yorlar. Bakal\u0131m Tonti midilli hapishanesini boylamadan ger\u00e7ek su\u00e7luyu bulabilecekler mi? <\/p>\n","protected":false},"excerpt":{"rendered":"<p>M\u0131r\u0131lkent bisk\u00fcvi soygunlar\u0131yla kar\u015f\u0131 kar\u015f\u0131ya. T\u00fcm ipu\u00e7lar\u0131 ise kasaban\u0131n tek u\u00e7an tombul midillisini, Mert\u2019in en yak\u0131n arkada\u015f\u0131 TONT\u0130\u2019yi g\u00f6steriyor! Mert ile Tonti kanundan ka\u00e7mak zorunda kal\u0131yorlar.<span class=\"excerpt-hellip\"> [\u2026]<\/span><\/p>\n","protected":false},"featured_media":0,"template":"","meta":{"_monsterinsights_skip_tracking":false,"_monsterinsights_sitenote_active":false,"_monsterinsights_sitenote_note":"","_monsterinsights_sitenote_category":0},"product_brand":[],"product_cat":[12274,12518],"product_tag":[],"class_list":{"0":"post-756969","1":"product","2":"type-product","3":"status-publish","5":"product_cat-cocuk-ve-genclik-kitaplari","6":"product_cat-okul-oncesi-kitaplar","7":"pa_cilt-ciltsiz","8":"pa_tur-kitap","9":"pa_yayinevi-is-bankasi-kultur-yayinlari","10":"pa_yazar-philip-reeve","12":"first","13":"instock","14":"sale","15":"shipping-taxable","16":"purchasable","17":"product-type-simple"},"_links":{"self":[{"href":"https:\/\/roveyayinevi.com.tr\/index.php\/wp-json\/wp\/v2\/product\/756969","targetHints":{"allow":["GET"]}}],"collection":[{"href":"https:\/\/roveyayinevi.com.tr\/index.php\/wp-json\/wp\/v2\/product"}],"about":[{"href":"https:\/\/roveyayinevi.com.tr\/index.php\/wp-json\/wp\/v2\/types\/product"}],"wp:attachment":[{"href":"https:\/\/roveyayinevi.com.tr\/index.php\/wp-json\/wp\/v2\/media?parent=756969"}],"wp:term":[{"taxonomy":"product_brand","embeddable":true,"href":"https:\/\/roveyayinevi.com.tr\/index.php\/wp-json\/wp\/v2\/product_brand?post=756969"},{"taxonomy":"product_cat","embeddable":true,"href":"https:\/\/roveyayinevi.com.tr\/index.php\/wp-json\/wp\/v2\/product_cat?post=756969"},{"taxonomy":"product_tag","embeddable":true,"href":"https:\/\/roveyayinevi.com.tr\/index.php\/wp-json\/wp\/v2\/product_tag?post=756969"}],"curies":[{"name":"wp","href":"https:\/\/api.w.org\/{rel}","templated":true}]}}