{"id":756966,"date":"2025-08-28T07:22:30","date_gmt":"2025-08-28T04:22:30","guid":{"rendered":"https:\/\/roveyayinevi.com.tr\/index.php\/urun\/yenilenebilir-enerji-kisa-bir-giris\/"},"modified":"2026-04-16T03:10:02","modified_gmt":"2026-04-16T00:10:02","slug":"yenilenebilir-enerji-kisa-bir-giris","status":"publish","type":"product","link":"https:\/\/roveyayinevi.com.tr\/index.php\/urun\/yenilenebilir-enerji-kisa-bir-giris\/","title":{"rendered":"Yenilenebilir Enerji &#8211; K\u0131sa Bir Giri\u015f"},"content":{"rendered":"<p>\u201cKaliteli bir ya\u015fam i\u00e7in enerji b\u00fcy\u00fck \u00f6nem ta\u015f\u0131yor; \u0131s\u0131nmada, g\u0131da \u00fcretiminde, teknolojik aletleri \u00e7al\u0131\u015ft\u0131rmada elzem. Fakat k\u00f6m\u00fcr, petrol, do\u011falgaz yakarak enerji sa\u011flamak atmosfere y\u00fcksek miktarda karbondioksit yay\u0131yor, ayr\u0131ca sa\u011fl\u0131\u011f\u0131m\u0131za ve \u00e7evreye zarar veren kirletici maddeler \u00fcretiyor. Neyse ki kulland\u0131\u011f\u0131m\u0131z enerjinin bir k\u0131sm\u0131, en ba\u015fta da g\u00fcne\u015f, r\u00fczg\u00e2r ve su g\u00fcc\u00fcyle elde edilen enerjiler b\u00f6yle zararl\u0131 etkilere yol a\u00e7m\u0131yor.\u201d D\u00fcnya n\u00fcfusunun \u00e7o\u011fu, yeterli enerjiye sahip de\u011fil. \u0130klim de\u011fi\u015fikli\u011fine ve kirlili\u011fe yol a\u00e7mayan, uygun maliyette, herkese yetecek g\u00fc\u00e7 kaynaklar\u0131na ula\u015f\u0131lmak isteniyorsa, \u00e7\u00f6z\u00fcm yenilenebilir enerji kaynaklar\u0131nda yat\u0131yor. Fosil yak\u0131tlardan yenilenebilir enerji kaynaklar\u0131na ge\u00e7i\u015fi destekleyen piyasa dinamikleri de s\u00f6z konusu, fakat ABD\u2019nin Paris \u0130klim Antla\u015fmas\u0131\u2019ndan \u00e7ekilmesinin tart\u0131\u015f\u0131lmas\u0131 ve fosil yak\u0131t lobilerinin \u00e7al\u0131\u015fmalar\u0131 kar\u015f\u0131 y\u00f6nde bir bas\u0131n\u00e7 olu\u015fturuyor. Oysa daha \u015fimdiden d\u00fcnyan\u0131n pek \u00e7ok b\u00f6lgesinde en ucuz elektrik, r\u00fczg\u00e2r ve g\u00fcne\u015f \u00e7iftliklerinden elde ediliyor. Ve bu kaynaklar d\u00fcnyan\u0131n t\u00fcm enerji ihtiyac\u0131n\u0131 kar\u015f\u0131layabilir. Oxford \u00dcniversitesi\u2019nin cep kitaplar\u0131 serisinden yay\u0131nlanan bu kitab\u0131nda yazar Nick Jelley g\u00fcne\u015f enerjisi, su g\u00fcc\u00fc, r\u00fczg\u00e2r g\u00fcc\u00fc, biyok\u00fctle gibi temel yenilenebilir enerji kaynaklar\u0131n\u0131n yan\u0131nda dalga g\u00fcc\u00fc, gelgit g\u00fcc\u00fc, jeotermal g\u00fc\u00e7 gibi daha az kullan\u0131lan kaynaklar\u0131 da ayr\u0131nt\u0131l\u0131 bi\u00e7imde de\u011ferlendiriyor. Bu alanda d\u00fcnya genelinde ya\u015fanan son geli\u015fmeler \u0131\u015f\u0131\u011f\u0131nda okurlara g\u00fcncel verileri de i\u00e7eren, canl\u0131 bir yenilenebilir enerji tablosu sunuyor. <\/p>\n","protected":false},"excerpt":{"rendered":"<p>\u201cKaliteli bir ya\u015fam i\u00e7in enerji b\u00fcy\u00fck \u00f6nem ta\u015f\u0131yor; \u0131s\u0131nmada, g\u0131da \u00fcretiminde, teknolojik aletleri \u00e7al\u0131\u015ft\u0131rmada elzem. Fakat k\u00f6m\u00fcr, petrol, do\u011falgaz yakarak enerji sa\u011flamak atmosfere y\u00fcksek miktarda karbondioksit<span class=\"excerpt-hellip\"> [\u2026]<\/span><\/p>\n","protected":false},"featured_media":0,"template":"","meta":{"_monsterinsights_skip_tracking":false,"_monsterinsights_sitenote_active":false,"_monsterinsights_sitenote_note":"","_monsterinsights_sitenote_category":0},"product_brand":[],"product_cat":[13005],"product_tag":[],"class_list":{"0":"post-756966","1":"product","2":"type-product","3":"status-publish","5":"product_cat-bilim-muhendislik","6":"pa_cilt-ciltsiz","7":"pa_tur-kitap","8":"pa_yayinevi-is-bankasi-kultur-yayinlari","9":"pa_yazar-nick-jelley","11":"first","12":"instock","13":"sale","14":"shipping-taxable","15":"purchasable","16":"product-type-simple"},"_links":{"self":[{"href":"https:\/\/roveyayinevi.com.tr\/index.php\/wp-json\/wp\/v2\/product\/756966","targetHints":{"allow":["GET"]}}],"collection":[{"href":"https:\/\/roveyayinevi.com.tr\/index.php\/wp-json\/wp\/v2\/product"}],"about":[{"href":"https:\/\/roveyayinevi.com.tr\/index.php\/wp-json\/wp\/v2\/types\/product"}],"wp:attachment":[{"href":"https:\/\/roveyayinevi.com.tr\/index.php\/wp-json\/wp\/v2\/media?parent=756966"}],"wp:term":[{"taxonomy":"product_brand","embeddable":true,"href":"https:\/\/roveyayinevi.com.tr\/index.php\/wp-json\/wp\/v2\/product_brand?post=756966"},{"taxonomy":"product_cat","embeddable":true,"href":"https:\/\/roveyayinevi.com.tr\/index.php\/wp-json\/wp\/v2\/product_cat?post=756966"},{"taxonomy":"product_tag","embeddable":true,"href":"https:\/\/roveyayinevi.com.tr\/index.php\/wp-json\/wp\/v2\/product_tag?post=756966"}],"curies":[{"name":"wp","href":"https:\/\/api.w.org\/{rel}","templated":true}]}}