{"id":756961,"date":"2025-08-28T07:22:22","date_gmt":"2025-08-28T04:22:22","guid":{"rendered":"https:\/\/roveyayinevi.com.tr\/index.php\/urun\/depremde-ask-askta-deprem\/"},"modified":"2026-04-08T03:18:08","modified_gmt":"2026-04-08T00:18:08","slug":"depremde-ask-askta-deprem","status":"publish","type":"product","link":"https:\/\/roveyayinevi.com.tr\/index.php\/urun\/depremde-ask-askta-deprem\/","title":{"rendered":"Depremde A\u015fk A\u015fkta Deprem"},"content":{"rendered":"<p>1943 y\u0131l\u0131n\u0131n so\u011fuk ve kasvetli bir k\u0131\u015f g\u00fcn\u00fcnde, Anadolu&#8217;nun sakin k\u00f6\u015felerinden birinde, Tosya-L\u00e2dik depremi t\u00fcm hiddetiyle hayatlar\u0131 alt \u00fcst eder. Ahmet, gen\u00e7 bir adam olarak, deprem enkaz\u0131n\u0131n ortas\u0131nda, felaketin yaralar\u0131n\u0131 sarmaya \u00e7al\u0131\u015f\u0131rken beklenmedik bir a\u015fka yelken a\u00e7ar. O, \u015eaziye&#8217;ye ilk g\u00f6r\u00fc\u015fte \u00e2\u015f\u0131k olur; adeta \u015eaziye y\u0131k\u0131nt\u0131lar aras\u0131nda umudun ve direncin simgesidir. Bu hik\u00e2ye, Ahmet ve \u015eaziye&#8217;nin a\u015fk\u0131n\u0131n, ac\u0131lar\u0131n ve umutlar\u0131n i\u00e7 i\u00e7e ge\u00e7ti\u011fi bir yolculu\u011funu anlat\u0131yor. Onlar, hayat\u0131n zorluklar\u0131na ve tarihin ac\u0131mas\u0131z dalgalar\u0131na kar\u015f\u0131 m\u00fccadele ederken, ayn\u0131 zamanda s\u0131radan hayat\u0131n g\u00fczelliklerini ve a\u015fk\u0131n huzurunu da ke\u015ffederler. Bu, sadece bir a\u015fk ve hayatta kalma hik\u00e2yesi de\u011fil; ayn\u0131 zamanda yakla\u015fan \u0130stanbul depreminin \u00f6n provas\u0131d\u0131r. Olacak olan \u0130stanbul Depremini anlayabilmek i\u00e7in gerek Tosya depremini gerekse Kuzey Anadolu fay hatt\u0131ndaki depremleri bilmek gerekiyor. Aksi halde tarihten ders al\u0131nmaz. Tarih deyince; tarihin, insan ruhunun ve ailenin g\u00fcc\u00fc \u00fczerine bir meditasyon bu hik\u00e2ye. Sava\u015f\u0131n ve do\u011fal felaketlerin g\u00f6lgesinde, i\u00e7ine d\u00f6n\u00fck sakin bir gen\u00e7 adam olan Ahmet\u2019in ya\u015fam\u0131 alg\u0131lama bi\u00e7imiyle bizleri uzunca bir yolculu\u011fa \u00e7\u0131karan bu roman hassas bir kalbin d\u00fcnya maceras\u0131 gibi de okunabilir\u2026 <\/p>\n","protected":false},"excerpt":{"rendered":"<p>1943 y\u0131l\u0131n\u0131n so\u011fuk ve kasvetli bir k\u0131\u015f g\u00fcn\u00fcnde, Anadolu&#8217;nun sakin k\u00f6\u015felerinden birinde, Tosya-L\u00e2dik depremi t\u00fcm hiddetiyle hayatlar\u0131 alt \u00fcst eder. Ahmet, gen\u00e7 bir adam olarak, deprem<span class=\"excerpt-hellip\"> [\u2026]<\/span><\/p>\n","protected":false},"featured_media":0,"template":"","meta":{"_monsterinsights_skip_tracking":false,"_monsterinsights_sitenote_active":false,"_monsterinsights_sitenote_note":"","_monsterinsights_sitenote_category":0},"product_brand":[],"product_cat":[12291,12711],"product_tag":[],"class_list":{"0":"post-756961","1":"product","2":"type-product","3":"status-publish","5":"product_cat-edebiyat","6":"product_cat-roman-oyku","7":"pa_cilt-ciltsiz","8":"pa_tur-kitap","9":"pa_yayinevi-kirmizi-ada-yayinlari","10":"pa_yazar-nevzat-sinan","12":"first","13":"instock","14":"sale","15":"shipping-taxable","16":"purchasable","17":"product-type-simple"},"_links":{"self":[{"href":"https:\/\/roveyayinevi.com.tr\/index.php\/wp-json\/wp\/v2\/product\/756961","targetHints":{"allow":["GET"]}}],"collection":[{"href":"https:\/\/roveyayinevi.com.tr\/index.php\/wp-json\/wp\/v2\/product"}],"about":[{"href":"https:\/\/roveyayinevi.com.tr\/index.php\/wp-json\/wp\/v2\/types\/product"}],"wp:attachment":[{"href":"https:\/\/roveyayinevi.com.tr\/index.php\/wp-json\/wp\/v2\/media?parent=756961"}],"wp:term":[{"taxonomy":"product_brand","embeddable":true,"href":"https:\/\/roveyayinevi.com.tr\/index.php\/wp-json\/wp\/v2\/product_brand?post=756961"},{"taxonomy":"product_cat","embeddable":true,"href":"https:\/\/roveyayinevi.com.tr\/index.php\/wp-json\/wp\/v2\/product_cat?post=756961"},{"taxonomy":"product_tag","embeddable":true,"href":"https:\/\/roveyayinevi.com.tr\/index.php\/wp-json\/wp\/v2\/product_tag?post=756961"}],"curies":[{"name":"wp","href":"https:\/\/api.w.org\/{rel}","templated":true}]}}