{"id":756955,"date":"2025-08-28T07:22:12","date_gmt":"2025-08-28T04:22:12","guid":{"rendered":"https:\/\/roveyayinevi.com.tr\/index.php\/urun\/aforizmalar-12\/"},"modified":"2026-04-16T03:10:01","modified_gmt":"2026-04-16T00:10:01","slug":"aforizmalar-12","status":"publish","type":"product","link":"https:\/\/roveyayinevi.com.tr\/index.php\/urun\/aforizmalar-12\/","title":{"rendered":"Aforizmalar"},"content":{"rendered":"<p>1925\u2019te Nobel Edebiyat \u00d6d\u00fcl\u00fc\u2019ne de\u011fer g\u00f6r\u00fclen \u0130rlandal\u0131 yazar George Bernard Shaw, d\u00fc\u015f\u00fcnsel i\u00e7eri\u011fi her zaman \u00f6ne \u00e7\u0131kan g\u00fcld\u00fcr\u00fcleriyle ya\u015fad\u0131\u011f\u0131 toplumun al\u0131\u015fkanl\u0131klar\u0131na ve ahlak anlay\u0131\u015f\u0131na yergi oklar\u0131 g\u00f6ndermi\u015f; sanat, siyaset, felsefe ve ekonomi gibi \u00e7ok farkl\u0131 alanlardaki g\u00f6z\u00fc pek ele\u015ftirileriyle d\u00f6neminin d\u00fc\u015f\u00fcncesinin bi\u00e7imlendirilmesinde etkili olmu\u015ftur. Oyunlar\u0131nda bask\u0131n ve yayg\u0131n anlay\u0131\u015flar\u0131 i\u011fneleyip ele\u015ftirmekten \u00e7ekinmeyen Bernard Shaw\u2019un yap\u0131tlar\u0131n\u0131n imbi\u011finden s\u00fcz\u00fclm\u00fc\u015f ba\u015f\u0131na buyruk s\u00f6zler, okurlar\u0131n\u0131 her zaman \u015fa\u015f\u0131rtm\u0131\u015f, d\u00fc\u015f\u00fcnd\u00fcrm\u00fc\u015f ve e\u011flendirmi\u015ftir. <\/p>\n","protected":false},"excerpt":{"rendered":"<p>1925\u2019te Nobel Edebiyat \u00d6d\u00fcl\u00fc\u2019ne de\u011fer g\u00f6r\u00fclen \u0130rlandal\u0131 yazar George Bernard Shaw, d\u00fc\u015f\u00fcnsel i\u00e7eri\u011fi her zaman \u00f6ne \u00e7\u0131kan g\u00fcld\u00fcr\u00fcleriyle ya\u015fad\u0131\u011f\u0131 toplumun al\u0131\u015fkanl\u0131klar\u0131na ve ahlak anlay\u0131\u015f\u0131na yergi oklar\u0131<span class=\"excerpt-hellip\"> [\u2026]<\/span><\/p>\n","protected":false},"featured_media":0,"template":"","meta":{"_monsterinsights_skip_tracking":false,"_monsterinsights_sitenote_active":false,"_monsterinsights_sitenote_note":"","_monsterinsights_sitenote_category":0},"product_brand":[],"product_cat":[75065,12291],"product_tag":[],"class_list":{"0":"post-756955","1":"product","2":"type-product","3":"status-publish","5":"product_cat-aforizmalar","6":"product_cat-edebiyat","7":"pa_cilt-ciltsiz","8":"pa_tur-kitap","9":"pa_yayinevi-is-bankasi-kultur-yayinlari","10":"pa_yazar-bernard-shaw","12":"first","13":"instock","14":"sale","15":"shipping-taxable","16":"purchasable","17":"product-type-simple"},"_links":{"self":[{"href":"https:\/\/roveyayinevi.com.tr\/index.php\/wp-json\/wp\/v2\/product\/756955","targetHints":{"allow":["GET"]}}],"collection":[{"href":"https:\/\/roveyayinevi.com.tr\/index.php\/wp-json\/wp\/v2\/product"}],"about":[{"href":"https:\/\/roveyayinevi.com.tr\/index.php\/wp-json\/wp\/v2\/types\/product"}],"wp:attachment":[{"href":"https:\/\/roveyayinevi.com.tr\/index.php\/wp-json\/wp\/v2\/media?parent=756955"}],"wp:term":[{"taxonomy":"product_brand","embeddable":true,"href":"https:\/\/roveyayinevi.com.tr\/index.php\/wp-json\/wp\/v2\/product_brand?post=756955"},{"taxonomy":"product_cat","embeddable":true,"href":"https:\/\/roveyayinevi.com.tr\/index.php\/wp-json\/wp\/v2\/product_cat?post=756955"},{"taxonomy":"product_tag","embeddable":true,"href":"https:\/\/roveyayinevi.com.tr\/index.php\/wp-json\/wp\/v2\/product_tag?post=756955"}],"curies":[{"name":"wp","href":"https:\/\/api.w.org\/{rel}","templated":true}]}}