{"id":756954,"date":"2025-08-28T07:22:10","date_gmt":"2025-08-28T04:22:10","guid":{"rendered":"https:\/\/roveyayinevi.com.tr\/index.php\/urun\/dogunun-rothschildlari-constantiniyyeli-istanbullu-camondolar\/"},"modified":"2026-04-16T03:10:01","modified_gmt":"2026-04-16T00:10:01","slug":"dogunun-rothschildlari-constantiniyyeli-istanbullu-camondolar","status":"publish","type":"product","link":"https:\/\/roveyayinevi.com.tr\/index.php\/urun\/dogunun-rothschildlari-constantiniyyeli-istanbullu-camondolar\/","title":{"rendered":"Do\u011fu&#8217;nun Rothschildlar\u0131 Constantiniyyeli (\u0130stanbullu) Camondolar"},"content":{"rendered":"<p>\u2018\u2019Do\u011fu\u2019nun Rothschildlar\u0131 Konstantiniyyeli \u2013 \u0130stanbullu \u2013 Camondolar\u2019\u2019, Camondo ailesinin 1492\u2019de \u0130spanya\u2019da ba\u015flayan, 1800\u2019lerde \u0130stanbul\u2019da yaratt\u0131klar\u0131 finans imparatorlu\u011fu ile zirveye ula\u015fan, 1869\u2019dan sonra Paris\u2019te b\u00fcy\u00fcyen ve 1943\u2019da Polonya\u2019da Krakow -Auschwitz \u00f6l\u00fcm kamp\u0131nda sona eren h\u00fcz\u00fcnl\u00fc \u00f6yk\u00fcs\u00fcd\u00fcr. Ayni zamanda 1699\u2019da , imzalad\u0131\u011f\u0131 Karlof\u00e7a ve daha sonra Pasarof\u00e7a anla\u015fmalar\u0131 ile sald\u0131r\u0131c\u0131 bir g\u00fc\u00e7 olmaktan \u00e7\u0131kan , ancak savunucu bir g\u00fc\u00e7 durumuna d\u00fc\u015fen Osmanl\u0131 \u0130mparatorlu\u011fu\u2019nun , toprak kay\u0131plar\u0131, gelir kay\u0131plar\u0131, harp tazminatlar\u0131, artan devlet ve saray masraflar\u0131 ve \u00f6n\u00fcne ge\u00e7ilemeyen israflar nedeniyle i\u00e7 ve d\u0131\u015f bor\u00e7lanmas\u0131n\u0131n ve bu bor\u00e7lanmalar\u0131n devletin \u00e7\u00f6k\u00fc\u015f\u00fcn\u00fcn ve \u00e7\u00f6z\u00fclmesinin etkenlerden biri olmas\u0131n\u0131n \u00f6yk\u00fcs\u00fcd\u00fcr. Aile reisi Abraham Salomon Camondo ve torunlar\u0131 Abraham Behor ve Nissim\u2019in Osmanl\u0131 i\u00e7 ve d\u0131\u015f bor\u00e7lanmas\u0131nda, \u00fclkede ilk modern bankac\u0131l\u0131\u011f\u0131n kurulmas\u0131nda, ilk sanayi tesislerinin i\u015fletmeye a\u00e7\u0131lmas\u0131nda, Abraham Salomon\u2019un 1839 Tanzimat Ferman\u0131\u2019n\u0131n haz\u0131rlanmas\u0131nda ve \u0130stanbul\u2019da Galata ve Pera\u2019n\u0131n imar\u0131ndaki katk\u0131lar\u0131 da bu \u00f6yk\u00fcn\u00fcn bir par\u00e7as\u0131d\u0131r. Bu uzun ve de\u011fi\u015fik \u00f6yk\u00fcn\u00fcn di\u011fer bir par\u00e7as\u0131 ise ailenin 1869 \u2018da Paris\u2019e g\u00f6\u00e7 ettikten , zaman\u0131n Frans\u0131z zenginleri ve bankerleri aras\u0131na girmeleri ve Paris sosyetesinin bir par\u00e7as\u0131 olmalar\u0131ndan sonra, torunlar\u0131n \u00e7ocuklar\u0131 \u0130saac ve Moise\u2019in i\u015f hayat\u0131ndan \u00e7ekilmeleri ve g\u00fczel sanatlara kendilerini adamalar\u0131d\u0131r. \u0130saac\u2019\u0131n empresyonist \u2013 \u0130zlenimci \u2013 resim ak\u0131m\u0131n\u0131n temsilcileri Degas, Monet , Renoir, Manet, Cezanne ve Delaroix gibi sonradan \u00e7ok \u00fcnl\u00fc olan isimleri desteklemesi ve bunun sonucunda meydana getirdi\u011fi \u00e7ok zengin koleksiyonunu Louvre M\u00fczesi\u2019ne hibe etmesidir. \u0130saac\u2019\u0131n Paris\u2019te ve Marsilya\u2019da oynanan bir opera yazacak kadar y\u00fcksek bir m\u00fczik k\u00fclt\u00fcr\u00fcne sahip olmas\u0131d\u0131r. Moise\u2019in de evini, \u00e7ok de\u011ferli sanat eserleri koleksiyonu ile birlikte, Nissim M\u00fczesi ad\u0131yla, \u00fcnl\u00fc bir i\u00e7 dekorasyon m\u00fczesi olarak Paris\u2019e b\u0131rakmas\u0131d\u0131r. Ailenin son \u00fcyelerinin Auschwitz de \u00f6l\u00fcm kamp\u0131nda son bulmas\u0131 da bu \u00f6yk\u00fcn\u00fcn h\u00fcz\u00fcnl\u00fc bir b\u00f6l\u00fcm\u00fcd\u00fcr. <\/p>\n","protected":false},"excerpt":{"rendered":"<p>\u2018\u2019Do\u011fu\u2019nun Rothschildlar\u0131 Konstantiniyyeli \u2013 \u0130stanbullu \u2013 Camondolar\u2019\u2019, Camondo ailesinin 1492\u2019de \u0130spanya\u2019da ba\u015flayan, 1800\u2019lerde \u0130stanbul\u2019da yaratt\u0131klar\u0131 finans imparatorlu\u011fu ile zirveye ula\u015fan, 1869\u2019dan sonra Paris\u2019te b\u00fcy\u00fcyen ve 1943\u2019da<span class=\"excerpt-hellip\"> [\u2026]<\/span><\/p>\n","protected":false},"featured_media":0,"template":"","meta":{"_monsterinsights_skip_tracking":false,"_monsterinsights_sitenote_active":false,"_monsterinsights_sitenote_note":"","_monsterinsights_sitenote_category":0},"product_brand":[],"product_cat":[12291,12745],"product_tag":[],"class_list":{"0":"post-756954","1":"product","2":"type-product","3":"status-publish","5":"product_cat-edebiyat","6":"product_cat-tarihi-roman","7":"pa_cilt-ciltsiz","8":"pa_tur-kitap","9":"pa_yayinevi-soncag-akademik-kitaplar","10":"pa_yazar-guran-tatlioglu","12":"first","13":"instock","14":"sale","15":"shipping-taxable","16":"purchasable","17":"product-type-simple"},"_links":{"self":[{"href":"https:\/\/roveyayinevi.com.tr\/index.php\/wp-json\/wp\/v2\/product\/756954","targetHints":{"allow":["GET"]}}],"collection":[{"href":"https:\/\/roveyayinevi.com.tr\/index.php\/wp-json\/wp\/v2\/product"}],"about":[{"href":"https:\/\/roveyayinevi.com.tr\/index.php\/wp-json\/wp\/v2\/types\/product"}],"wp:attachment":[{"href":"https:\/\/roveyayinevi.com.tr\/index.php\/wp-json\/wp\/v2\/media?parent=756954"}],"wp:term":[{"taxonomy":"product_brand","embeddable":true,"href":"https:\/\/roveyayinevi.com.tr\/index.php\/wp-json\/wp\/v2\/product_brand?post=756954"},{"taxonomy":"product_cat","embeddable":true,"href":"https:\/\/roveyayinevi.com.tr\/index.php\/wp-json\/wp\/v2\/product_cat?post=756954"},{"taxonomy":"product_tag","embeddable":true,"href":"https:\/\/roveyayinevi.com.tr\/index.php\/wp-json\/wp\/v2\/product_tag?post=756954"}],"curies":[{"name":"wp","href":"https:\/\/api.w.org\/{rel}","templated":true}]}}