{"id":756953,"date":"2025-08-28T07:22:09","date_gmt":"2025-08-28T04:22:09","guid":{"rendered":"https:\/\/roveyayinevi.com.tr\/index.php\/urun\/dunden-kotu-yarindan-iyi\/"},"modified":"2026-04-16T03:10:01","modified_gmt":"2026-04-16T00:10:01","slug":"dunden-kotu-yarindan-iyi","status":"publish","type":"product","link":"https:\/\/roveyayinevi.com.tr\/index.php\/urun\/dunden-kotu-yarindan-iyi\/","title":{"rendered":"D\u00fcnden K\u00f6t\u00fc Yar\u0131ndan \u0130yi"},"content":{"rendered":"<p>\u00d6mr\u00fc ba\u015far\u0131lara imza atmakla ge\u00e7mi\u015f, binlerce insana \u015fifa vesilesi olmu\u015f, kendi alan\u0131ndaki yetkinli\u011fi t\u00fcm d\u00fcnyaya yay\u0131lm\u0131\u015f idealist bir hekim Co\u015fkun Tunca&#8230; Erzurum\u2019un A\u015fkale il\u00e7esinden Chicago\u2019ya uzanan ve bir \u00f6mre s\u0131\u011fd\u0131r\u0131lm\u0131\u015f sars\u0131lmaz azmin, hayat boyunca \u00e7ekilen s\u0131k\u0131nt\u0131lar\u0131n nas\u0131l b\u00fcy\u00fck ba\u015far\u0131lara d\u00f6n\u00fc\u015ft\u00fcr\u00fclece\u011finin etkileyici ve ilham verici hik\u00e2yesi&#8230; \u00c7al\u0131\u015fmalar\u0131 gen\u00e7 hekimlere yol g\u00f6stermi\u015f, ba\u015far\u0131lar\u0131 dilden dile dolanan say\u0131s\u0131z ameliyata, hastaya ve sempozyuma y\u00f6n vermi\u015f Doktor Tunca\u2019n\u0131n parlak zihni ile kimsenin yan yana d\u00fc\u015f\u00fcnemeyece\u011fi Alzheimer\u2019\u0131n, efsane hekimin ve ailesinin hayat\u0131nda neler de\u011fi\u015ftirebildi\u011finin en sahici \u00f6rne\u011fi&#8230; Hastal\u0131k s\u00fcrecinin t\u00fcm y\u00fck\u00fcn\u00fc omuzlayan fedakar e\u015f Baht\u0131\u015fen Tam\u00e7elik Tunca\u2019n\u0131n kaleminden D\u00fcnden K\u00f6t\u00fc Yar\u0131ndan \u0130yi, hem ger\u00e7ek bir ba\u015far\u0131 hik\u00e2yesini okurlara sunmay\u0131 hem de yak\u0131n\u0131 Alzheimer olan ki\u015filere tecr\u00fcbeli bir dost omzu olmay\u0131 ama\u00e7l\u0131yor. Yaln\u0131z olan Alzheimer, siz yaln\u0131z de\u011filsiniz.<\/p>\n","protected":false},"excerpt":{"rendered":"<p>\u00d6mr\u00fc ba\u015far\u0131lara imza atmakla ge\u00e7mi\u015f, binlerce insana \u015fifa vesilesi olmu\u015f, kendi alan\u0131ndaki yetkinli\u011fi t\u00fcm d\u00fcnyaya yay\u0131lm\u0131\u015f idealist bir hekim Co\u015fkun Tunca&#8230; Erzurum\u2019un A\u015fkale il\u00e7esinden Chicago\u2019ya uzanan<span class=\"excerpt-hellip\"> [\u2026]<\/span><\/p>\n","protected":false},"featured_media":0,"template":"","meta":{"_monsterinsights_skip_tracking":false,"_monsterinsights_sitenote_active":false,"_monsterinsights_sitenote_note":"","_monsterinsights_sitenote_category":0},"product_brand":[],"product_cat":[13365],"product_tag":[],"class_list":{"0":"post-756953","1":"product","2":"type-product","3":"status-publish","5":"product_cat-saglik","6":"pa_cilt-ciltsiz","7":"pa_tur-kitap","8":"pa_yayinevi-hayykitap","9":"pa_yazar-bahtisen-tamcelik-tunca","11":"first","12":"instock","13":"sale","14":"shipping-taxable","15":"purchasable","16":"product-type-simple"},"_links":{"self":[{"href":"https:\/\/roveyayinevi.com.tr\/index.php\/wp-json\/wp\/v2\/product\/756953","targetHints":{"allow":["GET"]}}],"collection":[{"href":"https:\/\/roveyayinevi.com.tr\/index.php\/wp-json\/wp\/v2\/product"}],"about":[{"href":"https:\/\/roveyayinevi.com.tr\/index.php\/wp-json\/wp\/v2\/types\/product"}],"wp:attachment":[{"href":"https:\/\/roveyayinevi.com.tr\/index.php\/wp-json\/wp\/v2\/media?parent=756953"}],"wp:term":[{"taxonomy":"product_brand","embeddable":true,"href":"https:\/\/roveyayinevi.com.tr\/index.php\/wp-json\/wp\/v2\/product_brand?post=756953"},{"taxonomy":"product_cat","embeddable":true,"href":"https:\/\/roveyayinevi.com.tr\/index.php\/wp-json\/wp\/v2\/product_cat?post=756953"},{"taxonomy":"product_tag","embeddable":true,"href":"https:\/\/roveyayinevi.com.tr\/index.php\/wp-json\/wp\/v2\/product_tag?post=756953"}],"curies":[{"name":"wp","href":"https:\/\/api.w.org\/{rel}","templated":true}]}}